{"id":10117,"date":"2024-01-05T09:20:00","date_gmt":"2024-01-05T09:20:00","guid":{"rendered":"https:\/\/cleh.cl\/?post_type=product&#038;p=10117"},"modified":"2025-11-19T19:24:18","modified_gmt":"2025-11-19T19:24:18","slug":"juego-destornilladores-stanley-pro","status":"publish","type":"product","link":"https:\/\/cleh.cl\/en\/product\/juego-destornilladores-stanley-pro\/","title":{"rendered":"JUEGO DESTORNILLADORES STANLEY PRO"},"content":{"rendered":"<h1 style=\"text-align: center;\">JUEGO DESTORNILLADORES STANLEY PRO<\/h1>\n<p>Largo de barra de 4 pulgadas.<\/p>\n<p>Mangos c\u00f3modos resistentes a altos torques e impactos con medida claramente indicada.<\/p>\n<p>Barras en acero Cromo Vanadio, tratadas t\u00e9rmicamente y cromadas.<\/p>\n<p>Puntas magn\u00e9ticas y fosfatadas.<\/p>\n<p>Mangos PVC resistentes a solventes.<\/p>\n<p>Incluye: 4 destornilladores torx<\/p>\n<p>Puntas T15, T20, T25 y T30.<\/p>","protected":false},"excerpt":{"rendered":"<p>JUEGO DESTORNILLADORES STANLEY PRO Largo de barra de 4 pulgadas. Mangos c\u00f3modos resistentes a altos torques e impactos con medida claramente indicada. Barras en acero Cromo Vanadio, tratadas t\u00e9rmicamente y cromadas. Puntas magn\u00e9ticas y fosfatadas. Mangos PVC resistentes a solventes. Incluye: 4 destornilladores torx Puntas T15, T20, T25 y T30.<\/p>","protected":false},"featured_media":10118,"comment_status":"closed","ping_status":"closed","template":"","meta":{"om_disable_all_campaigns":false,"_monsterinsights_skip_tracking":false,"_monsterinsights_sitenote_active":false,"_monsterinsights_sitenote_note":"","_monsterinsights_sitenote_category":0},"product_brand":[],"product_cat":[67,35],"product_tag":[],"class_list":{"0":"post-10117","1":"product","2":"type-product","3":"status-publish","4":"has-post-thumbnail","6":"product_cat-destornilladores","7":"product_cat-herramientas","10":"instock","11":"shipping-taxable","12":"product-type-simple"},"aioseo_notices":[],"_links":{"self":[{"href":"https:\/\/cleh.cl\/en\/wp-json\/wp\/v2\/product\/10117","targetHints":{"allow":["GET"]}}],"collection":[{"href":"https:\/\/cleh.cl\/en\/wp-json\/wp\/v2\/product"}],"about":[{"href":"https:\/\/cleh.cl\/en\/wp-json\/wp\/v2\/types\/product"}],"replies":[{"embeddable":true,"href":"https:\/\/cleh.cl\/en\/wp-json\/wp\/v2\/comments?post=10117"}],"version-history":[{"count":1,"href":"https:\/\/cleh.cl\/en\/wp-json\/wp\/v2\/product\/10117\/revisions"}],"predecessor-version":[{"id":10119,"href":"https:\/\/cleh.cl\/en\/wp-json\/wp\/v2\/product\/10117\/revisions\/10119"}],"wp:featuredmedia":[{"embeddable":true,"href":"https:\/\/cleh.cl\/en\/wp-json\/wp\/v2\/media\/10118"}],"wp:attachment":[{"href":"https:\/\/cleh.cl\/en\/wp-json\/wp\/v2\/media?parent=10117"}],"wp:term":[{"taxonomy":"product_brand","embeddable":true,"href":"https:\/\/cleh.cl\/en\/wp-json\/wp\/v2\/product_brand?post=10117"},{"taxonomy":"product_cat","embeddable":true,"href":"https:\/\/cleh.cl\/en\/wp-json\/wp\/v2\/product_cat?post=10117"},{"taxonomy":"product_tag","embeddable":true,"href":"https:\/\/cleh.cl\/en\/wp-json\/wp\/v2\/product_tag?post=10117"}],"curies":[{"name":"wp","href":"https:\/\/api.w.org\/{rel}","templated":true}]}}