{"id":10120,"date":"2024-01-05T09:26:32","date_gmt":"2024-01-05T09:26:32","guid":{"rendered":"https:\/\/cleh.cl\/?post_type=product&#038;p=10120"},"modified":"2025-11-19T19:24:19","modified_gmt":"2025-11-19T19:24:19","slug":"cinta-metrica-stanley-5m","status":"publish","type":"product","link":"https:\/\/cleh.cl\/en\/product\/cinta-metrica-stanley-5m\/","title":{"rendered":"CINTA M\u00c9TRICA STANLEY 5M"},"content":{"rendered":"<h1 style=\"text-align: center;\">CINTA M\u00c9TRICA STANLEY 5M<\/h1>\n<p>El Metro X 5 Mts Stanley\u00a0 es una herramienta de alta calidad que no puede faltar en tu kit de trabajo. Con la reconocida marca Stanley, puedes estar seguro de que est\u00e1s adquiriendo un producto duradero y confiable. Con un peso de 2 kg, es ligero y f\u00e1cil de transportar, lo que lo convierte en el compa\u00f1ero ideal para tus proyectos. No pierdas la oportunidad de adquirir este Metro X 5 Mts Stanley Hoja Ancha y lleva tus tareas al siguiente nivel.<\/p>","protected":false},"excerpt":{"rendered":"<p>CINTA M\u00c9TRICA STANLEY 5M El Metro X 5 Mts Stanley\u00a0 es una herramienta de alta calidad que no puede faltar en tu kit de trabajo. Con la reconocida marca Stanley, puedes estar seguro de que est\u00e1s adquiriendo un producto duradero y confiable. Con un peso de 2 kg, es ligero y f\u00e1cil de transportar, lo &hellip; <a href=\"https:\/\/cleh.cl\/en\/product\/cinta-metrica-stanley-5m\/\" class=\"more-link\">Continue reading <span class=\"screen-reader-text\">CINTA M\u00c9TRICA STANLEY 5M<\/span><\/a><\/p>","protected":false},"featured_media":10121,"comment_status":"closed","ping_status":"closed","template":"","meta":{"om_disable_all_campaigns":false,"_monsterinsights_skip_tracking":false,"_monsterinsights_sitenote_active":false,"_monsterinsights_sitenote_note":"","_monsterinsights_sitenote_category":0},"product_brand":[],"product_cat":[106,35],"product_tag":[],"class_list":{"0":"post-10120","1":"product","2":"type-product","3":"status-publish","4":"has-post-thumbnail","6":"product_cat-cinta-metrica","7":"product_cat-herramientas","10":"instock","11":"shipping-taxable","12":"product-type-simple"},"aioseo_notices":[],"_links":{"self":[{"href":"https:\/\/cleh.cl\/en\/wp-json\/wp\/v2\/product\/10120","targetHints":{"allow":["GET"]}}],"collection":[{"href":"https:\/\/cleh.cl\/en\/wp-json\/wp\/v2\/product"}],"about":[{"href":"https:\/\/cleh.cl\/en\/wp-json\/wp\/v2\/types\/product"}],"replies":[{"embeddable":true,"href":"https:\/\/cleh.cl\/en\/wp-json\/wp\/v2\/comments?post=10120"}],"version-history":[{"count":1,"href":"https:\/\/cleh.cl\/en\/wp-json\/wp\/v2\/product\/10120\/revisions"}],"predecessor-version":[{"id":10122,"href":"https:\/\/cleh.cl\/en\/wp-json\/wp\/v2\/product\/10120\/revisions\/10122"}],"wp:featuredmedia":[{"embeddable":true,"href":"https:\/\/cleh.cl\/en\/wp-json\/wp\/v2\/media\/10121"}],"wp:attachment":[{"href":"https:\/\/cleh.cl\/en\/wp-json\/wp\/v2\/media?parent=10120"}],"wp:term":[{"taxonomy":"product_brand","embeddable":true,"href":"https:\/\/cleh.cl\/en\/wp-json\/wp\/v2\/product_brand?post=10120"},{"taxonomy":"product_cat","embeddable":true,"href":"https:\/\/cleh.cl\/en\/wp-json\/wp\/v2\/product_cat?post=10120"},{"taxonomy":"product_tag","embeddable":true,"href":"https:\/\/cleh.cl\/en\/wp-json\/wp\/v2\/product_tag?post=10120"}],"curies":[{"name":"wp","href":"https:\/\/api.w.org\/{rel}","templated":true}]}}