{"id":10136,"date":"2024-01-05T10:15:24","date_gmt":"2024-01-05T10:15:24","guid":{"rendered":"https:\/\/cleh.cl\/?post_type=product&#038;p=10136"},"modified":"2025-11-19T19:24:21","modified_gmt":"2025-11-19T19:24:21","slug":"juego-llaves-allen-force","status":"publish","type":"product","link":"https:\/\/cleh.cl\/en\/product\/juego-llaves-allen-force\/","title":{"rendered":"JUEGO LLAVES ALLEN FORCE"},"content":{"rendered":"<h1 style=\"text-align: center\">JUEGO LLAVES ALLEN FORCE<\/h1>\n<p style=\"text-align: center\">Juego de llaves Allen largas FORCE 9 Piezas son elementos \u00fatiles en tus trabajos de reparaci\u00f3n. Las llaves hexagonales o llaves Allen consisten en una barra de acero, normalmente al cromo vanadio, con forma hexagonal, utilizada para tornillos con cabeza hexagonal interior. El juego cuenta con una amplia gama de medidas m\u00e9tricas hexagonales (1.5MM, 2MM, 2.5MM, 3MM, 4MM, 5MM, 6MM, 8MM y 10MM), \u00fatiles para realizar distintas reparaciones y aplicaciones. FORCE es sin\u00f3nimo de calidad y eficiencia en herramientas automotrices e industriales en los cinco continentes. Todos los productos FORCE se manufacturan con los m\u00e1s altos est\u00e1ndares de calidad, garantiz\u00e1ndote un \u00f3ptimo rendimiento en tareas que requieran de herramientas que brinden durabilidad y alta resistencia.<\/p>","protected":false},"excerpt":{"rendered":"<p>Juego de llaves Allen largas FORCE 9 Piezas son elementos \u00fatiles en tus trabajos de reparaci\u00f3n. Las llaves hexagonales o llaves Allen consisten en una barra de acero, normalmente al cromo vanadio, con forma hexagonal, utilizada para tornillos con cabeza hexagonal interior<\/p>","protected":false},"featured_media":10137,"comment_status":"closed","ping_status":"closed","template":"","meta":{"om_disable_all_campaigns":false,"_monsterinsights_skip_tracking":false,"_monsterinsights_sitenote_active":false,"_monsterinsights_sitenote_note":"","_monsterinsights_sitenote_category":0},"product_brand":[],"product_cat":[35,108],"product_tag":[],"class_list":{"0":"post-10136","1":"product","2":"type-product","3":"status-publish","4":"has-post-thumbnail","6":"product_cat-herramientas","7":"product_cat-llaves","10":"instock","11":"shipping-taxable","12":"product-type-simple"},"aioseo_notices":[],"_links":{"self":[{"href":"https:\/\/cleh.cl\/en\/wp-json\/wp\/v2\/product\/10136","targetHints":{"allow":["GET"]}}],"collection":[{"href":"https:\/\/cleh.cl\/en\/wp-json\/wp\/v2\/product"}],"about":[{"href":"https:\/\/cleh.cl\/en\/wp-json\/wp\/v2\/types\/product"}],"replies":[{"embeddable":true,"href":"https:\/\/cleh.cl\/en\/wp-json\/wp\/v2\/comments?post=10136"}],"version-history":[{"count":1,"href":"https:\/\/cleh.cl\/en\/wp-json\/wp\/v2\/product\/10136\/revisions"}],"predecessor-version":[{"id":10138,"href":"https:\/\/cleh.cl\/en\/wp-json\/wp\/v2\/product\/10136\/revisions\/10138"}],"wp:featuredmedia":[{"embeddable":true,"href":"https:\/\/cleh.cl\/en\/wp-json\/wp\/v2\/media\/10137"}],"wp:attachment":[{"href":"https:\/\/cleh.cl\/en\/wp-json\/wp\/v2\/media?parent=10136"}],"wp:term":[{"taxonomy":"product_brand","embeddable":true,"href":"https:\/\/cleh.cl\/en\/wp-json\/wp\/v2\/product_brand?post=10136"},{"taxonomy":"product_cat","embeddable":true,"href":"https:\/\/cleh.cl\/en\/wp-json\/wp\/v2\/product_cat?post=10136"},{"taxonomy":"product_tag","embeddable":true,"href":"https:\/\/cleh.cl\/en\/wp-json\/wp\/v2\/product_tag?post=10136"}],"curies":[{"name":"wp","href":"https:\/\/api.w.org\/{rel}","templated":true}]}}