{"id":10205,"date":"2024-01-05T15:28:27","date_gmt":"2024-01-05T15:28:27","guid":{"rendered":"https:\/\/cleh.cl\/?post_type=product&#038;p=10205"},"modified":"2025-11-19T19:24:31","modified_gmt":"2025-11-19T19:24:31","slug":"calzado-seguridad-mujer-newton-ridge-plus-mujer","status":"publish","type":"product","link":"https:\/\/cleh.cl\/en\/product\/calzado-seguridad-mujer-newton-ridge-plus-mujer\/","title":{"rendered":"Botin seguridad mujer Newton Ridge Plus Mujer"},"content":{"rendered":"<h1 style=\"text-align: center;\">Botin seguridad mujer Newton Ridge Plus Mujer<\/h1>\n<p style=\"text-align: center;\">La amortiguaci\u00f3n receptiva y de apoyo y las suelas de goma de gran agarre est\u00e1n dise\u00f1adas para millas sobre rocas, c\u00e9sped, grava y ra\u00edces. Tejido de malla transpirable, parte superior de cuero. Construcci\u00f3n de bot\u00edn de membrana impermeable y transpirable Omni-Tech \u2122 con costuras selladasHerrajes de metalEntresuela ligera Techlite \u2122 para una comodidad duradera, una amortiguaci\u00f3n superior y un alto retorno de energ\u00eda.Goma de tracci\u00f3n Omni-Grip \u2122 que no deja marcas.<\/p>","protected":false},"excerpt":{"rendered":"<p>Construcci\u00f3n de bot\u00edn de membrana impermeable y transpirable Omni-Tech \u2122 con costuras selladasHerrajes de metalEntresuela ligera Techlite \u2122 para una comodidad duradera, una amortiguaci\u00f3n superior y un alto retorno de energ\u00eda.Goma de tracci\u00f3n Omni-Grip \u2122 que no deja marcas<\/p>","protected":false},"featured_media":10206,"comment_status":"closed","ping_status":"closed","template":"","meta":{"om_disable_all_campaigns":false,"_monsterinsights_skip_tracking":false,"_monsterinsights_sitenote_active":false,"_monsterinsights_sitenote_note":"","_monsterinsights_sitenote_category":0},"product_brand":[],"product_cat":[42,88],"product_tag":[89],"class_list":{"0":"post-10205","1":"product","2":"type-product","3":"status-publish","4":"has-post-thumbnail","6":"product_cat-epp","7":"product_cat-zapatos-seguridad","8":"product_tag-calzado-seguridad","9":"pa_talla-90","10":"pa_talla-92","11":"pa_talla-96","12":"pa_talla-97","15":"instock","16":"shipping-taxable","17":"product-type-simple"},"aioseo_notices":[],"_links":{"self":[{"href":"https:\/\/cleh.cl\/en\/wp-json\/wp\/v2\/product\/10205","targetHints":{"allow":["GET"]}}],"collection":[{"href":"https:\/\/cleh.cl\/en\/wp-json\/wp\/v2\/product"}],"about":[{"href":"https:\/\/cleh.cl\/en\/wp-json\/wp\/v2\/types\/product"}],"replies":[{"embeddable":true,"href":"https:\/\/cleh.cl\/en\/wp-json\/wp\/v2\/comments?post=10205"}],"version-history":[{"count":1,"href":"https:\/\/cleh.cl\/en\/wp-json\/wp\/v2\/product\/10205\/revisions"}],"predecessor-version":[{"id":10207,"href":"https:\/\/cleh.cl\/en\/wp-json\/wp\/v2\/product\/10205\/revisions\/10207"}],"wp:featuredmedia":[{"embeddable":true,"href":"https:\/\/cleh.cl\/en\/wp-json\/wp\/v2\/media\/10206"}],"wp:attachment":[{"href":"https:\/\/cleh.cl\/en\/wp-json\/wp\/v2\/media?parent=10205"}],"wp:term":[{"taxonomy":"product_brand","embeddable":true,"href":"https:\/\/cleh.cl\/en\/wp-json\/wp\/v2\/product_brand?post=10205"},{"taxonomy":"product_cat","embeddable":true,"href":"https:\/\/cleh.cl\/en\/wp-json\/wp\/v2\/product_cat?post=10205"},{"taxonomy":"product_tag","embeddable":true,"href":"https:\/\/cleh.cl\/en\/wp-json\/wp\/v2\/product_tag?post=10205"}],"curies":[{"name":"wp","href":"https:\/\/api.w.org\/{rel}","templated":true}]}}