{"id":10241,"date":"2024-01-08T08:37:07","date_gmt":"2024-01-08T08:37:07","guid":{"rendered":"https:\/\/cleh.cl\/?post_type=product&#038;p=10241"},"modified":"2025-11-19T19:24:32","modified_gmt":"2025-11-19T19:24:32","slug":"tapon-auditivo-steelpro-ep-t06c","status":"publish","type":"product","link":"https:\/\/cleh.cl\/en\/product\/tapon-auditivo-steelpro-ep-t06c\/","title":{"rendered":"TAP\u00d3N AUDITIVO STEELPRO EP-T06C"},"content":{"rendered":"<h1 style=\"text-align: center\">TAP\u00d3N AUDITIVO STEELPRO EP-T06C<\/h1>\n<table class=\"group Caracteristicas\" cellspacing=\"0\">\n<tbody>\n<tr class=\"even\">\n<td class=\"value-field Especificaciones\">\n<p style=\"text-align: center\">El tap\u00f3n auditivo TPR EP-T06C es un protector auditivo premoldeado y reutilizable dise\u00f1ado para brindar protecci\u00f3n en entornos ruidosos. Viene en un pr\u00e1ctico empaque de bolsa que contiene 100 pares de tapones auditivos.\u00a0Los tapones auditivos TPR EP-T06C est\u00e1n fabricados con material de TPR (Termopl\u00e1stico de Caucho) de alta calidad, lo que los hace c\u00f3modos de usar y duraderos. Su dise\u00f1o premoldeado permite un ajuste adecuado en el canal auditivo, brindando una buena atenuaci\u00f3n del ruido.\u00a0Estos tapones auditivos tienen un color verde, lo que facilita su identificaci\u00f3n visual. Esto puede ser \u00fatil tanto para los usuarios como para los supervisores o compa\u00f1eros de trabajo, ya que pueden ver r\u00e1pidamente si alguien est\u00e1 utilizando los tapones auditivos correctamente.\u00a0El tap\u00f3n auditivo TPR EP-T06C tiene una clasificaci\u00f3n de atenuaci\u00f3n del ruido, conocida como SNR (Single Number Rating), de 27 dB. Esto significa que puede reducir el nivel de ruido en promedio en 27 decibelios, brindando una protecci\u00f3n efectiva para los o\u00eddos en entornos ruidosos.\u00a0La reutilizabilidad de estos tapones auditivos los hace una opci\u00f3n econ\u00f3mica y conveniente. Despu\u00e9s de su uso, se pueden limpiar y guardar en la bolsa para su pr\u00f3ximo uso.<\/p>\n<\/td>\n<\/tr>\n<\/tbody>\n<\/table>","protected":false},"excerpt":{"rendered":"<p>El tap\u00f3n auditivo TPR EP-T06C es un protector auditivo premoldeado y reutilizable dise\u00f1ado para brindar protecci\u00f3n en entornos ruidosos. Viene en un pr\u00e1ctico empaque de bolsa que contiene 100 pares de tapones auditivos.\u00a0Los tapones auditivos TPR EP-T06C est\u00e1n fabricados con material de TPR (Termopl\u00e1stico de Caucho) de alta calidad, lo que los hace c\u00f3modos de usar y duraderos. Su dise\u00f1o premoldeado permite un ajuste adecuado en el canal auditivo, brindando una buena atenuaci\u00f3n del ruido.<\/p>","protected":false},"featured_media":10242,"comment_status":"closed","ping_status":"closed","template":"","meta":{"om_disable_all_campaigns":false,"_monsterinsights_skip_tracking":false,"_monsterinsights_sitenote_active":false,"_monsterinsights_sitenote_note":"","_monsterinsights_sitenote_category":0},"product_brand":[],"product_cat":[42,112],"product_tag":[],"class_list":{"0":"post-10241","1":"product","2":"type-product","3":"status-publish","4":"has-post-thumbnail","6":"product_cat-epp","7":"product_cat-tapones-auditivos","10":"instock","11":"shipping-taxable","12":"product-type-simple"},"aioseo_notices":[],"_links":{"self":[{"href":"https:\/\/cleh.cl\/en\/wp-json\/wp\/v2\/product\/10241","targetHints":{"allow":["GET"]}}],"collection":[{"href":"https:\/\/cleh.cl\/en\/wp-json\/wp\/v2\/product"}],"about":[{"href":"https:\/\/cleh.cl\/en\/wp-json\/wp\/v2\/types\/product"}],"replies":[{"embeddable":true,"href":"https:\/\/cleh.cl\/en\/wp-json\/wp\/v2\/comments?post=10241"}],"version-history":[{"count":1,"href":"https:\/\/cleh.cl\/en\/wp-json\/wp\/v2\/product\/10241\/revisions"}],"predecessor-version":[{"id":10243,"href":"https:\/\/cleh.cl\/en\/wp-json\/wp\/v2\/product\/10241\/revisions\/10243"}],"wp:featuredmedia":[{"embeddable":true,"href":"https:\/\/cleh.cl\/en\/wp-json\/wp\/v2\/media\/10242"}],"wp:attachment":[{"href":"https:\/\/cleh.cl\/en\/wp-json\/wp\/v2\/media?parent=10241"}],"wp:term":[{"taxonomy":"product_brand","embeddable":true,"href":"https:\/\/cleh.cl\/en\/wp-json\/wp\/v2\/product_brand?post=10241"},{"taxonomy":"product_cat","embeddable":true,"href":"https:\/\/cleh.cl\/en\/wp-json\/wp\/v2\/product_cat?post=10241"},{"taxonomy":"product_tag","embeddable":true,"href":"https:\/\/cleh.cl\/en\/wp-json\/wp\/v2\/product_tag?post=10241"}],"curies":[{"name":"wp","href":"https:\/\/api.w.org\/{rel}","templated":true}]}}