{"id":10244,"date":"2024-01-08T08:41:17","date_gmt":"2024-01-08T08:41:17","guid":{"rendered":"https:\/\/cleh.cl\/?post_type=product&#038;p=10244"},"modified":"2025-11-19T19:24:32","modified_gmt":"2025-11-19T19:24:32","slug":"tapon-auditivo-con-caja-tpr-steelpro","status":"publish","type":"product","link":"https:\/\/cleh.cl\/en\/product\/tapon-auditivo-con-caja-tpr-steelpro\/","title":{"rendered":"TAP\u00d3N AUDITIVO CON CAJA TPR STEELPRO"},"content":{"rendered":"<h1 style=\"text-align: center\">TAP\u00d3N AUDITIVO CON CAJA TPR STEELPRO<\/h1>\n<table class=\"group Caracteristicas\" cellspacing=\"0\">\n<tbody>\n<tr class=\"even\">\n<td class=\"value-field Especificaciones\">\n<p style=\"text-align: center\">El tap\u00f3n auditivo TPR verde en caja es un protector auditivo dise\u00f1ado para proporcionar una barrera efectiva contra el ruido en entornos ruidosos. Este tap\u00f3n auditivo est\u00e1 fabricado con material de TPR (Termopl\u00e1stico de Caucho) de alta calidad.\u00a0Una de las ventajas de este tap\u00f3n auditivo es que no requiere enjuague. Esto significa que no es necesario lavarlos despu\u00e9s de su uso. Simplemente se pueden quitar y guardar en la caja cuando ya no sean necesarios.\u00a0El tap\u00f3n auditivo TPR verde en caja ofrece una protecci\u00f3n confiable y c\u00f3moda para los o\u00eddos. El material de TPR es suave y flexible, lo que facilita su inserci\u00f3n en el canal auditivo y proporciona un sellado adecuado para reducir el nivel de ruido.\u00a0Al ser de color verde, estos tapones auditivos son f\u00e1cilmente reconocibles visualmente, lo que facilita su identificaci\u00f3n y uso correcto tanto para los usuarios como para los dem\u00e1s en el entorno laboral.<\/p>\n<\/td>\n<\/tr>\n<\/tbody>\n<\/table>","protected":false},"excerpt":{"rendered":"<p>El tap\u00f3n auditivo TPR verde en caja es un protector auditivo dise\u00f1ado para proporcionar una barrera efectiva contra el ruido en entornos ruidosos. Este tap\u00f3n auditivo est\u00e1 fabricado con material de TPR (Termopl\u00e1stico de Caucho) de alta calidad.\u00a0Una de las ventajas de este tap\u00f3n auditivo es que no requiere enjuague.<\/p>","protected":false},"featured_media":10245,"comment_status":"closed","ping_status":"closed","template":"","meta":{"om_disable_all_campaigns":false,"_monsterinsights_skip_tracking":false,"_monsterinsights_sitenote_active":false,"_monsterinsights_sitenote_note":"","_monsterinsights_sitenote_category":0},"product_brand":[],"product_cat":[42,112],"product_tag":[],"class_list":{"0":"post-10244","1":"product","2":"type-product","3":"status-publish","4":"has-post-thumbnail","6":"product_cat-epp","7":"product_cat-tapones-auditivos","10":"instock","11":"shipping-taxable","12":"product-type-simple"},"aioseo_notices":[],"_links":{"self":[{"href":"https:\/\/cleh.cl\/en\/wp-json\/wp\/v2\/product\/10244","targetHints":{"allow":["GET"]}}],"collection":[{"href":"https:\/\/cleh.cl\/en\/wp-json\/wp\/v2\/product"}],"about":[{"href":"https:\/\/cleh.cl\/en\/wp-json\/wp\/v2\/types\/product"}],"replies":[{"embeddable":true,"href":"https:\/\/cleh.cl\/en\/wp-json\/wp\/v2\/comments?post=10244"}],"version-history":[{"count":1,"href":"https:\/\/cleh.cl\/en\/wp-json\/wp\/v2\/product\/10244\/revisions"}],"predecessor-version":[{"id":10246,"href":"https:\/\/cleh.cl\/en\/wp-json\/wp\/v2\/product\/10244\/revisions\/10246"}],"wp:featuredmedia":[{"embeddable":true,"href":"https:\/\/cleh.cl\/en\/wp-json\/wp\/v2\/media\/10245"}],"wp:attachment":[{"href":"https:\/\/cleh.cl\/en\/wp-json\/wp\/v2\/media?parent=10244"}],"wp:term":[{"taxonomy":"product_brand","embeddable":true,"href":"https:\/\/cleh.cl\/en\/wp-json\/wp\/v2\/product_brand?post=10244"},{"taxonomy":"product_cat","embeddable":true,"href":"https:\/\/cleh.cl\/en\/wp-json\/wp\/v2\/product_cat?post=10244"},{"taxonomy":"product_tag","embeddable":true,"href":"https:\/\/cleh.cl\/en\/wp-json\/wp\/v2\/product_tag?post=10244"}],"curies":[{"name":"wp","href":"https:\/\/api.w.org\/{rel}","templated":true}]}}