{"id":10247,"date":"2024-01-08T08:47:42","date_gmt":"2024-01-08T08:47:42","guid":{"rendered":"https:\/\/cleh.cl\/?post_type=product&#038;p=10247"},"modified":"2025-11-19T19:24:33","modified_gmt":"2025-11-19T19:24:33","slug":"protector-solar-fps50-uvx","status":"publish","type":"product","link":"https:\/\/cleh.cl\/en\/product\/protector-solar-fps50-uvx\/","title":{"rendered":"PROTECTOR SOLAR FPS50+ UVX"},"content":{"rendered":"<h1 style=\"text-align: center\">PROTECTOR SOLAR FPS50+ UVX<\/h1>\n<p style=\"text-align: center\">Crema Protecci\u00f3n Solar: Posee filtro UVA\/UVB 50+.<\/p>\n<p style=\"text-align: center\">Resistente al agua y sudor.<\/p>\n<p style=\"text-align: center\">M\u00e1xima Protecci\u00f3n Producto especialmente dise\u00f1ado para trabajadores expuestos a la radiaci\u00f3n solar durante su jornada laboral.<\/p>\n<p style=\"text-align: center\">CERTIFICADO &amp; REGISTRADO EN EL ISP.<\/p>\n<p>&nbsp;<\/p>","protected":false},"excerpt":{"rendered":"<p style=\"text-align: center\">Crema Protecci\u00f3n Solar: Posee filtro UVA\/UVB 50+.<\/p>\n<p style=\"text-align: center\">Resistente al agua y sudor.<\/p>\n<p style=\"text-align: center\">M\u00e1xima Protecci\u00f3n Producto especialmente dise\u00f1ado para trabajadores expuestos a la radiaci\u00f3n solar durante su jornada laboral.<\/p>","protected":false},"featured_media":10248,"comment_status":"closed","ping_status":"closed","template":"","meta":{"om_disable_all_campaigns":false,"_monsterinsights_skip_tracking":false,"_monsterinsights_sitenote_active":false,"_monsterinsights_sitenote_note":"","_monsterinsights_sitenote_category":0},"product_brand":[],"product_cat":[42,113],"product_tag":[],"class_list":{"0":"post-10247","1":"product","2":"type-product","3":"status-publish","4":"has-post-thumbnail","6":"product_cat-epp","7":"product_cat-proteccion-solar","10":"instock","11":"shipping-taxable","12":"product-type-simple"},"aioseo_notices":[],"_links":{"self":[{"href":"https:\/\/cleh.cl\/en\/wp-json\/wp\/v2\/product\/10247","targetHints":{"allow":["GET"]}}],"collection":[{"href":"https:\/\/cleh.cl\/en\/wp-json\/wp\/v2\/product"}],"about":[{"href":"https:\/\/cleh.cl\/en\/wp-json\/wp\/v2\/types\/product"}],"replies":[{"embeddable":true,"href":"https:\/\/cleh.cl\/en\/wp-json\/wp\/v2\/comments?post=10247"}],"version-history":[{"count":1,"href":"https:\/\/cleh.cl\/en\/wp-json\/wp\/v2\/product\/10247\/revisions"}],"predecessor-version":[{"id":10249,"href":"https:\/\/cleh.cl\/en\/wp-json\/wp\/v2\/product\/10247\/revisions\/10249"}],"wp:featuredmedia":[{"embeddable":true,"href":"https:\/\/cleh.cl\/en\/wp-json\/wp\/v2\/media\/10248"}],"wp:attachment":[{"href":"https:\/\/cleh.cl\/en\/wp-json\/wp\/v2\/media?parent=10247"}],"wp:term":[{"taxonomy":"product_brand","embeddable":true,"href":"https:\/\/cleh.cl\/en\/wp-json\/wp\/v2\/product_brand?post=10247"},{"taxonomy":"product_cat","embeddable":true,"href":"https:\/\/cleh.cl\/en\/wp-json\/wp\/v2\/product_cat?post=10247"},{"taxonomy":"product_tag","embeddable":true,"href":"https:\/\/cleh.cl\/en\/wp-json\/wp\/v2\/product_tag?post=10247"}],"curies":[{"name":"wp","href":"https:\/\/api.w.org\/{rel}","templated":true}]}}