{"id":10253,"date":"2024-01-08T09:12:09","date_gmt":"2024-01-08T09:12:09","guid":{"rendered":"https:\/\/cleh.cl\/?post_type=product&#038;p=10253"},"modified":"2025-11-19T19:24:34","modified_gmt":"2025-11-19T19:24:34","slug":"protector-auditivo-samurai-casco-steelpro","status":"publish","type":"product","link":"https:\/\/cleh.cl\/en\/product\/protector-auditivo-samurai-casco-steelpro\/","title":{"rendered":"PROTECTOR AUDITIVO SAMURAI CASCO STEELPRO"},"content":{"rendered":"<h1 style=\"text-align: center\">PROTECTOR AUDITIVO SAMURAI CASCO STEELPRO<\/h1>\n<p style=\"text-align: center\">La l\u00ednea de protectores auditivos Steelpro modelo Samurai adosable a casco esta dise\u00f1ada para proteger contra los riesgos diarios producidos por el ruido de manera de evitar perdidas de audici\u00f3n.<br \/>\nEl Modelo SAMURAI es la combinaci\u00f3n perfecta de comodidad y rendimiento.<br \/>\nPosee el suficiente espacio para generar el acople a todo tipo de orejas, sea cual fuere su tama\u00f1o.<\/p>\n<p style=\"text-align: center\"><strong>Usos sugeridos<\/strong><br \/>\nAeropuertos, miner\u00eda, industria pesquera, cuarto de maquinas, etc.<\/p>","protected":false},"excerpt":{"rendered":"<p>La l\u00ednea de protectores auditivos Steelpro modelo Samurai adosable a casco esta dise\u00f1ada para proteger contra los riesgos diarios producidos por el ruido de manera de evitar perdidas de audici\u00f3n.<br \/>\nEl Modelo SAMURAI es la combinaci\u00f3n perfecta de comodidad y rendimiento.<br \/>\nPosee el suficiente espacio para generar el acople a todo tipo de orejas, sea cual fuere su tama\u00f1o.<\/p>","protected":false},"featured_media":10254,"comment_status":"closed","ping_status":"closed","template":"","meta":{"om_disable_all_campaigns":false,"_monsterinsights_skip_tracking":false,"_monsterinsights_sitenote_active":false,"_monsterinsights_sitenote_note":"","_monsterinsights_sitenote_category":0},"product_brand":[],"product_cat":[42,112],"product_tag":[],"class_list":{"0":"post-10253","1":"product","2":"type-product","3":"status-publish","4":"has-post-thumbnail","6":"product_cat-epp","7":"product_cat-tapones-auditivos","10":"instock","11":"shipping-taxable","12":"product-type-simple"},"aioseo_notices":[],"_links":{"self":[{"href":"https:\/\/cleh.cl\/en\/wp-json\/wp\/v2\/product\/10253","targetHints":{"allow":["GET"]}}],"collection":[{"href":"https:\/\/cleh.cl\/en\/wp-json\/wp\/v2\/product"}],"about":[{"href":"https:\/\/cleh.cl\/en\/wp-json\/wp\/v2\/types\/product"}],"replies":[{"embeddable":true,"href":"https:\/\/cleh.cl\/en\/wp-json\/wp\/v2\/comments?post=10253"}],"version-history":[{"count":1,"href":"https:\/\/cleh.cl\/en\/wp-json\/wp\/v2\/product\/10253\/revisions"}],"predecessor-version":[{"id":10255,"href":"https:\/\/cleh.cl\/en\/wp-json\/wp\/v2\/product\/10253\/revisions\/10255"}],"wp:featuredmedia":[{"embeddable":true,"href":"https:\/\/cleh.cl\/en\/wp-json\/wp\/v2\/media\/10254"}],"wp:attachment":[{"href":"https:\/\/cleh.cl\/en\/wp-json\/wp\/v2\/media?parent=10253"}],"wp:term":[{"taxonomy":"product_brand","embeddable":true,"href":"https:\/\/cleh.cl\/en\/wp-json\/wp\/v2\/product_brand?post=10253"},{"taxonomy":"product_cat","embeddable":true,"href":"https:\/\/cleh.cl\/en\/wp-json\/wp\/v2\/product_cat?post=10253"},{"taxonomy":"product_tag","embeddable":true,"href":"https:\/\/cleh.cl\/en\/wp-json\/wp\/v2\/product_tag?post=10253"}],"curies":[{"name":"wp","href":"https:\/\/api.w.org\/{rel}","templated":true}]}}