{"id":10345,"date":"2024-01-08T12:00:21","date_gmt":"2024-01-08T12:00:21","guid":{"rendered":"https:\/\/cleh.cl\/?post_type=product&#038;p=10345"},"modified":"2025-11-19T19:24:40","modified_gmt":"2025-11-19T19:24:40","slug":"desenrule-plastico","status":"publish","type":"product","link":"https:\/\/cleh.cl\/en\/product\/desenrule-plastico\/","title":{"rendered":"DESENRULE PL\u00c1STICO"},"content":{"rendered":"<h1 style=\"text-align: center\">DESENRULE PL\u00c1STICO<\/h1>\n<p style=\"text-align: center\">Estas herramientas de envoltura de alambre de mano est\u00e1n cuidadosamente dise\u00f1adas para producir conexiones envolventes de alambre perfectas. Herramientas de precisi\u00f3n y larga duraci\u00f3n para usar cuando se requieren envolturas ocasionales o donde las herramientas de envoltura de cables el\u00e9ctricos no son pr\u00e1cticas. Compacto y pr\u00e1ctico.<\/p>","protected":false},"excerpt":{"rendered":"<p>Estas herramientas de envoltura de alambre de mano est\u00e1n cuidadosamente dise\u00f1adas para producir conexiones envolventes de alambre perfectas. Herramientas de precisi\u00f3n y larga duraci\u00f3n para usar cuando se requieren envolturas ocasionales o donde las herramientas de envoltura de cables el\u00e9ctricos no son pr\u00e1cticas. Compacto y pr\u00e1ctico.<\/p>","protected":false},"featured_media":10346,"comment_status":"closed","ping_status":"closed","template":"","meta":{"om_disable_all_campaigns":false,"_monsterinsights_skip_tracking":false,"_monsterinsights_sitenote_active":false,"_monsterinsights_sitenote_note":"","_monsterinsights_sitenote_category":0},"product_brand":[],"product_cat":[67,35],"product_tag":[],"class_list":{"0":"post-10345","1":"product","2":"type-product","3":"status-publish","4":"has-post-thumbnail","6":"product_cat-destornilladores","7":"product_cat-herramientas","10":"instock","11":"shipping-taxable","12":"product-type-simple"},"aioseo_notices":[],"_links":{"self":[{"href":"https:\/\/cleh.cl\/en\/wp-json\/wp\/v2\/product\/10345","targetHints":{"allow":["GET"]}}],"collection":[{"href":"https:\/\/cleh.cl\/en\/wp-json\/wp\/v2\/product"}],"about":[{"href":"https:\/\/cleh.cl\/en\/wp-json\/wp\/v2\/types\/product"}],"replies":[{"embeddable":true,"href":"https:\/\/cleh.cl\/en\/wp-json\/wp\/v2\/comments?post=10345"}],"version-history":[{"count":1,"href":"https:\/\/cleh.cl\/en\/wp-json\/wp\/v2\/product\/10345\/revisions"}],"predecessor-version":[{"id":10347,"href":"https:\/\/cleh.cl\/en\/wp-json\/wp\/v2\/product\/10345\/revisions\/10347"}],"wp:featuredmedia":[{"embeddable":true,"href":"https:\/\/cleh.cl\/en\/wp-json\/wp\/v2\/media\/10346"}],"wp:attachment":[{"href":"https:\/\/cleh.cl\/en\/wp-json\/wp\/v2\/media?parent=10345"}],"wp:term":[{"taxonomy":"product_brand","embeddable":true,"href":"https:\/\/cleh.cl\/en\/wp-json\/wp\/v2\/product_brand?post=10345"},{"taxonomy":"product_cat","embeddable":true,"href":"https:\/\/cleh.cl\/en\/wp-json\/wp\/v2\/product_cat?post=10345"},{"taxonomy":"product_tag","embeddable":true,"href":"https:\/\/cleh.cl\/en\/wp-json\/wp\/v2\/product_tag?post=10345"}],"curies":[{"name":"wp","href":"https:\/\/api.w.org\/{rel}","templated":true}]}}