{"id":10351,"date":"2024-01-08T12:09:44","date_gmt":"2024-01-08T12:09:44","guid":{"rendered":"https:\/\/cleh.cl\/?post_type=product&#038;p=10351"},"modified":"2025-11-19T19:24:41","modified_gmt":"2025-11-19T19:24:41","slug":"tapon-de-oido-deltaplus-conicos","status":"publish","type":"product","link":"https:\/\/cleh.cl\/en\/product\/tapon-de-oido-deltaplus-conicos\/","title":{"rendered":"TAP\u00d3N DE O\u00cdDO DELTAPLUS C\u00d3NICOS"},"content":{"rendered":"<h1 style=\"text-align: center\">TAP\u00d3N DE O\u00cdDO DELTAPLUS C\u00d3NICOS<\/h1>\n<section class=\"blocContenu blocContenu-first\">\n<div style=\"text-align: center\">tapones auditivos, con cord\u00f3n de pl\u00e1stico, de espuma de poliuretano de uso \u00fanico.<\/div>\n<div style=\"text-align: center\">Saquito de pl\u00e1stico individual de 2 tapones.<\/div>\n<\/section>\n<section class=\"blocContenu\">\n<div style=\"text-align: center\">Espuma de poliuretano.<\/div>\n<\/section>","protected":false},"excerpt":{"rendered":"<section class=\"blocContenu blocContenu-first\">\n<div>tapones auditivos, con cord\u00f3n de pl\u00e1stico, de espuma de poliuretano de uso \u00fanico.<\/div>\n<div>Saquito de pl\u00e1stico individual de 2 tapones.<\/div>\n<\/section>\n<section class=\"blocContenu\">\n<div>Espuma de poliuretano.<\/div>\n<\/section>","protected":false},"featured_media":10352,"comment_status":"closed","ping_status":"closed","template":"","meta":{"om_disable_all_campaigns":false,"_monsterinsights_skip_tracking":false,"_monsterinsights_sitenote_active":false,"_monsterinsights_sitenote_note":"","_monsterinsights_sitenote_category":0},"product_brand":[],"product_cat":[42,112],"product_tag":[],"class_list":{"0":"post-10351","1":"product","2":"type-product","3":"status-publish","4":"has-post-thumbnail","6":"product_cat-epp","7":"product_cat-tapones-auditivos","10":"instock","11":"shipping-taxable","12":"product-type-simple"},"aioseo_notices":[],"_links":{"self":[{"href":"https:\/\/cleh.cl\/en\/wp-json\/wp\/v2\/product\/10351","targetHints":{"allow":["GET"]}}],"collection":[{"href":"https:\/\/cleh.cl\/en\/wp-json\/wp\/v2\/product"}],"about":[{"href":"https:\/\/cleh.cl\/en\/wp-json\/wp\/v2\/types\/product"}],"replies":[{"embeddable":true,"href":"https:\/\/cleh.cl\/en\/wp-json\/wp\/v2\/comments?post=10351"}],"version-history":[{"count":1,"href":"https:\/\/cleh.cl\/en\/wp-json\/wp\/v2\/product\/10351\/revisions"}],"predecessor-version":[{"id":10353,"href":"https:\/\/cleh.cl\/en\/wp-json\/wp\/v2\/product\/10351\/revisions\/10353"}],"wp:featuredmedia":[{"embeddable":true,"href":"https:\/\/cleh.cl\/en\/wp-json\/wp\/v2\/media\/10352"}],"wp:attachment":[{"href":"https:\/\/cleh.cl\/en\/wp-json\/wp\/v2\/media?parent=10351"}],"wp:term":[{"taxonomy":"product_brand","embeddable":true,"href":"https:\/\/cleh.cl\/en\/wp-json\/wp\/v2\/product_brand?post=10351"},{"taxonomy":"product_cat","embeddable":true,"href":"https:\/\/cleh.cl\/en\/wp-json\/wp\/v2\/product_cat?post=10351"},{"taxonomy":"product_tag","embeddable":true,"href":"https:\/\/cleh.cl\/en\/wp-json\/wp\/v2\/product_tag?post=10351"}],"curies":[{"name":"wp","href":"https:\/\/api.w.org\/{rel}","templated":true}]}}