{"id":10354,"date":"2024-01-08T12:13:48","date_gmt":"2024-01-08T12:13:48","guid":{"rendered":"https:\/\/cleh.cl\/?post_type=product&#038;p=10354"},"modified":"2025-11-19T19:24:42","modified_gmt":"2025-11-19T19:24:42","slug":"filtro-de-particulas-f400rp3r-steel-pro","status":"publish","type":"product","link":"https:\/\/cleh.cl\/en\/product\/filtro-de-particulas-f400rp3r-steel-pro\/","title":{"rendered":"FILTRO DE PART\u00cdCULAS F400Rp3R STEEL PRO"},"content":{"rendered":"<h1 style=\"text-align: center\">FILTRO DE PART\u00cdCULAS F400Rp3R STEEL PRO<\/h1>\n<p style=\"text-align: center\">El filtro Ergonic F400R P3 R es un componente de protecci\u00f3n dise\u00f1ado para filtrar part\u00edculas en el ambiente. Este filtro proporciona una protecci\u00f3n eficaz contra aerosoles s\u00f3lidos y\/o l\u00edquidos indicados como t\u00f3xicos. La clasificaci\u00f3n P3 indica que el filtro tiene una alta eficiencia de filtraci\u00f3n y es capaz<\/p>","protected":false},"excerpt":{"rendered":"<p>El filtro Ergonic F400R P3 R es un componente de protecci\u00f3n dise\u00f1ado para filtrar part\u00edculas en el ambiente. Este filtro proporciona una protecci\u00f3n eficaz contra aerosoles s\u00f3lidos y\/o l\u00edquidos indicados como t\u00f3xicos. La clasificaci\u00f3n P3 indica que el filtro tiene una alta eficiencia de filtraci\u00f3n y es capaz<\/p>","protected":false},"featured_media":10355,"comment_status":"closed","ping_status":"closed","template":"","meta":{"om_disable_all_campaigns":false,"_monsterinsights_skip_tracking":false,"_monsterinsights_sitenote_active":false,"_monsterinsights_sitenote_note":"","_monsterinsights_sitenote_category":0},"product_brand":[],"product_cat":[42,84],"product_tag":[],"class_list":{"0":"post-10354","1":"product","2":"type-product","3":"status-publish","4":"has-post-thumbnail","6":"product_cat-epp","7":"product_cat-filtros","10":"instock","11":"shipping-taxable","12":"product-type-simple"},"aioseo_notices":[],"_links":{"self":[{"href":"https:\/\/cleh.cl\/en\/wp-json\/wp\/v2\/product\/10354","targetHints":{"allow":["GET"]}}],"collection":[{"href":"https:\/\/cleh.cl\/en\/wp-json\/wp\/v2\/product"}],"about":[{"href":"https:\/\/cleh.cl\/en\/wp-json\/wp\/v2\/types\/product"}],"replies":[{"embeddable":true,"href":"https:\/\/cleh.cl\/en\/wp-json\/wp\/v2\/comments?post=10354"}],"version-history":[{"count":1,"href":"https:\/\/cleh.cl\/en\/wp-json\/wp\/v2\/product\/10354\/revisions"}],"predecessor-version":[{"id":10356,"href":"https:\/\/cleh.cl\/en\/wp-json\/wp\/v2\/product\/10354\/revisions\/10356"}],"wp:featuredmedia":[{"embeddable":true,"href":"https:\/\/cleh.cl\/en\/wp-json\/wp\/v2\/media\/10355"}],"wp:attachment":[{"href":"https:\/\/cleh.cl\/en\/wp-json\/wp\/v2\/media?parent=10354"}],"wp:term":[{"taxonomy":"product_brand","embeddable":true,"href":"https:\/\/cleh.cl\/en\/wp-json\/wp\/v2\/product_brand?post=10354"},{"taxonomy":"product_cat","embeddable":true,"href":"https:\/\/cleh.cl\/en\/wp-json\/wp\/v2\/product_cat?post=10354"},{"taxonomy":"product_tag","embeddable":true,"href":"https:\/\/cleh.cl\/en\/wp-json\/wp\/v2\/product_tag?post=10354"}],"curies":[{"name":"wp","href":"https:\/\/api.w.org\/{rel}","templated":true}]}}