{"id":10451,"date":"2024-01-10T08:34:30","date_gmt":"2024-01-10T08:34:30","guid":{"rendered":"https:\/\/cleh.cl\/?post_type=product&#038;p=10451"},"modified":"2025-11-19T19:24:44","modified_gmt":"2025-11-19T19:24:44","slug":"multimetro-fluke-376-fc","status":"publish","type":"product","link":"https:\/\/cleh.cl\/en\/product\/multimetro-fluke-376-fc\/","title":{"rendered":"MULTIMETRO FLUKE 376 FC"},"content":{"rendered":"<h1 style=\"text-align: center\">MULTIMETRO FLUKE 376 FC<\/h1>\n<p style=\"text-align: center\">El producto Fluke 376 FC es parte de la familia de herramientas de prueba inal\u00e1mbricas de Fluke Connect. Ahora usted puede:<\/p>\n<p style=\"text-align: center\">Registrar y observar las tendencias de las mediciones para localizar las fallas intermitentesTransmitir los resultados de manera inal\u00e1mbrica con la aplicaci\u00f3n para mediciones de Fluke Connect\u00aeCrear y enviar informes desde el terreno<\/p>\n<p style=\"text-align: center\">Permanecer seguro y lejos del \u00e1rea del arco el\u00e9ctrico con conectividad Bluetooth a dispositivos Apple y Android<\/p>\n<p style=\"text-align: center\">El modelo Fluke 376 FC es el sustituto directo de la pinza amperim\u00e9trica Fluke 376.<\/p>","protected":false},"excerpt":{"rendered":"<ul>\n<li>Conecte la pinza amperim\u00e9trica a su tel\u00e9fono inteligente con la aplicaci\u00f3n para mediciones de Fluke Connect<\/li>\n<li>Lea mediciones en el tel\u00e9fono a una distancia segura, con menos equipos de protecci\u00f3n individual (PPE, por sus siglas en ingl\u00e9s) mientras que el medidor se lleva todos los riesgos<\/li>\n<li>Registre los resultados directamente en el tel\u00e9fono y en la nube<\/li>\n<li>Capte los fallos intermitentes mientras realiza otras tareas con las capacidades de registro del modelo Fluke 376 FC<\/li>\n<li>Cree y comparta informes desde el terreno mediante un correo electr\u00f3nico o hable en tiempo real con las videollamadas ShareLive\u2122<\/li>\n<\/ul>","protected":false},"featured_media":10452,"comment_status":"closed","ping_status":"closed","template":"","meta":{"om_disable_all_campaigns":false,"_monsterinsights_skip_tracking":false,"_monsterinsights_sitenote_active":false,"_monsterinsights_sitenote_note":"","_monsterinsights_sitenote_category":0},"product_brand":[],"product_cat":[35,119],"product_tag":[],"class_list":{"0":"post-10451","1":"product","2":"type-product","3":"status-publish","4":"has-post-thumbnail","6":"product_cat-herramientas","7":"product_cat-multimetros","10":"instock","11":"shipping-taxable","12":"product-type-simple"},"aioseo_notices":[],"_links":{"self":[{"href":"https:\/\/cleh.cl\/en\/wp-json\/wp\/v2\/product\/10451","targetHints":{"allow":["GET"]}}],"collection":[{"href":"https:\/\/cleh.cl\/en\/wp-json\/wp\/v2\/product"}],"about":[{"href":"https:\/\/cleh.cl\/en\/wp-json\/wp\/v2\/types\/product"}],"replies":[{"embeddable":true,"href":"https:\/\/cleh.cl\/en\/wp-json\/wp\/v2\/comments?post=10451"}],"version-history":[{"count":1,"href":"https:\/\/cleh.cl\/en\/wp-json\/wp\/v2\/product\/10451\/revisions"}],"predecessor-version":[{"id":10453,"href":"https:\/\/cleh.cl\/en\/wp-json\/wp\/v2\/product\/10451\/revisions\/10453"}],"wp:featuredmedia":[{"embeddable":true,"href":"https:\/\/cleh.cl\/en\/wp-json\/wp\/v2\/media\/10452"}],"wp:attachment":[{"href":"https:\/\/cleh.cl\/en\/wp-json\/wp\/v2\/media?parent=10451"}],"wp:term":[{"taxonomy":"product_brand","embeddable":true,"href":"https:\/\/cleh.cl\/en\/wp-json\/wp\/v2\/product_brand?post=10451"},{"taxonomy":"product_cat","embeddable":true,"href":"https:\/\/cleh.cl\/en\/wp-json\/wp\/v2\/product_cat?post=10451"},{"taxonomy":"product_tag","embeddable":true,"href":"https:\/\/cleh.cl\/en\/wp-json\/wp\/v2\/product_tag?post=10451"}],"curies":[{"name":"wp","href":"https:\/\/api.w.org\/{rel}","templated":true}]}}