{"id":10454,"date":"2024-01-10T08:41:31","date_gmt":"2024-01-10T08:41:31","guid":{"rendered":"https:\/\/cleh.cl\/?post_type=product&#038;p=10454"},"modified":"2025-11-19T19:24:44","modified_gmt":"2025-11-19T19:24:44","slug":"multimetro-fluke-376","status":"publish","type":"product","link":"https:\/\/cleh.cl\/en\/product\/multimetro-fluke-376\/","title":{"rendered":"MULTIMETRO FLUKE 376"},"content":{"rendered":"<h1 style=\"text-align: center\">MULTIMETRO FLUKE 376<\/h1>\n<p style=\"text-align: center\">Con la pinza amperim\u00e9trica de verdadero valor eficaz fluke 376 con iflex, usted puede realizar mediciones en conductores de tama\u00f1o poco habitual, ampliando su rango de medida a 2500 A de CA.\u00a0 Con las medidas de voltaje y corriente de verdadero valor eficaz, la pinza 376 puede leer hasta 1000 V y 1000 A tanto en el modo CA como en el de CC.<\/p>","protected":false},"excerpt":{"rendered":"<ul>\n<li>La sonda flexible de corriente iFlex<sup>\u00ae<\/sup>\u00a0ampl\u00eda el rango de medida hasta 2.500\u00a0A de CA.<\/li>\n<li>CATIV 600V, CATIII 1000V<\/li>\n<li>Corriente y voltaje de CA con verdadero valor eficaz para obtener mediciones exactas en se\u00f1ales no lineales.<\/li>\n<li>Valores m\u00ednimo, m\u00e1ximo y promedio y registro de la corriente de arranque para capturar las variaciones de forma autom\u00e1tica.<\/li>\n<li>El filtro de paso bajo integrado y el procesamiento de se\u00f1ales avanzado permiten su uso en entornos con gran ruido el\u00e9ctrico y, al mismo tiempo, proporciona lecturas estables<\/li>\n<li>Se usa la tecnolog\u00eda de medici\u00f3n de corriente de arranque de propiedad patentada para ignorar el ruido y capturar la corriente de arranque del motor exactamente como la percibe la protecci\u00f3n del circuito<\/li>\n<li>Su dise\u00f1o ergon\u00f3mico se adapta a la mano y la puede usar incluso si lleva un equipo de protecci\u00f3n personal.<\/li>\n<\/ul>","protected":false},"featured_media":10455,"comment_status":"closed","ping_status":"closed","template":"","meta":{"om_disable_all_campaigns":false,"_monsterinsights_skip_tracking":false,"_monsterinsights_sitenote_active":false,"_monsterinsights_sitenote_note":"","_monsterinsights_sitenote_category":0},"product_brand":[],"product_cat":[35,119],"product_tag":[],"class_list":{"0":"post-10454","1":"product","2":"type-product","3":"status-publish","4":"has-post-thumbnail","6":"product_cat-herramientas","7":"product_cat-multimetros","10":"instock","11":"shipping-taxable","12":"product-type-simple"},"aioseo_notices":[],"_links":{"self":[{"href":"https:\/\/cleh.cl\/en\/wp-json\/wp\/v2\/product\/10454","targetHints":{"allow":["GET"]}}],"collection":[{"href":"https:\/\/cleh.cl\/en\/wp-json\/wp\/v2\/product"}],"about":[{"href":"https:\/\/cleh.cl\/en\/wp-json\/wp\/v2\/types\/product"}],"replies":[{"embeddable":true,"href":"https:\/\/cleh.cl\/en\/wp-json\/wp\/v2\/comments?post=10454"}],"version-history":[{"count":1,"href":"https:\/\/cleh.cl\/en\/wp-json\/wp\/v2\/product\/10454\/revisions"}],"predecessor-version":[{"id":10456,"href":"https:\/\/cleh.cl\/en\/wp-json\/wp\/v2\/product\/10454\/revisions\/10456"}],"wp:featuredmedia":[{"embeddable":true,"href":"https:\/\/cleh.cl\/en\/wp-json\/wp\/v2\/media\/10455"}],"wp:attachment":[{"href":"https:\/\/cleh.cl\/en\/wp-json\/wp\/v2\/media?parent=10454"}],"wp:term":[{"taxonomy":"product_brand","embeddable":true,"href":"https:\/\/cleh.cl\/en\/wp-json\/wp\/v2\/product_brand?post=10454"},{"taxonomy":"product_cat","embeddable":true,"href":"https:\/\/cleh.cl\/en\/wp-json\/wp\/v2\/product_cat?post=10454"},{"taxonomy":"product_tag","embeddable":true,"href":"https:\/\/cleh.cl\/en\/wp-json\/wp\/v2\/product_tag?post=10454"}],"curies":[{"name":"wp","href":"https:\/\/api.w.org\/{rel}","templated":true}]}}