{"id":10457,"date":"2024-01-10T08:45:26","date_gmt":"2024-01-10T08:45:26","guid":{"rendered":"https:\/\/cleh.cl\/?post_type=product&#038;p=10457"},"modified":"2025-11-19T19:24:45","modified_gmt":"2025-11-19T19:24:45","slug":"multimetro-industrial-fluke-87-vc","status":"publish","type":"product","link":"https:\/\/cleh.cl\/en\/product\/multimetro-industrial-fluke-87-vc\/","title":{"rendered":"MULT\u00cdMETRO INDUSTRIAL FLUKE 87 VC"},"content":{"rendered":"<h1 style=\"text-align: center\">MULT\u00cdMETRO INDUSTRIAL FLUKE 87 VC<\/h1>\n<p style=\"text-align: center\">Cuando la productividad es un factor de primer orden y necesita solucionar los problemas con rapidez, el modelo Fluke 87V proporciona la precisi\u00f3n y las capacidades de resoluci\u00f3n de problemas que necesita. Dise\u00f1ado espec\u00edficamente para gestionar se\u00f1ales complejas, el mult\u00edmetro industrial 87V permite ganar productividad acabando con las conjeturas en la soluci\u00f3n de problemas de los sistemas motores incluso en ubicaciones ruidosas, de mucha energ\u00eda y altitud.<\/p>","protected":false},"excerpt":{"rendered":"<ul>\n<li>Mediciones de frecuencia precisas en controladores de velocidad (ASD) debido al filtro de paso bajo dise\u00f1ado por Fluke<\/li>\n<li>El term\u00f3metro integrado permite las mediciones de temperatura sin un term\u00f3metro independiente<\/li>\n<li>El pico m\u00edn.\/m\u00e1x. permite la captura de fen\u00f3menos intermitentes de hasta 250\u00a0\u00b5S<\/li>\n<li>La resoluci\u00f3n de pantalla doble (6000 o 20\u00a0000 recuentos) permite ver peque\u00f1os cambios en las lecturas mostradas<\/li>\n<li>Categor\u00edas de seguridad el\u00e9ctrica CAT III 1000V y CAT IV 600V<\/li>\n<li>Dise\u00f1ado y fabricado en EE. UU.<\/li>\n<li>Garant\u00eda de por vida<\/li>\n<\/ul>","protected":false},"featured_media":10458,"comment_status":"closed","ping_status":"closed","template":"","meta":{"om_disable_all_campaigns":false,"_monsterinsights_skip_tracking":false,"_monsterinsights_sitenote_active":false,"_monsterinsights_sitenote_note":"","_monsterinsights_sitenote_category":0},"product_brand":[],"product_cat":[35,119],"product_tag":[],"class_list":{"0":"post-10457","1":"product","2":"type-product","3":"status-publish","4":"has-post-thumbnail","6":"product_cat-herramientas","7":"product_cat-multimetros","10":"instock","11":"shipping-taxable","12":"product-type-simple"},"aioseo_notices":[],"_links":{"self":[{"href":"https:\/\/cleh.cl\/en\/wp-json\/wp\/v2\/product\/10457","targetHints":{"allow":["GET"]}}],"collection":[{"href":"https:\/\/cleh.cl\/en\/wp-json\/wp\/v2\/product"}],"about":[{"href":"https:\/\/cleh.cl\/en\/wp-json\/wp\/v2\/types\/product"}],"replies":[{"embeddable":true,"href":"https:\/\/cleh.cl\/en\/wp-json\/wp\/v2\/comments?post=10457"}],"version-history":[{"count":1,"href":"https:\/\/cleh.cl\/en\/wp-json\/wp\/v2\/product\/10457\/revisions"}],"predecessor-version":[{"id":10459,"href":"https:\/\/cleh.cl\/en\/wp-json\/wp\/v2\/product\/10457\/revisions\/10459"}],"wp:featuredmedia":[{"embeddable":true,"href":"https:\/\/cleh.cl\/en\/wp-json\/wp\/v2\/media\/10458"}],"wp:attachment":[{"href":"https:\/\/cleh.cl\/en\/wp-json\/wp\/v2\/media?parent=10457"}],"wp:term":[{"taxonomy":"product_brand","embeddable":true,"href":"https:\/\/cleh.cl\/en\/wp-json\/wp\/v2\/product_brand?post=10457"},{"taxonomy":"product_cat","embeddable":true,"href":"https:\/\/cleh.cl\/en\/wp-json\/wp\/v2\/product_cat?post=10457"},{"taxonomy":"product_tag","embeddable":true,"href":"https:\/\/cleh.cl\/en\/wp-json\/wp\/v2\/product_tag?post=10457"}],"curies":[{"name":"wp","href":"https:\/\/api.w.org\/{rel}","templated":true}]}}