{"id":10463,"date":"2024-01-10T09:35:17","date_gmt":"2024-01-10T09:35:17","guid":{"rendered":"https:\/\/cleh.cl\/?post_type=product&#038;p=10463"},"modified":"2025-11-19T19:24:46","modified_gmt":"2025-11-19T19:24:46","slug":"lentes-relojero","status":"publish","type":"product","link":"https:\/\/cleh.cl\/en\/product\/lentes-relojero\/","title":{"rendered":"LENTES RELOJERO"},"content":{"rendered":"<h1 style=\"text-align: center\">LENTES RELOJERO<\/h1>\n<ul class=\"a-unordered-list a-vertical a-spacing-mini\">\n<li class=\"a-spacing-mini\"><span class=\"a-list-item\">Muchos tipos de aumento: la lupa de 10X, 15X, 20X, 25X permite a los usuarios de baja visi\u00f3n leer sin problemas.<\/span><\/li>\n<li class=\"a-spacing-mini\"><span class=\"a-list-item\">Lupa para la diadema: 4 tipos de lupa de aumento, 2 luces LED, tiene una perilla el\u00e1stica ajustable para llevar c\u00f3modamente.<\/span><\/li>\n<li class=\"a-spacing-mini\"><span class=\"a-list-item\">Material de alta calidad: la lente de las lupas est\u00e1 hecha con lente de vidrio \u00f3ptico acr\u00edlico y la carcasa est\u00e1 hecha con pl\u00e1stico ABS, lo que puede permitir a los usuarios comprar con confianza.<\/span><\/li>\n<li class=\"a-spacing-mini\"><span class=\"a-list-item\">Amplia gama de usos: lupa ligera y c\u00f3moda manos libres para el uso diario. Tambi\u00e9n es ideal para artes y manualidades, construcci\u00f3n de modelos, lectura, inspecci\u00f3n, hogar, oficina, aficionados, fabricaci\u00f3n de joyas, reparaciones de relojes, trabajo detallado fino y otras tareas de baja visi\u00f3n.<\/span><\/li>\n<\/ul>","protected":false},"excerpt":{"rendered":"<ul class=\"a-unordered-list a-vertical a-spacing-mini\">\n<li class=\"a-spacing-mini\"><span class=\"a-list-item\">Muchos tipos de aumento: la lupa de 10X, 15X, 20X, 25X permite a los usuarios de baja visi\u00f3n leer sin problemas.<\/span><\/li>\n<li class=\"a-spacing-mini\"><span class=\"a-list-item\">Lupa para la diadema: 4 tipos de lupa de aumento, 2 luces LED, tiene una perilla el\u00e1stica ajustable para llevar c\u00f3modamente.<\/span><\/li>\n<li class=\"a-spacing-mini\"><span class=\"a-list-item\">Material de alta calidad: la lente de las lupas est\u00e1 hecha con lente de vidrio \u00f3ptico acr\u00edlico y la carcasa est\u00e1 hecha con pl\u00e1stico ABS, lo que puede permitir a los usuarios comprar con confianza.<\/span><\/li>\n<li class=\"a-spacing-mini\"><span class=\"a-list-item\">Amplia gama de usos: lupa ligera y c\u00f3moda manos libres para el uso diario. Tambi\u00e9n es ideal para artes y manualidades, construcci\u00f3n de modelos, lectura, inspecci\u00f3n, hogar, oficina, aficionados, fabricaci\u00f3n de joyas, reparaciones de relojes, trabajo detallado fino y otras tareas de baja visi\u00f3n.<\/span><\/li>\n<\/ul>","protected":false},"featured_media":10464,"comment_status":"closed","ping_status":"closed","template":"","meta":{"om_disable_all_campaigns":false,"_monsterinsights_skip_tracking":false,"_monsterinsights_sitenote_active":false,"_monsterinsights_sitenote_note":"","_monsterinsights_sitenote_category":0},"product_brand":[],"product_cat":[121],"product_tag":[],"class_list":{"0":"post-10463","1":"product","2":"type-product","3":"status-publish","4":"has-post-thumbnail","6":"product_cat-binoculares","9":"instock","10":"shipping-taxable","11":"product-type-simple"},"aioseo_notices":[],"_links":{"self":[{"href":"https:\/\/cleh.cl\/en\/wp-json\/wp\/v2\/product\/10463","targetHints":{"allow":["GET"]}}],"collection":[{"href":"https:\/\/cleh.cl\/en\/wp-json\/wp\/v2\/product"}],"about":[{"href":"https:\/\/cleh.cl\/en\/wp-json\/wp\/v2\/types\/product"}],"replies":[{"embeddable":true,"href":"https:\/\/cleh.cl\/en\/wp-json\/wp\/v2\/comments?post=10463"}],"version-history":[{"count":1,"href":"https:\/\/cleh.cl\/en\/wp-json\/wp\/v2\/product\/10463\/revisions"}],"predecessor-version":[{"id":10465,"href":"https:\/\/cleh.cl\/en\/wp-json\/wp\/v2\/product\/10463\/revisions\/10465"}],"wp:featuredmedia":[{"embeddable":true,"href":"https:\/\/cleh.cl\/en\/wp-json\/wp\/v2\/media\/10464"}],"wp:attachment":[{"href":"https:\/\/cleh.cl\/en\/wp-json\/wp\/v2\/media?parent=10463"}],"wp:term":[{"taxonomy":"product_brand","embeddable":true,"href":"https:\/\/cleh.cl\/en\/wp-json\/wp\/v2\/product_brand?post=10463"},{"taxonomy":"product_cat","embeddable":true,"href":"https:\/\/cleh.cl\/en\/wp-json\/wp\/v2\/product_cat?post=10463"},{"taxonomy":"product_tag","embeddable":true,"href":"https:\/\/cleh.cl\/en\/wp-json\/wp\/v2\/product_tag?post=10463"}],"curies":[{"name":"wp","href":"https:\/\/api.w.org\/{rel}","templated":true}]}}