{"id":10469,"date":"2024-01-10T10:16:49","date_gmt":"2024-01-10T10:16:49","guid":{"rendered":"https:\/\/cleh.cl\/?post_type=product&#038;p=10469"},"modified":"2025-11-19T19:24:47","modified_gmt":"2025-11-19T19:24:47","slug":"power-meter-g7","status":"publish","type":"product","link":"https:\/\/cleh.cl\/en\/product\/power-meter-g7\/","title":{"rendered":"POWER METER G7"},"content":{"rendered":"<h1 style=\"text-align: center\">POWER METER G7<\/h1>\n<p style=\"text-align: center\"><span>Pantalla LCD a color para una f\u00e1cil lectura\u00a0<\/span><\/p>\n<p style=\"text-align: center\"><span>Mini medidor de potencia \u00f3ptica para medir la p\u00e9rdida de fibra.\u00a0<\/span><\/p>\n<p style=\"text-align: center\"><span>Con funci\u00f3n de longitud de onda de memoria\u00a0<\/span><\/p>\n<p style=\"text-align: center\"><span>Capaz de identificar la frecuencia de trabajo.\u00a0<\/span><\/p>\n<p style=\"text-align: center\"><span>Admite calibraci\u00f3n del usuario\u00a0<\/span><\/p>\n<p style=\"text-align: center\"><span>\u00a0Admite interfaz SC, FC, ST\u00a0<\/span><\/p>\n<p style=\"text-align: center\"><span>Admite indicadores lineales (nW) y no lineales (dB)\u00a0<\/span><\/p>\n<p style=\"text-align: center\"><span>Admite iluminaci\u00f3n + interruptor de retroiluminaci\u00f3n\u00a0<\/span><\/p>\n<p style=\"text-align: center\"><span>Bater\u00eda de litio para alimentaci\u00f3n, o fuente de alimentaci\u00f3n externa.\u00a0<\/span><\/p>","protected":false},"excerpt":{"rendered":"<table border=\"0\" width=\"450\" cellspacing=\"0\" cellpadding=\"0\">\n<tbody>\n<tr>\n<td class=\"et3\" width=\"37.77777777777778%\" height=\"30\"><span>Rango de onda<\/span><\/td>\n<td class=\"et3\" width=\"62.22222222222222%\"><span>800~1700<\/span><\/td>\n<\/tr>\n<tr>\n<td class=\"et3\" width=\"37.77777777777778%\" height=\"30\"><span>Tipo de sonda<\/span><\/td>\n<td class=\"et3\" width=\"62.22222222222222%\"><span>InGaAs<\/span><\/td>\n<\/tr>\n<tr>\n<td class=\"et3\" width=\"37.77777777777778%\" height=\"30\"><span>Rango de medici\u00f3n<\/span><\/td>\n<td class=\"et3\" width=\"62.22222222222222%\"><span>\u00a0 -70~+3, -50~+26 (opcional)<\/span><\/td>\n<\/tr>\n<tr>\n<td class=\"et3\" width=\"37.77777777777778%\" height=\"30\"><span>Incertidumbre<\/span><\/td>\n<td class=\"et3\" width=\"62.22222222222222%\"><span>\u00b15%<\/span><\/td>\n<\/tr>\n<tr>\n<td class=\"et3\" width=\"37.77777777777778%\" height=\"30\"><span>Longitud de onda est\u00e1ndar (nm)<\/span><\/td>\n<td class=\"et4\" width=\"62.22222222222222%\"><span>850\/980\/1300\/1310\/1490\/1550\/1625<\/span><\/td>\n<\/tr>\n<tr>\n<td class=\"et3\" width=\"37.77777777777778%\" height=\"38\"><span>Resoluci\u00f3n de pantalla<\/span><\/td>\n<td class=\"et3\" width=\"62.22222222222222%\"><span>Visualizaci\u00f3n lineal: 0,1%, \u00a0 \u00a0 \u00a0 \u00a0 \u00a0 \u00a0 \u00a0 \u00a0 \u00a0 \u00a0 \u00a0 \u00a0 \u00a0 \u00a0 \u00a0 \u00a0 \u00a0 \u00a0 \u00a0 \u00a0 \u00a0 \u00a0 \u00a0 \u00a0 \u00a0 \u00a0 \u00a0 \u00a0<\/span><br \/>\n<span>visualizaci\u00f3n logar\u00edtmica: 0,01dBm<\/span><\/td>\n<\/tr>\n<tr>\n<td class=\"et3\" width=\"37.77777777777778%\" height=\"30\"><span>Identificaci\u00f3n de frecuencia (Hz)<\/span><\/td>\n<td class=\"et3\" width=\"62.22222222222222%\"><span>0\/270\/1000\/2000<\/span><\/td>\n<\/tr>\n<tr>\n<td class=\"et3\" width=\"37.77777777777778%\" height=\"30\"><span>Duraci\u00f3n de la bater\u00eda (h)<\/span><\/td>\n<td class=\"et3\" width=\"62.22222222222222%\"><span>\u226520<\/span><\/td>\n<\/tr>\n<tr>\n<td class=\"et3\" width=\"37.77777777777778%\" height=\"30\"><span>Tensi\u00f3n de carga(v)<\/span><\/td>\n<td class=\"et3\" width=\"62.22222222222222%\"><span>5<\/span><\/td>\n<\/tr>\n<tr>\n<td class=\"et3\" width=\"37.77777777777778%\" height=\"30\"><span>\u00c1rea de detecci\u00f3n<\/span><\/td>\n<td class=\"et3\" width=\"62.22222222222222%\"><span>300um<\/span><\/td>\n<\/tr>\n<tr>\n<td class=\"et3\" width=\"37.77777777777778%\" height=\"30\"><span>Tiempo de carga(h)<\/span><\/td>\n<td class=\"et3\" width=\"62.22222222222222%\"><span>\u22643<\/span><\/td>\n<\/tr>\n<tr>\n<td class=\"et3\" width=\"37.77777777777778%\" height=\"30\"><span>Fuente de alimentaci\u00f3n<\/span><\/td>\n<td class=\"et3\" width=\"62.22222222222222%\"><span>Bater\u00eda de litio recargable, entrada externa.<\/span><\/td>\n<\/tr>\n<tr>\n<td class=\"et3\" width=\"37.77777777777778%\" height=\"30\"><span>Tama\u00f1o (mm)<\/span><\/td>\n<td class=\"et3\" width=\"62.22222222222222%\"><span>\u00a0127*45*20mm<\/span><\/td>\n<\/tr>\n<tr>\n<td class=\"et3\" width=\"37.77777777777778%\" height=\"30\"><span>peso neto (g)<\/span><\/td>\n<td class=\"et3\" width=\"62.22222222222222%\"><span>87<\/span><\/td>\n<\/tr>\n<\/tbody>\n<\/table>","protected":false},"featured_media":10470,"comment_status":"closed","ping_status":"closed","template":"","meta":{"om_disable_all_campaigns":false,"_monsterinsights_skip_tracking":false,"_monsterinsights_sitenote_active":false,"_monsterinsights_sitenote_note":"","_monsterinsights_sitenote_category":0},"product_brand":[],"product_cat":[99],"product_tag":[],"class_list":{"0":"post-10469","1":"product","2":"type-product","3":"status-publish","4":"has-post-thumbnail","6":"product_cat-cleh","9":"instock","10":"shipping-taxable","11":"product-type-simple"},"aioseo_notices":[],"_links":{"self":[{"href":"https:\/\/cleh.cl\/en\/wp-json\/wp\/v2\/product\/10469","targetHints":{"allow":["GET"]}}],"collection":[{"href":"https:\/\/cleh.cl\/en\/wp-json\/wp\/v2\/product"}],"about":[{"href":"https:\/\/cleh.cl\/en\/wp-json\/wp\/v2\/types\/product"}],"replies":[{"embeddable":true,"href":"https:\/\/cleh.cl\/en\/wp-json\/wp\/v2\/comments?post=10469"}],"version-history":[{"count":1,"href":"https:\/\/cleh.cl\/en\/wp-json\/wp\/v2\/product\/10469\/revisions"}],"predecessor-version":[{"id":10471,"href":"https:\/\/cleh.cl\/en\/wp-json\/wp\/v2\/product\/10469\/revisions\/10471"}],"wp:featuredmedia":[{"embeddable":true,"href":"https:\/\/cleh.cl\/en\/wp-json\/wp\/v2\/media\/10470"}],"wp:attachment":[{"href":"https:\/\/cleh.cl\/en\/wp-json\/wp\/v2\/media?parent=10469"}],"wp:term":[{"taxonomy":"product_brand","embeddable":true,"href":"https:\/\/cleh.cl\/en\/wp-json\/wp\/v2\/product_brand?post=10469"},{"taxonomy":"product_cat","embeddable":true,"href":"https:\/\/cleh.cl\/en\/wp-json\/wp\/v2\/product_cat?post=10469"},{"taxonomy":"product_tag","embeddable":true,"href":"https:\/\/cleh.cl\/en\/wp-json\/wp\/v2\/product_tag?post=10469"}],"curies":[{"name":"wp","href":"https:\/\/api.w.org\/{rel}","templated":true}]}}