{"id":10538,"date":"2024-01-10T14:05:29","date_gmt":"2024-01-10T14:05:29","guid":{"rendered":"https:\/\/cleh.cl\/?post_type=product&#038;p=10538"},"modified":"2025-11-19T19:24:52","modified_gmt":"2025-11-19T19:24:52","slug":"vfl-b4","status":"publish","type":"product","link":"https:\/\/cleh.cl\/en\/product\/vfl-b4\/","title":{"rendered":"VISUALIZADOR DE FALLAS FO B4"},"content":{"rendered":"<h1 style=\"text-align: center\">VFL B4<\/h1>\n<p style=\"text-align: center\">Tipo de art\u00edculo: Localizador visual de fallas de fibra \u00f3ptica<br \/>\nMaterial: ABS<br \/>\nDistancia de salida: 15KM<br \/>\nCorriente de trabajo: \u2264150mA<br \/>\nDuraci\u00f3n de la bater\u00eda: &gt;3.5h<br \/>\nTiempo de carga: \u22643h<br \/>\nCorriente de carga: \u2264300mA<br \/>\nVoltaje de carga: 5V<br \/>\nCorriente est\u00e1tica: \u226415uA<br \/>\nSalida de engranajes: 3 engranajes ajustables<br \/>\nLongitud de onda de salida: 650nm<br \/>\nTipo de interfaz: adaptador universal de 0.098 in<br \/>\nTemperatura de trabajo: -4.0 \u00b0F a+140.0 \u00b0F (sin condensaci\u00f3n)<br \/>\nTemperatura de almacenamiento: -40.0 \u00b0F a+185.0 \u00b0F<br \/>\nTipo de alimentaci\u00f3n: bater\u00eda de litio recargable 400mAh x 1 (incorporada)<\/p>","protected":false},"excerpt":{"rendered":"<div id=\"ppd\">\n<div id=\"centerCol\" class=\"centerColAlign\">\n<div id=\"featurebullets_feature_div\" class=\"celwidget\" data-feature-name=\"featurebullets\" data-csa-c-type=\"widget\" data-csa-c-content-id=\"featurebullets\" data-csa-c-slot-id=\"featurebullets_feature_div\" data-csa-c-asin=\"B0CH3TKMJN\" data-csa-c-is-in-initial-active-row=\"false\" data-csa-c-id=\"8c3u2u-7kg2d1-mrtiht-f3duqz\" data-cel-widget=\"featurebullets_feature_div\">\n<div id=\"feature-bullets\" class=\"a-section a-spacing-medium a-spacing-top-small\">\n<ul class=\"a-unordered-list a-vertical a-spacing-mini\">\n<li class=\"a-spacing-mini\"><span class=\"a-list-item\">3 ENGRANAJES DE POTENCIA: La potencia de luz de este localizador visual de fallas se puede ajustar de acuerdo con las necesidades de prueba reales, con conmutaci\u00f3n de ciclo de 3 marchas, ahorro de energ\u00eda.<\/span><\/li>\n<li class=\"a-spacing-mini\"><span class=\"a-list-item\">Dise\u00f1o oculto: Adopte un dise\u00f1o de cabeza l\u00e1ser oculto, que se puede abrir cuando el probador VFL se enciende, y retraerse cuando se apaga, asegurando una vida \u00fatil m\u00e1s larga.<\/span><\/li>\n<li class=\"a-spacing-mini\"><span class=\"a-list-item\">N\u00facleo de cer\u00e1mica reemplazable: el n\u00facleo de cer\u00e1mica adopta un dise\u00f1o reemplazable, extendiendo eficazmente la vida \u00fatil de este bol\u00edgrafo de luz roja de fibra.<\/span><\/li>\n<li class=\"a-spacing-mini\"><span class=\"a-list-item\">INTERFAZ UNIVERSAL: Este probador de fuente de fibra \u00f3ptica adopta una interfaz universal de 0.098 in, admite interfaces de fibra \u00f3ptica SC FC ST, para satisfacer diferentes necesidades de prueba.<\/span><\/li>\n<li class=\"a-spacing-mini\"><span class=\"a-list-item\">F\u00c1CIL DE USAR: Este probador de cable de fibra \u00f3ptica es compacto y port\u00e1til, f\u00e1cil de transportar, con dise\u00f1o ergon\u00f3mico del cuerpo, m\u00e1s c\u00f3modo de sostener.<\/span><\/li>\n<\/ul>\n<\/div>\n<\/div>\n<div id=\"productAlert_feature_div\" class=\"celwidget\" data-feature-name=\"productAlert\" data-csa-c-type=\"widget\" data-csa-c-content-id=\"productAlert\" data-csa-c-slot-id=\"productAlert_feature_div\" data-csa-c-asin=\"B0CH3TKMJN\" data-csa-c-is-in-initial-active-row=\"false\" data-csa-c-id=\"466okx-uio79t-jmh9vs-4w07lh\" data-cel-widget=\"productAlert_feature_div\"><\/div>\n<\/div>\n<div id=\"hqpWrapper\" class=\"centerColAlign\">\n<div id=\"heroQuickPromo_feature_div\" class=\"celwidget\" data-feature-name=\"heroQuickPromo\" data-csa-c-type=\"widget\" data-csa-c-content-id=\"heroQuickPromo\" data-csa-c-slot-id=\"heroQuickPromo_feature_div\" data-csa-c-asin=\"B0CH3TKMJN\" data-csa-c-is-in-initial-active-row=\"false\" data-csa-c-id=\"c9r46u-715jrd-jd5skj-hlep15\" data-cel-widget=\"heroQuickPromo_feature_div\"><\/div>\n<\/div>\n<\/div>","protected":false},"featured_media":10539,"comment_status":"closed","ping_status":"closed","template":"","meta":{"om_disable_all_campaigns":false,"_monsterinsights_skip_tracking":false,"_monsterinsights_sitenote_active":false,"_monsterinsights_sitenote_note":"","_monsterinsights_sitenote_category":0},"product_brand":[],"product_cat":[122],"product_tag":[],"class_list":{"0":"post-10538","1":"product","2":"type-product","3":"status-publish","4":"has-post-thumbnail","6":"product_cat-vfl","9":"instock","10":"shipping-taxable","11":"product-type-simple"},"aioseo_notices":[],"_links":{"self":[{"href":"https:\/\/cleh.cl\/en\/wp-json\/wp\/v2\/product\/10538","targetHints":{"allow":["GET"]}}],"collection":[{"href":"https:\/\/cleh.cl\/en\/wp-json\/wp\/v2\/product"}],"about":[{"href":"https:\/\/cleh.cl\/en\/wp-json\/wp\/v2\/types\/product"}],"replies":[{"embeddable":true,"href":"https:\/\/cleh.cl\/en\/wp-json\/wp\/v2\/comments?post=10538"}],"version-history":[{"count":1,"href":"https:\/\/cleh.cl\/en\/wp-json\/wp\/v2\/product\/10538\/revisions"}],"predecessor-version":[{"id":10540,"href":"https:\/\/cleh.cl\/en\/wp-json\/wp\/v2\/product\/10538\/revisions\/10540"}],"wp:featuredmedia":[{"embeddable":true,"href":"https:\/\/cleh.cl\/en\/wp-json\/wp\/v2\/media\/10539"}],"wp:attachment":[{"href":"https:\/\/cleh.cl\/en\/wp-json\/wp\/v2\/media?parent=10538"}],"wp:term":[{"taxonomy":"product_brand","embeddable":true,"href":"https:\/\/cleh.cl\/en\/wp-json\/wp\/v2\/product_brand?post=10538"},{"taxonomy":"product_cat","embeddable":true,"href":"https:\/\/cleh.cl\/en\/wp-json\/wp\/v2\/product_cat?post=10538"},{"taxonomy":"product_tag","embeddable":true,"href":"https:\/\/cleh.cl\/en\/wp-json\/wp\/v2\/product_tag?post=10538"}],"curies":[{"name":"wp","href":"https:\/\/api.w.org\/{rel}","templated":true}]}}