{"id":10541,"date":"2024-01-10T14:20:22","date_gmt":"2024-01-10T14:20:22","guid":{"rendered":"https:\/\/cleh.cl\/?post_type=product&#038;p=10541"},"modified":"2025-11-19T19:24:53","modified_gmt":"2025-11-19T19:24:53","slug":"telefono-de-prueba-mt8006b-pros-kit","status":"publish","type":"product","link":"https:\/\/cleh.cl\/en\/product\/telefono-de-prueba-mt8006b-pros-kit\/","title":{"rendered":"TEL\u00c9FONO DE PRUEBA MT8006B PRO\u00b4S KIT"},"content":{"rendered":"<h1 style=\"text-align: center\">TEL\u00c9FONO DE PRUEBA MT8006B PRO\u00b4S KIT<\/h1>\n<p style=\"text-align: center\"><span>Eclipse MT-8006B Data Diver El Eclipse MT-8006B Data Diver puede identificar f\u00e1cilmente la polaridad de la l\u00ednea telef\u00f3nica. <\/span><span>El ahorro de energ\u00eda inteligente permite que la bater\u00eda dure hasta 6 meses.<\/span><\/p>\n<p>&nbsp;<\/p>\n<p>&nbsp;<\/p>","protected":false},"excerpt":{"rendered":"<ul class=\"a-unordered-list a-vertical a-spacing-mini\">\n<li class=\"a-spacing-mini\"><span class=\"a-list-item\">Pantalla LCD para n\u00famero de marcaci\u00f3n, identificaci\u00f3n de llamadas, reloj y otra informaci\u00f3n<\/span><\/li>\n<li class=\"a-spacing-mini\"><span class=\"a-list-item\">Indicador para determinar el servicio de red y la velocidad<\/span><\/li>\n<li class=\"a-spacing-mini\"><span class=\"a-list-item\">12 memoria de n\u00fameros de tel\u00e9fono para marcaci\u00f3n r\u00e1pida<\/span><\/li>\n<li class=\"a-spacing-mini\"><span class=\"a-list-item\">16 memorias de n\u00fameros de marcaci\u00f3n<\/span><\/li>\n<li class=\"a-spacing-mini\"><span class=\"a-list-item\">Puerto RJ-11 para facilitar el cambio de cables de prueba<\/span><\/li>\n<\/ul>","protected":false},"featured_media":10542,"comment_status":"closed","ping_status":"closed","template":"","meta":{"om_disable_all_campaigns":false,"_monsterinsights_skip_tracking":false,"_monsterinsights_sitenote_active":false,"_monsterinsights_sitenote_note":"","_monsterinsights_sitenote_category":0},"product_brand":[],"product_cat":[],"product_tag":[],"class_list":{"0":"post-10541","1":"product","2":"type-product","3":"status-publish","4":"has-post-thumbnail","8":"instock","9":"shipping-taxable","10":"product-type-simple"},"aioseo_notices":[],"_links":{"self":[{"href":"https:\/\/cleh.cl\/en\/wp-json\/wp\/v2\/product\/10541","targetHints":{"allow":["GET"]}}],"collection":[{"href":"https:\/\/cleh.cl\/en\/wp-json\/wp\/v2\/product"}],"about":[{"href":"https:\/\/cleh.cl\/en\/wp-json\/wp\/v2\/types\/product"}],"replies":[{"embeddable":true,"href":"https:\/\/cleh.cl\/en\/wp-json\/wp\/v2\/comments?post=10541"}],"version-history":[{"count":1,"href":"https:\/\/cleh.cl\/en\/wp-json\/wp\/v2\/product\/10541\/revisions"}],"predecessor-version":[{"id":10543,"href":"https:\/\/cleh.cl\/en\/wp-json\/wp\/v2\/product\/10541\/revisions\/10543"}],"wp:featuredmedia":[{"embeddable":true,"href":"https:\/\/cleh.cl\/en\/wp-json\/wp\/v2\/media\/10542"}],"wp:attachment":[{"href":"https:\/\/cleh.cl\/en\/wp-json\/wp\/v2\/media?parent=10541"}],"wp:term":[{"taxonomy":"product_brand","embeddable":true,"href":"https:\/\/cleh.cl\/en\/wp-json\/wp\/v2\/product_brand?post=10541"},{"taxonomy":"product_cat","embeddable":true,"href":"https:\/\/cleh.cl\/en\/wp-json\/wp\/v2\/product_cat?post=10541"},{"taxonomy":"product_tag","embeddable":true,"href":"https:\/\/cleh.cl\/en\/wp-json\/wp\/v2\/product_tag?post=10541"}],"curies":[{"name":"wp","href":"https:\/\/api.w.org\/{rel}","templated":true}]}}