{"id":10547,"date":"2024-01-10T14:46:06","date_gmt":"2024-01-10T14:46:06","guid":{"rendered":"https:\/\/cleh.cl\/?post_type=product&#038;p=10547"},"modified":"2025-11-19T19:24:54","modified_gmt":"2025-11-19T19:24:54","slug":"multimetro-digital-hioki-dt4256","status":"publish","type":"product","link":"https:\/\/cleh.cl\/en\/product\/multimetro-digital-hioki-dt4256\/","title":{"rendered":"MULTIMETRO DIGITAL HIOKI DT4256"},"content":{"rendered":"<h1 style=\"text-align: center\">MULTIMETRO DIGITAL HIOKI DT4256<\/h1>\n<p style=\"text-align: center\">Hioki \u2013 Mult\u00edmetro TRMS, dise\u00f1o multifuncional para pruebas el\u00e9ctricas de uso general. Amplio rango de aplicaciones: voltaje, corriente, resistencia, capacitancia, frecuencia, prueba de continuidad y prueba de diodos. Puede medir se\u00f1ales de 4 a 20 ma y mostrar resultados como porcentajes. Viene con filtro de paso bajo (100 hz \/ 500 hz) corta arm\u00f3nicos altos. Pantalla dual que permite verificar voltaje y frecuencia simult\u00e1neamente. Dise\u00f1o robusto, resistente a ca\u00eddas de hasta 1 metro. Amplio rango de temperatura de funcionamiento de -25 \u00b0 c (-13 \u00b0 f) a 65 \u00b0 c (149 \u00b0 f). Categor\u00eda de seguridad cat iv 600 v y cat iii 1000 v.<\/p>","protected":false},"excerpt":{"rendered":"<p>Hioki \u2013 Mult\u00edmetro TRMS, dise\u00f1o multifuncional para pruebas el\u00e9ctricas de uso general. Amplio rango de aplicaciones: voltaje, corriente, resistencia, capacitancia, frecuencia, prueba de continuidad y prueba de diodos. Puede medir se\u00f1ales de 4 a 20 ma y mostrar resultados como porcentajes. Viene con filtro de paso bajo (100 hz \/ 500 hz) corta arm\u00f3nicos altos. Pantalla dual que permite verificar voltaje y frecuencia simult\u00e1neamente. Dise\u00f1o robusto, resistente a ca\u00eddas de hasta 1 metro. Amplio rango de temperatura de funcionamiento de -25 \u00b0 c (-13 \u00b0 f) a 65 \u00b0 c (149 \u00b0 f). Categor\u00eda de seguridad cat iv 600 v y cat iii 1000 v.<\/p>","protected":false},"featured_media":10548,"comment_status":"closed","ping_status":"closed","template":"","meta":{"om_disable_all_campaigns":false,"_monsterinsights_skip_tracking":false,"_monsterinsights_sitenote_active":false,"_monsterinsights_sitenote_note":"","_monsterinsights_sitenote_category":0},"product_brand":[],"product_cat":[35,119],"product_tag":[],"class_list":{"0":"post-10547","1":"product","2":"type-product","3":"status-publish","4":"has-post-thumbnail","6":"product_cat-herramientas","7":"product_cat-multimetros","10":"instock","11":"shipping-taxable","12":"product-type-simple"},"aioseo_notices":[],"_links":{"self":[{"href":"https:\/\/cleh.cl\/en\/wp-json\/wp\/v2\/product\/10547","targetHints":{"allow":["GET"]}}],"collection":[{"href":"https:\/\/cleh.cl\/en\/wp-json\/wp\/v2\/product"}],"about":[{"href":"https:\/\/cleh.cl\/en\/wp-json\/wp\/v2\/types\/product"}],"replies":[{"embeddable":true,"href":"https:\/\/cleh.cl\/en\/wp-json\/wp\/v2\/comments?post=10547"}],"version-history":[{"count":1,"href":"https:\/\/cleh.cl\/en\/wp-json\/wp\/v2\/product\/10547\/revisions"}],"predecessor-version":[{"id":10549,"href":"https:\/\/cleh.cl\/en\/wp-json\/wp\/v2\/product\/10547\/revisions\/10549"}],"wp:featuredmedia":[{"embeddable":true,"href":"https:\/\/cleh.cl\/en\/wp-json\/wp\/v2\/media\/10548"}],"wp:attachment":[{"href":"https:\/\/cleh.cl\/en\/wp-json\/wp\/v2\/media?parent=10547"}],"wp:term":[{"taxonomy":"product_brand","embeddable":true,"href":"https:\/\/cleh.cl\/en\/wp-json\/wp\/v2\/product_brand?post=10547"},{"taxonomy":"product_cat","embeddable":true,"href":"https:\/\/cleh.cl\/en\/wp-json\/wp\/v2\/product_cat?post=10547"},{"taxonomy":"product_tag","embeddable":true,"href":"https:\/\/cleh.cl\/en\/wp-json\/wp\/v2\/product_tag?post=10547"}],"curies":[{"name":"wp","href":"https:\/\/api.w.org\/{rel}","templated":true}]}}