{"id":10557,"date":"2024-01-12T07:36:09","date_gmt":"2024-01-12T07:36:09","guid":{"rendered":"https:\/\/cleh.cl\/?post_type=product&#038;p=10557"},"modified":"2025-11-19T19:24:55","modified_gmt":"2025-11-19T19:24:55","slug":"insertora-krone-lsa-plus","status":"publish","type":"product","link":"https:\/\/cleh.cl\/en\/product\/insertora-krone-lsa-plus\/","title":{"rendered":"INSERTORA KRONE LSA-PLUS"},"content":{"rendered":"<h1 style=\"text-align: center\">INSERTORA KRONE LSA-PLUS<\/h1>\n<p style=\"text-align: center\">La herramienta est\u00e1ndar utilizada para todas las series LSA-PLUS, as\u00ed como para conectores RJ45.\u00a0Para terminaci\u00f3n de cables con rango de di\u00e1metro de conductor (0,35 &#8211; 0,9 mm) y rango de di\u00e1metro total (0,7 &#8211; 2,6 mm).\u00a0Cuando un segundo cable termina en un contacto, el sensor de posici\u00f3n del cable se desactiva (las especificaciones de los cables y la cantidad de cables dependen del tipo de tecnolog\u00eda de conexi\u00f3n utilizada).\u00a0La tijera se puede desactivar para poder conectar un cable de puente a los contactos vecinos.<\/p>","protected":false},"excerpt":{"rendered":"<p>INSERTORA KRONE LSA-PLUS La herramienta est\u00e1ndar utilizada para todas las series LSA-PLUS, as\u00ed como para conectores RJ45.\u00a0Para terminaci\u00f3n de cables con rango de di\u00e1metro de conductor (0,35 &#8211; 0,9 mm) y rango de di\u00e1metro total (0,7 &#8211; 2,6 mm).\u00a0Cuando un segundo cable termina en un contacto, el sensor de posici\u00f3n del cable se desactiva (las &hellip; <a href=\"https:\/\/cleh.cl\/en\/product\/insertora-krone-lsa-plus\/\" class=\"more-link\">Continue reading <span class=\"screen-reader-text\">INSERTORA KRONE LSA-PLUS<\/span><\/a><\/p>","protected":false},"featured_media":10558,"comment_status":"closed","ping_status":"closed","template":"","meta":{"om_disable_all_campaigns":false,"_monsterinsights_skip_tracking":false,"_monsterinsights_sitenote_active":false,"_monsterinsights_sitenote_note":"","_monsterinsights_sitenote_category":0},"product_brand":[],"product_cat":[35,36],"product_tag":[],"class_list":{"0":"post-10557","1":"product","2":"type-product","3":"status-publish","4":"has-post-thumbnail","6":"product_cat-herramientas","7":"product_cat-insertoras","10":"instock","11":"shipping-taxable","12":"product-type-simple"},"aioseo_notices":[],"_links":{"self":[{"href":"https:\/\/cleh.cl\/en\/wp-json\/wp\/v2\/product\/10557","targetHints":{"allow":["GET"]}}],"collection":[{"href":"https:\/\/cleh.cl\/en\/wp-json\/wp\/v2\/product"}],"about":[{"href":"https:\/\/cleh.cl\/en\/wp-json\/wp\/v2\/types\/product"}],"replies":[{"embeddable":true,"href":"https:\/\/cleh.cl\/en\/wp-json\/wp\/v2\/comments?post=10557"}],"version-history":[{"count":1,"href":"https:\/\/cleh.cl\/en\/wp-json\/wp\/v2\/product\/10557\/revisions"}],"predecessor-version":[{"id":10559,"href":"https:\/\/cleh.cl\/en\/wp-json\/wp\/v2\/product\/10557\/revisions\/10559"}],"wp:featuredmedia":[{"embeddable":true,"href":"https:\/\/cleh.cl\/en\/wp-json\/wp\/v2\/media\/10558"}],"wp:attachment":[{"href":"https:\/\/cleh.cl\/en\/wp-json\/wp\/v2\/media?parent=10557"}],"wp:term":[{"taxonomy":"product_brand","embeddable":true,"href":"https:\/\/cleh.cl\/en\/wp-json\/wp\/v2\/product_brand?post=10557"},{"taxonomy":"product_cat","embeddable":true,"href":"https:\/\/cleh.cl\/en\/wp-json\/wp\/v2\/product_cat?post=10557"},{"taxonomy":"product_tag","embeddable":true,"href":"https:\/\/cleh.cl\/en\/wp-json\/wp\/v2\/product_tag?post=10557"}],"curies":[{"name":"wp","href":"https:\/\/api.w.org\/{rel}","templated":true}]}}