{"id":10628,"date":"2024-01-12T07:56:26","date_gmt":"2024-01-12T07:56:26","guid":{"rendered":"https:\/\/cleh.cl\/?post_type=product&#038;p=10628"},"modified":"2025-11-19T19:24:56","modified_gmt":"2025-11-19T19:24:56","slug":"multimetro-fibra-optica","status":"publish","type":"product","link":"https:\/\/cleh.cl\/en\/product\/multimetro-fibra-optica\/","title":{"rendered":"POWER METER 4 EN 1"},"content":{"rendered":"<h1 style=\"text-align: center\">POWER METER 4 EN 1<\/h1>\n<p style=\"text-align: center\">puede medir 8 longitudes de onda est\u00e1ndar 850\/980\/1300\/1310\/1490\/ 1550\/1625\/1650 nm, rango de prueba: -70 dBm ~+6 dBm, fuente de luz roja de 1 mw. Soporta iluminaci\u00f3n, admite<br \/>\napagado autom\u00e1tico, admite selecci\u00f3n de retroiluminaci\u00f3n, admite funci\u00f3n de memoria de longitud de onda, admite calibraci\u00f3n de usuario. Admite<br \/>\ninterfaz universal FC\/SC\/, admite pruebas de RJ45, admite visualizaci\u00f3n simult\u00e1nea de mW lineales y no lineales \u00edndice lineal dBm. El medidor de potencia lum\u00ednica y el VFL, precisi\u00f3n de prueba, mano de obra fina, f\u00e1cil de transportar, sustituyen por completo al medidor de potencia \u00f3ptica y al bol\u00edgrafo rojo 2 productos. Precisi\u00f3n: +\/- 0,05 dB<\/p>","protected":false},"excerpt":{"rendered":"<p>Resoluci\u00f3n de pantalla: mW: 0,1%, dBM: 0,01 dBm Temperatura de trabajo:<br \/>\n-10 ~+60 grados Celsius Temperatura de<br \/>\nalmacenamiento: -30 ~+70 grados Celsius Apagado<br \/>\nautom\u00e1tico: 10 minutos<br \/>\nBater\u00eda en funcionamiento continuo: superior o igual a 72 h Peso: 140 g Color: naranja Material: pl\u00e1stico Tama\u00f1o: 11,2 x 6,6 x 3 cm Contenido del paquete: 1 x medidor de potencia \u00f3ptica 1 * m\u00f3dulo de prueba RJ45<\/p>","protected":false},"featured_media":10629,"comment_status":"closed","ping_status":"closed","template":"","meta":{"om_disable_all_campaigns":false,"_monsterinsights_skip_tracking":false,"_monsterinsights_sitenote_active":false,"_monsterinsights_sitenote_note":"","_monsterinsights_sitenote_category":0},"product_brand":[],"product_cat":[35,119],"product_tag":[],"class_list":{"0":"post-10628","1":"product","2":"type-product","3":"status-publish","4":"has-post-thumbnail","6":"product_cat-herramientas","7":"product_cat-multimetros","10":"instock","11":"shipping-taxable","12":"product-type-simple"},"aioseo_notices":[],"_links":{"self":[{"href":"https:\/\/cleh.cl\/en\/wp-json\/wp\/v2\/product\/10628","targetHints":{"allow":["GET"]}}],"collection":[{"href":"https:\/\/cleh.cl\/en\/wp-json\/wp\/v2\/product"}],"about":[{"href":"https:\/\/cleh.cl\/en\/wp-json\/wp\/v2\/types\/product"}],"replies":[{"embeddable":true,"href":"https:\/\/cleh.cl\/en\/wp-json\/wp\/v2\/comments?post=10628"}],"version-history":[{"count":1,"href":"https:\/\/cleh.cl\/en\/wp-json\/wp\/v2\/product\/10628\/revisions"}],"predecessor-version":[{"id":10630,"href":"https:\/\/cleh.cl\/en\/wp-json\/wp\/v2\/product\/10628\/revisions\/10630"}],"wp:featuredmedia":[{"embeddable":true,"href":"https:\/\/cleh.cl\/en\/wp-json\/wp\/v2\/media\/10629"}],"wp:attachment":[{"href":"https:\/\/cleh.cl\/en\/wp-json\/wp\/v2\/media?parent=10628"}],"wp:term":[{"taxonomy":"product_brand","embeddable":true,"href":"https:\/\/cleh.cl\/en\/wp-json\/wp\/v2\/product_brand?post=10628"},{"taxonomy":"product_cat","embeddable":true,"href":"https:\/\/cleh.cl\/en\/wp-json\/wp\/v2\/product_cat?post=10628"},{"taxonomy":"product_tag","embeddable":true,"href":"https:\/\/cleh.cl\/en\/wp-json\/wp\/v2\/product_tag?post=10628"}],"curies":[{"name":"wp","href":"https:\/\/api.w.org\/{rel}","templated":true}]}}