{"id":10634,"date":"2024-01-12T08:25:48","date_gmt":"2024-01-12T08:25:48","guid":{"rendered":"https:\/\/cleh.cl\/?post_type=product&#038;p=10634"},"modified":"2025-11-19T19:24:57","modified_gmt":"2025-11-19T19:24:57","slug":"vfl-senter-st816","status":"publish","type":"product","link":"https:\/\/cleh.cl\/en\/product\/vfl-senter-st816\/","title":{"rendered":"VFL SENTER ST816"},"content":{"rendered":"<h1 style=\"text-align: center\">VFL SENTER ST816<\/h1>\n<p style=\"text-align: center\">Empaquetado y entrega envases detalles: cartones entrega Detalle: 7 a 10 d\u00edas 1. Localizador visual de fallos de 650nm Resumen tiene la funci\u00f3n de localizador de fallas y la identificaci\u00f3n de la fibra de SM o MM fibra, es un \u00fatil Asistente de zona muerta de OTDR, es tambi\u00e9n una herramienta de mantenimiento b\u00e1sico de fibra&#8230;<\/p>","protected":false},"excerpt":{"rendered":"<table class=\"table\" border=\"0\" width=\"100%\" cellspacing=\"0\" cellpadding=\"0\">\n<tbody>\n<tr class=\"firstRow\">\n<td width=\"132\">Longitud de onda<\/td>\n<td width=\"254\">650nm\u00b110Nm<\/td>\n<\/tr>\n<tr>\n<td width=\"132\">Fuente de luz<\/td>\n<td width=\"254\">Laser FP-LD<\/td>\n<\/tr>\n<tr>\n<td width=\"132\">Potencia de salida<\/td>\n<td width=\"254\">1mW, 3mW, 10mW,<br \/>\n20mW (opcional)<\/td>\n<\/tr>\n<tr>\n<td width=\"132\">Gama de prueba de aprox.<\/td>\n<td width=\"254\">3km(1mW), 5km(3mw),<br \/>\n10km(10mW), 15km(20mw)<\/td>\n<\/tr>\n<tr>\n<td width=\"132\">Conector<\/td>\n<td width=\"254\">adaptador universal de 2,5 mm<br \/>\nconector de 1.25mm opcional<\/td>\n<\/tr>\n<tr>\n<td width=\"132\">Modo de trabajo<\/td>\n<td width=\"254\">Modulaci\u00f3n CW o 2Hz<\/td>\n<\/tr>\n<tr>\n<td width=\"132\">Temperatura de funcionamiento<\/td>\n<td width=\"254\">0 ~ + 40 \u00b0 C<\/td>\n<\/tr>\n<tr>\n<td width=\"132\">Temperatura de almacenamiento<\/td>\n<td width=\"254\">-25 ~ + 70 \u00b0 C<\/td>\n<\/tr>\n<tr>\n<td width=\"132\">Energ\u00eda<\/td>\n<td width=\"254\">bater\u00eda de 2pcs AA<\/td>\n<\/tr>\n<tr>\n<td width=\"132\">Horas de trabajo<\/td>\n<td width=\"254\">\u2265 60(1mW)<\/td>\n<\/tr>\n<tr>\n<td width=\"132\">Peso<\/td>\n<td width=\"254\">100g (sin bater\u00edas)<\/td>\n<\/tr>\n<tr>\n<td width=\"132\">Dimensiones (mm)<\/td>\n<td width=\"254\">\u03a6: 30; L: 185<\/td>\n<\/tr>\n<\/tbody>\n<\/table>","protected":false},"featured_media":10635,"comment_status":"closed","ping_status":"closed","template":"","meta":{"om_disable_all_campaigns":false,"_monsterinsights_skip_tracking":false,"_monsterinsights_sitenote_active":false,"_monsterinsights_sitenote_note":"","_monsterinsights_sitenote_category":0},"product_brand":[],"product_cat":[19,127,122],"product_tag":[],"class_list":{"0":"post-10634","1":"product","2":"type-product","3":"status-publish","4":"has-post-thumbnail","6":"product_cat-fibra-optica","7":"product_cat-vfl-fibra-optica","8":"product_cat-vfl","11":"instock","12":"shipping-taxable","13":"product-type-simple"},"aioseo_notices":[],"_links":{"self":[{"href":"https:\/\/cleh.cl\/en\/wp-json\/wp\/v2\/product\/10634","targetHints":{"allow":["GET"]}}],"collection":[{"href":"https:\/\/cleh.cl\/en\/wp-json\/wp\/v2\/product"}],"about":[{"href":"https:\/\/cleh.cl\/en\/wp-json\/wp\/v2\/types\/product"}],"replies":[{"embeddable":true,"href":"https:\/\/cleh.cl\/en\/wp-json\/wp\/v2\/comments?post=10634"}],"version-history":[{"count":1,"href":"https:\/\/cleh.cl\/en\/wp-json\/wp\/v2\/product\/10634\/revisions"}],"predecessor-version":[{"id":10636,"href":"https:\/\/cleh.cl\/en\/wp-json\/wp\/v2\/product\/10634\/revisions\/10636"}],"wp:featuredmedia":[{"embeddable":true,"href":"https:\/\/cleh.cl\/en\/wp-json\/wp\/v2\/media\/10635"}],"wp:attachment":[{"href":"https:\/\/cleh.cl\/en\/wp-json\/wp\/v2\/media?parent=10634"}],"wp:term":[{"taxonomy":"product_brand","embeddable":true,"href":"https:\/\/cleh.cl\/en\/wp-json\/wp\/v2\/product_brand?post=10634"},{"taxonomy":"product_cat","embeddable":true,"href":"https:\/\/cleh.cl\/en\/wp-json\/wp\/v2\/product_cat?post=10634"},{"taxonomy":"product_tag","embeddable":true,"href":"https:\/\/cleh.cl\/en\/wp-json\/wp\/v2\/product_tag?post=10634"}],"curies":[{"name":"wp","href":"https:\/\/api.w.org\/{rel}","templated":true}]}}