{"id":10698,"date":"2024-01-12T09:37:08","date_gmt":"2024-01-12T09:37:08","guid":{"rendered":"https:\/\/cleh.cl\/?post_type=product&#038;p=10698"},"modified":"2025-11-19T19:25:00","modified_gmt":"2025-11-19T19:25:00","slug":"pump-gas-detector","status":"publish","type":"product","link":"https:\/\/cleh.cl\/en\/product\/pump-gas-detector\/","title":{"rendered":"BOMBA PARA DETECTOR DE GAS"},"content":{"rendered":"<h1 style=\"text-align: center\">BOMBA PARA DETECTOR DE GAS<\/h1>\n<p style=\"text-align: center\">Esta es una bomba el\u00e9ctrica de extracci\u00f3n de gas, el papel es extraer gas, para detectores de gas detecci\u00f3n suave y precisa, hay 250 ml\/min y 500 ml\/min dos tipos de potencia de extracci\u00f3n, si desea detectar la densidad del gas, satisfar\u00e1 sus necesidades.<\/p>","protected":false},"excerpt":{"rendered":"<p>Pantalla: pantalla LCD;<br \/>\nExtracci\u00f3n: 250 ml\/min y 500 ml\/min;<br \/>\nVoltaje de la bater\u00eda: 3,7 V;<br \/>\nCorriente de carga: \u2264 1A;<br \/>\nVoltaje de carga: 5V;<\/p>","protected":false},"featured_media":10699,"comment_status":"closed","ping_status":"closed","template":"","meta":{"om_disable_all_campaigns":false,"_monsterinsights_skip_tracking":false,"_monsterinsights_sitenote_active":false,"_monsterinsights_sitenote_note":"","_monsterinsights_sitenote_category":0},"product_brand":[],"product_cat":[126,42],"product_tag":[],"class_list":{"0":"post-10698","1":"product","2":"type-product","3":"status-publish","4":"has-post-thumbnail","6":"product_cat-detector-de-gas","7":"product_cat-epp","10":"instock","11":"shipping-taxable","12":"product-type-simple"},"aioseo_notices":[],"_links":{"self":[{"href":"https:\/\/cleh.cl\/en\/wp-json\/wp\/v2\/product\/10698","targetHints":{"allow":["GET"]}}],"collection":[{"href":"https:\/\/cleh.cl\/en\/wp-json\/wp\/v2\/product"}],"about":[{"href":"https:\/\/cleh.cl\/en\/wp-json\/wp\/v2\/types\/product"}],"replies":[{"embeddable":true,"href":"https:\/\/cleh.cl\/en\/wp-json\/wp\/v2\/comments?post=10698"}],"version-history":[{"count":1,"href":"https:\/\/cleh.cl\/en\/wp-json\/wp\/v2\/product\/10698\/revisions"}],"predecessor-version":[{"id":10700,"href":"https:\/\/cleh.cl\/en\/wp-json\/wp\/v2\/product\/10698\/revisions\/10700"}],"wp:featuredmedia":[{"embeddable":true,"href":"https:\/\/cleh.cl\/en\/wp-json\/wp\/v2\/media\/10699"}],"wp:attachment":[{"href":"https:\/\/cleh.cl\/en\/wp-json\/wp\/v2\/media?parent=10698"}],"wp:term":[{"taxonomy":"product_brand","embeddable":true,"href":"https:\/\/cleh.cl\/en\/wp-json\/wp\/v2\/product_brand?post=10698"},{"taxonomy":"product_cat","embeddable":true,"href":"https:\/\/cleh.cl\/en\/wp-json\/wp\/v2\/product_cat?post=10698"},{"taxonomy":"product_tag","embeddable":true,"href":"https:\/\/cleh.cl\/en\/wp-json\/wp\/v2\/product_tag?post=10698"}],"curies":[{"name":"wp","href":"https:\/\/api.w.org\/{rel}","templated":true}]}}