{"id":10721,"date":"2024-01-12T10:37:08","date_gmt":"2024-01-12T10:37:08","guid":{"rendered":"https:\/\/cleh.cl\/?post_type=product&#038;p=10721"},"modified":"2025-11-19T19:25:05","modified_gmt":"2025-11-19T19:25:05","slug":"pelacables-fibra-optica-de-3-orificios-ripley-cfs-3","status":"publish","type":"product","link":"https:\/\/cleh.cl\/en\/product\/pelacables-fibra-optica-de-3-orificios-ripley-cfs-3\/","title":{"rendered":"PELACABLES FIBRA \u00d3PTICA DE 3 ORIFICIOS RIPLEY CFS-3"},"content":{"rendered":"<h1 style=\"text-align: center;\">PELACABLES FIBRA \u00d3PTICA DE 3 ORIFICIOS RIPLEY CFS-3<\/h1>\n<ul>\n<li>El dise\u00f1o de tres orificios elimina eficientemente cubiertas y amortiguadores de fibra de 1,6 mm a 3 mm hasta la fibra desnuda de 125 micrones en una sola herramienta compacta<\/li>\n<li>Todas las superficies de decapado est\u00e1n fabricadas con calidad y tolerancias precisas para garantizar tiras limpias y suaves en cada uso.<\/li>\n<li>Las muescas de la hoja configuradas en f\u00e1brica no requieren ajuste y no rayan ni mellan la fibra.<\/li>\n<li>Los mangos de elast\u00f3mero termopl\u00e1stico que cumplen con las normas est\u00e1n dise\u00f1ados ergon\u00f3micamente para adaptarse c\u00f3modamente a cualquier mano, lo que reduce el riesgo de lesiones debido a la funci\u00f3n de extracci\u00f3n repetitiva.<\/li>\n<\/ul>","protected":false},"excerpt":{"rendered":"<ul>\n<li>El dise\u00f1o de tres orificios elimina eficientemente cubiertas y amortiguadores de fibra de 1,6 mm a 3 mm hasta la fibra desnuda de 125 micrones en una sola herramienta compacta<\/li>\n<li>Todas las superficies de decapado est\u00e1n fabricadas con calidad y tolerancias precisas para garantizar tiras limpias y suaves en cada uso.<\/li>\n<li>Las muescas de la hoja configuradas en f\u00e1brica no requieren ajuste y no rayan ni mellan la fibra.<\/li>\n<li>Los mangos de elast\u00f3mero termopl\u00e1stico que cumplen con las normas est\u00e1n dise\u00f1ados ergon\u00f3micamente para adaptarse c\u00f3modamente a cualquier mano, lo que reduce el riesgo de lesiones debido a la funci\u00f3n de extracci\u00f3n repetitiva.<\/li>\n<\/ul>","protected":false},"featured_media":10722,"comment_status":"closed","ping_status":"closed","template":"","meta":{"om_disable_all_campaigns":false,"_monsterinsights_skip_tracking":false,"_monsterinsights_sitenote_active":false,"_monsterinsights_sitenote_note":"","_monsterinsights_sitenote_category":0},"product_brand":[],"product_cat":[19],"product_tag":[],"class_list":{"0":"post-10721","1":"product","2":"type-product","3":"status-publish","4":"has-post-thumbnail","6":"product_cat-fibra-optica","9":"instock","10":"shipping-taxable","11":"product-type-simple"},"aioseo_notices":[],"_links":{"self":[{"href":"https:\/\/cleh.cl\/en\/wp-json\/wp\/v2\/product\/10721","targetHints":{"allow":["GET"]}}],"collection":[{"href":"https:\/\/cleh.cl\/en\/wp-json\/wp\/v2\/product"}],"about":[{"href":"https:\/\/cleh.cl\/en\/wp-json\/wp\/v2\/types\/product"}],"replies":[{"embeddable":true,"href":"https:\/\/cleh.cl\/en\/wp-json\/wp\/v2\/comments?post=10721"}],"version-history":[{"count":1,"href":"https:\/\/cleh.cl\/en\/wp-json\/wp\/v2\/product\/10721\/revisions"}],"predecessor-version":[{"id":10723,"href":"https:\/\/cleh.cl\/en\/wp-json\/wp\/v2\/product\/10721\/revisions\/10723"}],"wp:featuredmedia":[{"embeddable":true,"href":"https:\/\/cleh.cl\/en\/wp-json\/wp\/v2\/media\/10722"}],"wp:attachment":[{"href":"https:\/\/cleh.cl\/en\/wp-json\/wp\/v2\/media?parent=10721"}],"wp:term":[{"taxonomy":"product_brand","embeddable":true,"href":"https:\/\/cleh.cl\/en\/wp-json\/wp\/v2\/product_brand?post=10721"},{"taxonomy":"product_cat","embeddable":true,"href":"https:\/\/cleh.cl\/en\/wp-json\/wp\/v2\/product_cat?post=10721"},{"taxonomy":"product_tag","embeddable":true,"href":"https:\/\/cleh.cl\/en\/wp-json\/wp\/v2\/product_tag?post=10721"}],"curies":[{"name":"wp","href":"https:\/\/api.w.org\/{rel}","templated":true}]}}