{"id":10756,"date":"2024-01-12T12:29:34","date_gmt":"2024-01-12T12:29:34","guid":{"rendered":"https:\/\/cleh.cl\/?post_type=product&#038;p=10756"},"modified":"2025-11-19T19:25:11","modified_gmt":"2025-11-19T19:25:11","slug":"satfinder-freesat-v8","status":"publish","type":"product","link":"https:\/\/cleh.cl\/en\/product\/satfinder-freesat-v8\/","title":{"rendered":"BUSCADOR DE SAT\u00c9LITE FREESAT V8"},"content":{"rendered":"<h1 style=\"text-align: center\">BUSCADOR DE SAT\u00c9LITE FREESAT V8<\/h1>\n<p style=\"text-align: center\"><span class=\"a-list-item\">1.V8 Sat Finder Pantalla LCD a color de 3,5 pulgadas, bater\u00eda de iones de litio de 3000 mA, trabajo normal hasta 4 horas, los pasos para agregar se encuentran en la siguiente descripci\u00f3n del producto.<\/span><\/p>\n<p style=\"text-align: center\"><span class=\"a-list-item\">2. Capacidades del sistema: compatible con Full HD DVB-S\/S2, totalmente compatible con DVB, 6000 canales de TV y radio programables<\/span><\/p>\n<p style=\"text-align: center\"><span class=\"a-list-item\">3.V8 Finder Admite funci\u00f3n de entrada AV y salida AV\/HDMI, pantalla de energ\u00eda de la bater\u00eda, admite pantalla LED del panel de estado de 13V \/ 18V \/ LOCK directamente, Software actualizable a trav\u00e9s de USB,<\/span><\/p>\n<p style=\"text-align: center\"><span class=\"a-list-item\">4.Memoria DDR3\/Memoria Flash: 1Gb DDR3\/64Mb Flash serie<\/span><\/p>","protected":false},"excerpt":{"rendered":"<ol>\n<li>Totalmente compatible con DVB, imagen y sonido digital FTA en vivo<\/li>\n<li>Pantalla LCD a color de 3,5 pulgadas,<\/li>\n<li>Bater\u00eda de iones de litio de 3000 mA, trabajo normal hasta 4 horas,<\/li>\n<li>Admite funci\u00f3n de entrada AV y salida AV\/HD,<\/li>\n<li>Admite pantalla LED de panel de estado de 13V \/ 18V\/BLOQUEO directamente,<\/li>\n<li>Admite visualizaci\u00f3n de energ\u00eda de la bater\u00eda,<\/li>\n<li>Software actualizable a trav\u00e9s de USB<\/li>\n<li>Sitio web de soporte t\u00e9cnico: www.freesat.cn<\/li>\n<\/ol>","protected":false},"featured_media":10757,"comment_status":"closed","ping_status":"closed","template":"","meta":{"om_disable_all_campaigns":false,"_monsterinsights_skip_tracking":false,"_monsterinsights_sitenote_active":false,"_monsterinsights_sitenote_note":"","_monsterinsights_sitenote_category":0},"product_brand":[],"product_cat":[35,37],"product_tag":[],"class_list":{"0":"post-10756","1":"product","2":"type-product","3":"status-publish","4":"has-post-thumbnail","6":"product_cat-herramientas","7":"product_cat-satfinders","10":"instock","11":"shipping-taxable","12":"product-type-simple"},"aioseo_notices":[],"_links":{"self":[{"href":"https:\/\/cleh.cl\/en\/wp-json\/wp\/v2\/product\/10756","targetHints":{"allow":["GET"]}}],"collection":[{"href":"https:\/\/cleh.cl\/en\/wp-json\/wp\/v2\/product"}],"about":[{"href":"https:\/\/cleh.cl\/en\/wp-json\/wp\/v2\/types\/product"}],"replies":[{"embeddable":true,"href":"https:\/\/cleh.cl\/en\/wp-json\/wp\/v2\/comments?post=10756"}],"version-history":[{"count":1,"href":"https:\/\/cleh.cl\/en\/wp-json\/wp\/v2\/product\/10756\/revisions"}],"predecessor-version":[{"id":10758,"href":"https:\/\/cleh.cl\/en\/wp-json\/wp\/v2\/product\/10756\/revisions\/10758"}],"wp:featuredmedia":[{"embeddable":true,"href":"https:\/\/cleh.cl\/en\/wp-json\/wp\/v2\/media\/10757"}],"wp:attachment":[{"href":"https:\/\/cleh.cl\/en\/wp-json\/wp\/v2\/media?parent=10756"}],"wp:term":[{"taxonomy":"product_brand","embeddable":true,"href":"https:\/\/cleh.cl\/en\/wp-json\/wp\/v2\/product_brand?post=10756"},{"taxonomy":"product_cat","embeddable":true,"href":"https:\/\/cleh.cl\/en\/wp-json\/wp\/v2\/product_cat?post=10756"},{"taxonomy":"product_tag","embeddable":true,"href":"https:\/\/cleh.cl\/en\/wp-json\/wp\/v2\/product_tag?post=10756"}],"curies":[{"name":"wp","href":"https:\/\/api.w.org\/{rel}","templated":true}]}}