{"id":10759,"date":"2024-01-12T12:37:20","date_gmt":"2024-01-12T12:37:20","guid":{"rendered":"https:\/\/cleh.cl\/?post_type=product&#038;p=10759"},"modified":"2025-11-19T19:25:11","modified_gmt":"2025-11-19T19:25:11","slug":"microscopio-optico-fibra","status":"publish","type":"product","link":"https:\/\/cleh.cl\/en\/product\/microscopio-optico-fibra\/","title":{"rendered":"MICROSCOPIO \u00d3PTICO FIBRA"},"content":{"rendered":"<h1 style=\"text-align: center\">MICROSCOPIO \u00d3PTICO FIBRA<\/h1>\n<p>El microscopio de fibra de mano se utiliza para inspeccionar terminaciones de fibra, proporcionando la vista m\u00e1s cr\u00edtica de las caras finales de fibra. Este microscopio de mano 400x produce excelentes detalles de ara\u00f1azos y contaminaci\u00f3n con su buen rendimiento \u00f3ptico y filtros de seguridad l\u00e1ser integrados. Es La elecci\u00f3n clara para el examen cr\u00edtico de la calidad del esmalte. La luz se introduce en la trayectoria \u00f3ptica (eje) para que salga de la punta del objetivo y golpee la muestra perpendicular a la cara final de la fibra. Para un examen cr\u00edtico de la calidad del esmalte, le recomendamos encarecidamente que utilice este microscopio de fibra.<\/p>\n<p>&nbsp;<\/p>","protected":false},"excerpt":{"rendered":"<p>Material de la carcasa: aluminio con pintura<br \/>\n\u2022 Aumento \u00f3ptico: 400x<br \/>\n\u2022 Fuente de alimentaci\u00f3n: 3 pilas AAA<br \/>\n\u2022 Fuente de luz: LED blanco, clasificado para 100.000 horas<br \/>\n\u2022 Peso: 0,6Kg<br \/>\n\u2022 Tama\u00f1o: 225mm (8,76 &#8220;) de longitud x 32mm (1,25&#8221;) de di\u00e1metro<br \/>\n\u2022 Controles: interruptor de encendido\/apagado moment\u00e1neo para fuente de luz, rueda de control de enfoque fino<br \/>\n\u2022 Filtro de seguridad: Filtro IR incorporado<br \/>\n\u2022 Adaptador: 1,25mm\/2,5mm<\/p>","protected":false},"featured_media":10760,"comment_status":"closed","ping_status":"closed","template":"","meta":{"om_disable_all_campaigns":false,"_monsterinsights_skip_tracking":false,"_monsterinsights_sitenote_active":false,"_monsterinsights_sitenote_note":"","_monsterinsights_sitenote_category":0},"product_brand":[],"product_cat":[19],"product_tag":[],"class_list":{"0":"post-10759","1":"product","2":"type-product","3":"status-publish","4":"has-post-thumbnail","6":"product_cat-fibra-optica","9":"instock","10":"shipping-taxable","11":"product-type-simple"},"aioseo_notices":[],"_links":{"self":[{"href":"https:\/\/cleh.cl\/en\/wp-json\/wp\/v2\/product\/10759","targetHints":{"allow":["GET"]}}],"collection":[{"href":"https:\/\/cleh.cl\/en\/wp-json\/wp\/v2\/product"}],"about":[{"href":"https:\/\/cleh.cl\/en\/wp-json\/wp\/v2\/types\/product"}],"replies":[{"embeddable":true,"href":"https:\/\/cleh.cl\/en\/wp-json\/wp\/v2\/comments?post=10759"}],"version-history":[{"count":1,"href":"https:\/\/cleh.cl\/en\/wp-json\/wp\/v2\/product\/10759\/revisions"}],"predecessor-version":[{"id":10761,"href":"https:\/\/cleh.cl\/en\/wp-json\/wp\/v2\/product\/10759\/revisions\/10761"}],"wp:featuredmedia":[{"embeddable":true,"href":"https:\/\/cleh.cl\/en\/wp-json\/wp\/v2\/media\/10760"}],"wp:attachment":[{"href":"https:\/\/cleh.cl\/en\/wp-json\/wp\/v2\/media?parent=10759"}],"wp:term":[{"taxonomy":"product_brand","embeddable":true,"href":"https:\/\/cleh.cl\/en\/wp-json\/wp\/v2\/product_brand?post=10759"},{"taxonomy":"product_cat","embeddable":true,"href":"https:\/\/cleh.cl\/en\/wp-json\/wp\/v2\/product_cat?post=10759"},{"taxonomy":"product_tag","embeddable":true,"href":"https:\/\/cleh.cl\/en\/wp-json\/wp\/v2\/product_tag?post=10759"}],"curies":[{"name":"wp","href":"https:\/\/api.w.org\/{rel}","templated":true}]}}