{"id":10765,"date":"2024-01-12T13:26:54","date_gmt":"2024-01-12T13:26:54","guid":{"rendered":"https:\/\/cleh.cl\/?post_type=product&#038;p=10765"},"modified":"2025-11-19T19:25:13","modified_gmt":"2025-11-19T19:25:13","slug":"telefono-de-pruebas-pros-kit-mt-8100","status":"publish","type":"product","link":"https:\/\/cleh.cl\/en\/product\/telefono-de-pruebas-pros-kit-mt-8100\/","title":{"rendered":"TEL\u00c9FONO DE PRUEBAS PRO\u00b4S KIT MT-8100"},"content":{"rendered":"<h1 style=\"text-align: center\">TEL\u00c9FONO DE PRUEBAS PRO\u00b4S KIT MT-8100<\/h1>\n<p style=\"text-align: center\">MT-8100 Butt Set viene con todas las funciones que necesita para ser m\u00e1s productivo en el campo, fue aprobado por IEC\/EN 60529 IP54 para pruebas impermeables y a prueba de polvo, y cuenta con las \u00faltimas mejoras para la fiabilidad de la protecci\u00f3n contra ca\u00eddas. MT-8100 es una unidad de operaci\u00f3n inteligente utilizada por el instalador, los t\u00e9cnicos de reparaci\u00f3n y otro personal autorizado para probar l\u00edneas de abonado de voz de alambre de cobre. Es f\u00e1cil de usar, cuenta con prueba de voltaje de l\u00ednea, prueba de continuidad, altavoz amplificado manos libres bidireccionales, marcaci\u00f3n r\u00e1pida, indicador de bater\u00eda baja y un clip de cintur\u00f3n de bloqueo resistente.<\/p>","protected":false},"excerpt":{"rendered":"<ul class=\"a-unordered-list a-vertical a-spacing-mini\">\n<li class=\"a-spacing-mini\"><span class=\"a-list-item\">Cumple con las pruebas IP54 a prueba de polvo e impermeables<\/span><\/li>\n<li class=\"a-spacing-mini\"><span class=\"a-list-item\">Protecci\u00f3n contra ca\u00eddas<\/span><\/li>\n<li class=\"a-spacing-mini\"><span class=\"a-list-item\">La funci\u00f3n de comprobaci\u00f3n de encendido\/apagado comprueba si la l\u00ednea de telecomunicaciones est\u00e1 bien conectada<\/span><\/li>\n<li class=\"a-spacing-mini\"><span class=\"a-list-item\">Altavoz para una c\u00f3moda conversaci\u00f3n bidireccional manos libres<\/span><\/li>\n<li class=\"a-spacing-mini\"><span class=\"a-list-item\">Funcionamiento de tono y pulso<\/span><\/li>\n<\/ul>","protected":false},"featured_media":10766,"comment_status":"closed","ping_status":"closed","template":"","meta":{"om_disable_all_campaigns":false,"_monsterinsights_skip_tracking":false,"_monsterinsights_sitenote_active":false,"_monsterinsights_sitenote_note":"","_monsterinsights_sitenote_category":0},"product_brand":[],"product_cat":[],"product_tag":[],"class_list":{"0":"post-10765","1":"product","2":"type-product","3":"status-publish","4":"has-post-thumbnail","8":"instock","9":"shipping-taxable","10":"product-type-simple"},"aioseo_notices":[],"_links":{"self":[{"href":"https:\/\/cleh.cl\/en\/wp-json\/wp\/v2\/product\/10765","targetHints":{"allow":["GET"]}}],"collection":[{"href":"https:\/\/cleh.cl\/en\/wp-json\/wp\/v2\/product"}],"about":[{"href":"https:\/\/cleh.cl\/en\/wp-json\/wp\/v2\/types\/product"}],"replies":[{"embeddable":true,"href":"https:\/\/cleh.cl\/en\/wp-json\/wp\/v2\/comments?post=10765"}],"version-history":[{"count":1,"href":"https:\/\/cleh.cl\/en\/wp-json\/wp\/v2\/product\/10765\/revisions"}],"predecessor-version":[{"id":10767,"href":"https:\/\/cleh.cl\/en\/wp-json\/wp\/v2\/product\/10765\/revisions\/10767"}],"wp:featuredmedia":[{"embeddable":true,"href":"https:\/\/cleh.cl\/en\/wp-json\/wp\/v2\/media\/10766"}],"wp:attachment":[{"href":"https:\/\/cleh.cl\/en\/wp-json\/wp\/v2\/media?parent=10765"}],"wp:term":[{"taxonomy":"product_brand","embeddable":true,"href":"https:\/\/cleh.cl\/en\/wp-json\/wp\/v2\/product_brand?post=10765"},{"taxonomy":"product_cat","embeddable":true,"href":"https:\/\/cleh.cl\/en\/wp-json\/wp\/v2\/product_cat?post=10765"},{"taxonomy":"product_tag","embeddable":true,"href":"https:\/\/cleh.cl\/en\/wp-json\/wp\/v2\/product_tag?post=10765"}],"curies":[{"name":"wp","href":"https:\/\/api.w.org\/{rel}","templated":true}]}}