{"id":10787,"date":"2024-01-12T14:00:47","date_gmt":"2024-01-12T14:00:47","guid":{"rendered":"https:\/\/cleh.cl\/?post_type=product&#038;p=10787"},"modified":"2025-11-19T19:25:13","modified_gmt":"2025-11-19T19:25:13","slug":"tijeras-electricistas-miller-5","status":"publish","type":"product","link":"https:\/\/cleh.cl\/en\/product\/tijeras-electricistas-miller-5\/","title":{"rendered":"TIJERAS ELECTRICISTAS MILLER 5&#8243;"},"content":{"rendered":"<h1 style=\"text-align: center\">TIJERAS ELECTRICISTAS MILLER 5&#8243;<\/h1>\n<p style=\"text-align: center\">Herramienta de servicio multiusos.\u00a0Todas las superficies exteriores y superficies interiores de las aspas tienen doble revestimiento.\u00a0Cromo sobre n\u00edquel para evitar el \u00f3xido y la corrosi\u00f3n.\u00a0Tijeras de electricista que ofrecen esta doble protecci\u00f3n total.\u00a0Cada par est\u00e1 totalmente endurecido para a\u00f1os de servicio.\u00a0Uso para empalmar cables;\u00a0corte de amarres de arneses, materiales aislantes, medianos.\u00a0Cables de calibre y cinta aislante;\u00a0Y quitando el aislamiento.\u00a0Muescas de pelado para cables de calibre 19 y 23.<\/p>","protected":false},"excerpt":{"rendered":"<p>Herramienta de servicio multiusos.\u00a0Todas las superficies exteriores y superficies interiores de las aspas tienen doble revestimiento.\u00a0Cromo sobre n\u00edquel para evitar el \u00f3xido y la corrosi\u00f3n.\u00a0Tijeras de electricista que ofrecen esta doble protecci\u00f3n total.\u00a0Cada par est\u00e1 totalmente endurecido para a\u00f1os de servicio.\u00a0Uso para empalmar cables;\u00a0corte de amarres de arneses, materiales aislantes, medianos.\u00a0Cables de calibre y cinta aislante;\u00a0Y quitando el aislamiento.\u00a0Muescas de pelado para cables de calibre 19 y 23.<\/p>","protected":false},"featured_media":10788,"comment_status":"closed","ping_status":"closed","template":"","meta":{"om_disable_all_campaigns":false,"_monsterinsights_skip_tracking":false,"_monsterinsights_sitenote_active":false,"_monsterinsights_sitenote_note":"","_monsterinsights_sitenote_category":0},"product_brand":[],"product_cat":[19],"product_tag":[],"class_list":{"0":"post-10787","1":"product","2":"type-product","3":"status-publish","4":"has-post-thumbnail","6":"product_cat-fibra-optica","9":"instock","10":"shipping-taxable","11":"product-type-simple"},"aioseo_notices":[],"_links":{"self":[{"href":"https:\/\/cleh.cl\/en\/wp-json\/wp\/v2\/product\/10787","targetHints":{"allow":["GET"]}}],"collection":[{"href":"https:\/\/cleh.cl\/en\/wp-json\/wp\/v2\/product"}],"about":[{"href":"https:\/\/cleh.cl\/en\/wp-json\/wp\/v2\/types\/product"}],"replies":[{"embeddable":true,"href":"https:\/\/cleh.cl\/en\/wp-json\/wp\/v2\/comments?post=10787"}],"version-history":[{"count":1,"href":"https:\/\/cleh.cl\/en\/wp-json\/wp\/v2\/product\/10787\/revisions"}],"predecessor-version":[{"id":10789,"href":"https:\/\/cleh.cl\/en\/wp-json\/wp\/v2\/product\/10787\/revisions\/10789"}],"wp:featuredmedia":[{"embeddable":true,"href":"https:\/\/cleh.cl\/en\/wp-json\/wp\/v2\/media\/10788"}],"wp:attachment":[{"href":"https:\/\/cleh.cl\/en\/wp-json\/wp\/v2\/media?parent=10787"}],"wp:term":[{"taxonomy":"product_brand","embeddable":true,"href":"https:\/\/cleh.cl\/en\/wp-json\/wp\/v2\/product_brand?post=10787"},{"taxonomy":"product_cat","embeddable":true,"href":"https:\/\/cleh.cl\/en\/wp-json\/wp\/v2\/product_cat?post=10787"},{"taxonomy":"product_tag","embeddable":true,"href":"https:\/\/cleh.cl\/en\/wp-json\/wp\/v2\/product_tag?post=10787"}],"curies":[{"name":"wp","href":"https:\/\/api.w.org\/{rel}","templated":true}]}}