{"id":10796,"date":"2024-01-12T14:08:41","date_gmt":"2024-01-12T14:08:41","guid":{"rendered":"https:\/\/cleh.cl\/?post_type=product&#038;p=10796"},"modified":"2025-11-19T19:25:14","modified_gmt":"2025-11-19T19:25:14","slug":"convertidor-usb-2-0-a-db9-ugreen","status":"publish","type":"product","link":"https:\/\/cleh.cl\/en\/product\/convertidor-usb-2-0-a-db9-ugreen\/","title":{"rendered":"CONVERTIDOR USB 2.0 A DB9 UGREEN"},"content":{"rendered":"<h1 style=\"text-align: center\">CONVERTIDOR USB 2.0 A DB9 UGREEN<\/h1>\n<p style=\"text-align: center\">El cable adaptador convertidor USB a RS232 DB9 serie macho est\u00e1 dise\u00f1ado para conectar dispositivos serie como PC equipadas con DB9, enrutadores, GPS, lectores de c\u00f3digos de barras, rotuladores, m\u00f3dems serie, c\u00e1maras digitales, lectores de tarjetas, Palm PC, tel\u00e9fonos m\u00f3viles, PDA o ISDN. Adaptadores de Terminal a trav\u00e9s de puerto USB con velocidad de transferencia de datos superior a 1Mbps.<\/p>","protected":false},"excerpt":{"rendered":"<p><strong><span>Cable plano serie Ugreen USB 2.0 a RS232 DB9 2M (macho a macho) [CR107 \u2013 20218]<\/span><\/strong><\/p>\n<ul>\n<li><strong><span>Velocidad de transferencia m\u00e1xima: hasta 1 Mbps<\/span><\/strong><\/li>\n<li><strong><span>longitud del cable: 2 metros<\/span><\/strong><\/li>\n<li><strong><span>Admite apret\u00f3n de manos autom\u00e1tico<\/span><\/strong><\/li>\n<li><strong><span>Tipo de cable: Plano<\/span><\/strong><\/li>\n<li><strong><span>Compatible con Windows 10, XP, Vista, Win7, Win8, Mac OS X 10.6 y superior<\/span><\/strong><\/li>\n<li><strong><span>Utilice el \u00faltimo chipset FTDI<\/span><\/strong><\/li>\n<\/ul>\n","protected":false},"featured_media":10797,"comment_status":"closed","ping_status":"closed","template":"","meta":{"om_disable_all_campaigns":false,"_monsterinsights_skip_tracking":false,"_monsterinsights_sitenote_active":false,"_monsterinsights_sitenote_note":"","_monsterinsights_sitenote_category":0},"product_brand":[],"product_cat":[130,43],"product_tag":[],"class_list":{"0":"post-10796","1":"product","2":"type-product","3":"status-publish","4":"has-post-thumbnail","6":"product_cat-adaptadores","7":"product_cat-cables","10":"instock","11":"shipping-taxable","12":"product-type-simple"},"aioseo_notices":[],"_links":{"self":[{"href":"https:\/\/cleh.cl\/en\/wp-json\/wp\/v2\/product\/10796","targetHints":{"allow":["GET"]}}],"collection":[{"href":"https:\/\/cleh.cl\/en\/wp-json\/wp\/v2\/product"}],"about":[{"href":"https:\/\/cleh.cl\/en\/wp-json\/wp\/v2\/types\/product"}],"replies":[{"embeddable":true,"href":"https:\/\/cleh.cl\/en\/wp-json\/wp\/v2\/comments?post=10796"}],"version-history":[{"count":1,"href":"https:\/\/cleh.cl\/en\/wp-json\/wp\/v2\/product\/10796\/revisions"}],"predecessor-version":[{"id":10798,"href":"https:\/\/cleh.cl\/en\/wp-json\/wp\/v2\/product\/10796\/revisions\/10798"}],"wp:featuredmedia":[{"embeddable":true,"href":"https:\/\/cleh.cl\/en\/wp-json\/wp\/v2\/media\/10797"}],"wp:attachment":[{"href":"https:\/\/cleh.cl\/en\/wp-json\/wp\/v2\/media?parent=10796"}],"wp:term":[{"taxonomy":"product_brand","embeddable":true,"href":"https:\/\/cleh.cl\/en\/wp-json\/wp\/v2\/product_brand?post=10796"},{"taxonomy":"product_cat","embeddable":true,"href":"https:\/\/cleh.cl\/en\/wp-json\/wp\/v2\/product_cat?post=10796"},{"taxonomy":"product_tag","embeddable":true,"href":"https:\/\/cleh.cl\/en\/wp-json\/wp\/v2\/product_tag?post=10796"}],"curies":[{"name":"wp","href":"https:\/\/api.w.org\/{rel}","templated":true}]}}