{"id":10865,"date":"2024-01-15T07:30:12","date_gmt":"2024-01-15T07:30:12","guid":{"rendered":"https:\/\/cleh.cl\/?post_type=product&#038;p=10865"},"modified":"2025-11-19T19:25:16","modified_gmt":"2025-11-19T19:25:16","slug":"monitor-multigas-m40","status":"publish","type":"product","link":"https:\/\/cleh.cl\/en\/product\/monitor-multigas-m40\/","title":{"rendered":"MONITOR MULTIGAS M40"},"content":{"rendered":"<h1 style=\"text-align: center\">MONITOR MULTIGAS M40<\/h1>\n<p style=\"text-align: center\">Industrial Scientific Se complace en ofrecer el M40, un monitor multi-gas vers\u00e1til capaz de detectar O2, CO, H2S y gases combustibles para una amplia variedad de aplicaciones en espacios peligrosos y confinados. El M40 est\u00e1 alojado en una carcasa resistente y resistente a los impactos para proporcionar un rendimiento superior y durabilidad en entornos hostiles y resistencia a la radiofrecuencia y la interferencia electromagn\u00e9tica. Su interfaz de cuatro botones proporciona una operaci\u00f3n y calibraci\u00f3n simples e intuitivas, y la funci\u00f3n de cinco segundos &#8220;Apagado&#8221; del M40 evita apagados involuntarios. El tama\u00f1o compacto de la unidad y el precio econ\u00f3mico lo convierten en un instrumento de monitoreo personal ideal. Otras caracter\u00edsticas est\u00e1ndar incluyen una alarma vibratoria, bater\u00eda de iones de litio, lecturas de pico\/retenci\u00f3n, pantalla LCD grande, capacidad de registro de datos de 75 horas y clip para cintur\u00f3n. Una bomba de muestreo par\u00e1sita compacta opcional permite el muestreo remoto desde hasta 50 pies de distancia. El M40 tiene una garant\u00eda de dos a\u00f1os<\/p>\n<p>&nbsp;<\/p>","protected":false},"excerpt":{"rendered":"<div id=\"ppd\">\n<div id=\"centerCol\" class=\"centerColAlign\">\n<div id=\"featurebullets_feature_div\" class=\"celwidget\" data-feature-name=\"featurebullets\" data-csa-c-type=\"widget\" data-csa-c-content-id=\"featurebullets\" data-csa-c-slot-id=\"featurebullets_feature_div\" data-csa-c-asin=\"B005ML6PMO\" data-csa-c-is-in-initial-active-row=\"false\" data-csa-c-id=\"9oipcf-l5io3l-eb9vi4-cq27xi\" data-cel-widget=\"featurebullets_feature_div\">\n<div id=\"feature-bullets\" class=\"a-section a-spacing-medium a-spacing-top-small\">\n<h1 class=\"a-size-base-plus a-text-bold\">Sobre este art\u00edculo<\/h1>\n<ul class=\"a-unordered-list a-vertical a-spacing-mini\">\n<li class=\"a-spacing-mini\"><span class=\"a-list-item\">Carcasa de ABS compacta, ligera y resistente<\/span><\/li>\n<li class=\"a-spacing-mini\"><span class=\"a-list-item\">Paquete de bater\u00edas de iones de litio<\/span><\/li>\n<li class=\"a-spacing-mini\"><span class=\"a-list-item\">La memoria interna puede registrar hasta 75 horas de datos de exposici\u00f3n<\/span><\/li>\n<li class=\"a-spacing-mini\"><span class=\"a-list-item\">LCD gr\u00e1fico<\/span><\/li>\n<li class=\"a-spacing-mini\"><span class=\"a-list-item\">LCD proporciona lecturas simult\u00e1neas de todos los gases que se monitorean<\/span><\/li>\n<\/ul>\n<\/div>\n<\/div>\n<\/div>\n<\/div>","protected":false},"featured_media":10866,"comment_status":"closed","ping_status":"closed","template":"","meta":{"om_disable_all_campaigns":false,"_monsterinsights_skip_tracking":false,"_monsterinsights_sitenote_active":false,"_monsterinsights_sitenote_note":"","_monsterinsights_sitenote_category":0},"product_brand":[],"product_cat":[126,42],"product_tag":[],"class_list":{"0":"post-10865","1":"product","2":"type-product","3":"status-publish","4":"has-post-thumbnail","6":"product_cat-detector-de-gas","7":"product_cat-epp","10":"instock","11":"shipping-taxable","12":"product-type-simple"},"aioseo_notices":[],"_links":{"self":[{"href":"https:\/\/cleh.cl\/en\/wp-json\/wp\/v2\/product\/10865","targetHints":{"allow":["GET"]}}],"collection":[{"href":"https:\/\/cleh.cl\/en\/wp-json\/wp\/v2\/product"}],"about":[{"href":"https:\/\/cleh.cl\/en\/wp-json\/wp\/v2\/types\/product"}],"replies":[{"embeddable":true,"href":"https:\/\/cleh.cl\/en\/wp-json\/wp\/v2\/comments?post=10865"}],"version-history":[{"count":1,"href":"https:\/\/cleh.cl\/en\/wp-json\/wp\/v2\/product\/10865\/revisions"}],"predecessor-version":[{"id":10867,"href":"https:\/\/cleh.cl\/en\/wp-json\/wp\/v2\/product\/10865\/revisions\/10867"}],"wp:featuredmedia":[{"embeddable":true,"href":"https:\/\/cleh.cl\/en\/wp-json\/wp\/v2\/media\/10866"}],"wp:attachment":[{"href":"https:\/\/cleh.cl\/en\/wp-json\/wp\/v2\/media?parent=10865"}],"wp:term":[{"taxonomy":"product_brand","embeddable":true,"href":"https:\/\/cleh.cl\/en\/wp-json\/wp\/v2\/product_brand?post=10865"},{"taxonomy":"product_cat","embeddable":true,"href":"https:\/\/cleh.cl\/en\/wp-json\/wp\/v2\/product_cat?post=10865"},{"taxonomy":"product_tag","embeddable":true,"href":"https:\/\/cleh.cl\/en\/wp-json\/wp\/v2\/product_tag?post=10865"}],"curies":[{"name":"wp","href":"https:\/\/api.w.org\/{rel}","templated":true}]}}