{"id":10871,"date":"2024-01-15T08:43:24","date_gmt":"2024-01-15T08:43:24","guid":{"rendered":"https:\/\/cleh.cl\/?post_type=product&#038;p=10871"},"modified":"2025-11-19T19:25:18","modified_gmt":"2025-11-19T19:25:18","slug":"pila-alcalina-duracell-aa","status":"publish","type":"product","link":"https:\/\/cleh.cl\/en\/product\/pila-alcalina-duracell-aa\/","title":{"rendered":"PILA ALCALINA DURACELL AA"},"content":{"rendered":"<h1 style=\"text-align: center\">PILA ALCALINA DURACELL AA<\/h1>\n<p style=\"text-align: center\">Las pilas Duracell proporciona una\u00a0gran fiabilidad\u00a0para su uso en dispositivos electr\u00f3nicos que requieran una alimentaci\u00f3n el\u00e9ctrica fiable.\u00a0Excelentes\u00a0para proporcionar una alimentaci\u00f3n confiable en\u00a0los dispositivos de uso domestico, estas pilas alcalinas multiuso dura m\u00e1s, mucho m\u00e1s vs. pilas comunes de zinc-carb\u00f3n<\/p>","protected":false},"excerpt":{"rendered":"<p>Perfectas para\u00a0 evitar el cambio constante en los diferentes dispositivos. Gracias a la tecnolog\u00eda Duracell Duralock, las pilas Duracell sin utilizar retienen su capacidad energ\u00e9tica durante un m\u00e1ximo de 10 a\u00f1os de almacenamiento en condiciones ambientales, ofreci\u00e9ndote la libertad de disfrutar del uso de tus dispositivos. Las pilas rinden su m\u00e1ximo provecho\u00a0para cuando las necesites son compatibles en un sin fin de productos tales como ;juguetes, linternas, balanzas, aud\u00edfonos, controles, consolas port\u00e1tiles de video juegos, etc.<\/p>","protected":false},"featured_media":10872,"comment_status":"closed","ping_status":"closed","template":"","meta":{"om_disable_all_campaigns":false,"_monsterinsights_skip_tracking":false,"_monsterinsights_sitenote_active":false,"_monsterinsights_sitenote_note":"","_monsterinsights_sitenote_category":0},"product_brand":[],"product_cat":[131,35],"product_tag":[],"class_list":{"0":"post-10871","1":"product","2":"type-product","3":"status-publish","4":"has-post-thumbnail","6":"product_cat-baterias","7":"product_cat-herramientas","10":"instock","11":"shipping-taxable","12":"product-type-simple"},"aioseo_notices":[],"_links":{"self":[{"href":"https:\/\/cleh.cl\/en\/wp-json\/wp\/v2\/product\/10871","targetHints":{"allow":["GET"]}}],"collection":[{"href":"https:\/\/cleh.cl\/en\/wp-json\/wp\/v2\/product"}],"about":[{"href":"https:\/\/cleh.cl\/en\/wp-json\/wp\/v2\/types\/product"}],"replies":[{"embeddable":true,"href":"https:\/\/cleh.cl\/en\/wp-json\/wp\/v2\/comments?post=10871"}],"version-history":[{"count":1,"href":"https:\/\/cleh.cl\/en\/wp-json\/wp\/v2\/product\/10871\/revisions"}],"predecessor-version":[{"id":10873,"href":"https:\/\/cleh.cl\/en\/wp-json\/wp\/v2\/product\/10871\/revisions\/10873"}],"wp:featuredmedia":[{"embeddable":true,"href":"https:\/\/cleh.cl\/en\/wp-json\/wp\/v2\/media\/10872"}],"wp:attachment":[{"href":"https:\/\/cleh.cl\/en\/wp-json\/wp\/v2\/media?parent=10871"}],"wp:term":[{"taxonomy":"product_brand","embeddable":true,"href":"https:\/\/cleh.cl\/en\/wp-json\/wp\/v2\/product_brand?post=10871"},{"taxonomy":"product_cat","embeddable":true,"href":"https:\/\/cleh.cl\/en\/wp-json\/wp\/v2\/product_cat?post=10871"},{"taxonomy":"product_tag","embeddable":true,"href":"https:\/\/cleh.cl\/en\/wp-json\/wp\/v2\/product_tag?post=10871"}],"curies":[{"name":"wp","href":"https:\/\/api.w.org\/{rel}","templated":true}]}}