{"id":10877,"date":"2024-01-15T08:57:37","date_gmt":"2024-01-15T08:57:37","guid":{"rendered":"https:\/\/cleh.cl\/?post_type=product&#038;p=10877"},"modified":"2025-11-19T19:25:19","modified_gmt":"2025-11-19T19:25:19","slug":"pilas-duracell-d2","status":"publish","type":"product","link":"https:\/\/cleh.cl\/en\/product\/pilas-duracell-d2\/","title":{"rendered":"PILAS DURACELL D2"},"content":{"rendered":"<h1 style=\"text-align: center\">PILAS DURACELL D2<\/h1>\n<p style=\"text-align: center\">Las pilas alcalinas Duracell, con tecnolog\u00eda Duralock Power Preserve, ofrecen larga duraci\u00f3n y energ\u00eda confiable para todos tus aparatos. Duran mucho m\u00e1s que las pilas comunes de Zinc-Carb\u00f3n*. Conf\u00eda en Duracell para darle energ\u00eda a todos los dispositivos, tales como juguetes, controles remotos, controles de videojuegos, equipos de audio y aud\u00edfonos, entre muchos otros.<\/p>","protected":false},"excerpt":{"rendered":"<div class=\"w-full hidden md:flex flex-row justify-between m-0 py-4 px-8 box-border odd:bg-grey\">\n<div class=\"w-full mr-6 flex text-left items-center h-10 font-bold text-black\">Tipo de Producto<\/div>\n<div class=\"w-full flex text-left items-center h-10 text-black\">Pilas y Bater\u00edas<\/div>\n<\/div>\n<div class=\"w-full hidden md:flex flex-row justify-between m-0 py-4 px-8 box-border odd:bg-grey\">\n<div class=\"w-full mr-6 flex text-left items-center h-10 font-bold text-black\">Material<\/div>\n<div class=\"w-full flex text-left items-center h-10 text-black\">Di\u00f3xido de manganeso alcalino\/Cinc (CAS # 7440-66-6). Di\u00f3xido de manganeso (CAS #1313-13-9)\/ Hidr\u00f3xido de \u00e1lcali met\u00e1lico (hidr\u00f3xido de potasio acuoso &#8211; CAS #1310-58-3)\/ Acero niquelado<\/div>\n<\/div>\n<div class=\"w-full hidden md:flex flex-row justify-between m-0 py-4 px-8 box-border odd:bg-grey\">\n<div class=\"w-full mr-6 flex text-left items-center h-10 font-bold text-black\">Tecnolog\u00eda Destacada<\/div>\n<div class=\"w-full flex text-left items-center h-10 text-black\">Duralock Power Preserve<\/div>\n<\/div>\n<div class=\"w-full hidden md:flex flex-row justify-between m-0 py-4 px-8 box-border odd:bg-grey\">\n<div class=\"w-full mr-6 flex text-left items-center h-10 font-bold text-black\">Surtido<\/div>\n<div class=\"w-full flex text-left items-center h-10 text-black\">No<\/div>\n<\/div>\n<div class=\"w-full hidden md:flex flex-row justify-between m-0 py-4 px-8 box-border odd:bg-grey\">\n<div class=\"w-full mr-6 flex text-left items-center h-10 font-bold text-black\">Cantidad<\/div>\n<div class=\"w-full flex text-left items-center h-10 text-black\">2 unidades<\/div>\n<\/div>\n<div class=\"w-full hidden md:flex flex-row justify-between m-0 py-4 px-8 box-border odd:bg-grey\">\n<div class=\"w-full mr-6 flex text-left items-center h-10 font-bold text-black\">Pa\u00eds de Origen<\/div>\n<div class=\"w-full flex text-left items-center h-10 text-black\">Importado<\/div>\n<\/div>\n<div class=\"w-full hidden md:flex flex-row justify-between m-0 py-4 px-8 box-border odd:bg-grey\">\n<div class=\"w-full mr-6 flex text-left items-center h-10 font-bold text-black\">Variedad<\/div>\n<div class=\"w-full flex text-left items-center h-10 text-black\">D<\/div>\n<\/div>","protected":false},"featured_media":10878,"comment_status":"closed","ping_status":"closed","template":"","meta":{"om_disable_all_campaigns":false,"_monsterinsights_skip_tracking":false,"_monsterinsights_sitenote_active":false,"_monsterinsights_sitenote_note":"","_monsterinsights_sitenote_category":0},"product_brand":[],"product_cat":[131,35],"product_tag":[],"class_list":{"0":"post-10877","1":"product","2":"type-product","3":"status-publish","4":"has-post-thumbnail","6":"product_cat-baterias","7":"product_cat-herramientas","10":"instock","11":"shipping-taxable","12":"product-type-simple"},"aioseo_notices":[],"_links":{"self":[{"href":"https:\/\/cleh.cl\/en\/wp-json\/wp\/v2\/product\/10877","targetHints":{"allow":["GET"]}}],"collection":[{"href":"https:\/\/cleh.cl\/en\/wp-json\/wp\/v2\/product"}],"about":[{"href":"https:\/\/cleh.cl\/en\/wp-json\/wp\/v2\/types\/product"}],"replies":[{"embeddable":true,"href":"https:\/\/cleh.cl\/en\/wp-json\/wp\/v2\/comments?post=10877"}],"version-history":[{"count":1,"href":"https:\/\/cleh.cl\/en\/wp-json\/wp\/v2\/product\/10877\/revisions"}],"predecessor-version":[{"id":10879,"href":"https:\/\/cleh.cl\/en\/wp-json\/wp\/v2\/product\/10877\/revisions\/10879"}],"wp:featuredmedia":[{"embeddable":true,"href":"https:\/\/cleh.cl\/en\/wp-json\/wp\/v2\/media\/10878"}],"wp:attachment":[{"href":"https:\/\/cleh.cl\/en\/wp-json\/wp\/v2\/media?parent=10877"}],"wp:term":[{"taxonomy":"product_brand","embeddable":true,"href":"https:\/\/cleh.cl\/en\/wp-json\/wp\/v2\/product_brand?post=10877"},{"taxonomy":"product_cat","embeddable":true,"href":"https:\/\/cleh.cl\/en\/wp-json\/wp\/v2\/product_cat?post=10877"},{"taxonomy":"product_tag","embeddable":true,"href":"https:\/\/cleh.cl\/en\/wp-json\/wp\/v2\/product_tag?post=10877"}],"curies":[{"name":"wp","href":"https:\/\/api.w.org\/{rel}","templated":true}]}}