{"id":11051,"date":"2024-01-15T14:24:14","date_gmt":"2024-01-15T14:24:14","guid":{"rendered":"https:\/\/cleh.cl\/?post_type=product&#038;p=11051"},"modified":"2025-11-19T19:25:31","modified_gmt":"2025-11-19T19:25:31","slug":"destornillador-corto-saca-trampas-universal","status":"publish","type":"product","link":"https:\/\/cleh.cl\/en\/product\/destornillador-corto-saca-trampas-universal\/","title":{"rendered":"DESTORNILLADOR CORTO SACA TRAMPAS UNIVERSAL"},"content":{"rendered":"<h1 style=\"text-align: center\">DESTORNILLADOR CORTO SACA TRAMPAS UNIVERSAL<\/h1>\n<p style=\"text-align: center\">Herramienta de terminaci\u00f3n utilizada para la extracci\u00f3n de cerraduras de terminaci\u00f3n de cables, apto para caja de TV CATV.<br \/>\nOrejas de acero s\u00f3lido para un f\u00e1cil y flexible bloqueo y desbloqueo.<br \/>\nHecho de hierro de alta calidad y pl\u00e1stico duro, duradero y f\u00e1cil de usar.<br \/>\nLigero y port\u00e1til, f\u00e1cil de llevar.<\/p>","protected":false},"excerpt":{"rendered":"<p>Especificaciones:<\/p>\n<p>Longitud: 10 cm.<br \/>\nColor: azul.<br \/>\nPeso del paquete: 47 g.<\/p>","protected":false},"featured_media":11052,"comment_status":"closed","ping_status":"closed","template":"","meta":{"om_disable_all_campaigns":false,"_monsterinsights_skip_tracking":false,"_monsterinsights_sitenote_active":false,"_monsterinsights_sitenote_note":"","_monsterinsights_sitenote_category":0},"product_brand":[],"product_cat":[35,125],"product_tag":[],"class_list":{"0":"post-11051","1":"product","2":"type-product","3":"status-publish","4":"has-post-thumbnail","6":"product_cat-herramientas","7":"product_cat-saca-trampas","10":"instock","11":"shipping-taxable","12":"product-type-simple"},"aioseo_notices":[],"_links":{"self":[{"href":"https:\/\/cleh.cl\/en\/wp-json\/wp\/v2\/product\/11051","targetHints":{"allow":["GET"]}}],"collection":[{"href":"https:\/\/cleh.cl\/en\/wp-json\/wp\/v2\/product"}],"about":[{"href":"https:\/\/cleh.cl\/en\/wp-json\/wp\/v2\/types\/product"}],"replies":[{"embeddable":true,"href":"https:\/\/cleh.cl\/en\/wp-json\/wp\/v2\/comments?post=11051"}],"version-history":[{"count":1,"href":"https:\/\/cleh.cl\/en\/wp-json\/wp\/v2\/product\/11051\/revisions"}],"predecessor-version":[{"id":11053,"href":"https:\/\/cleh.cl\/en\/wp-json\/wp\/v2\/product\/11051\/revisions\/11053"}],"wp:featuredmedia":[{"embeddable":true,"href":"https:\/\/cleh.cl\/en\/wp-json\/wp\/v2\/media\/11052"}],"wp:attachment":[{"href":"https:\/\/cleh.cl\/en\/wp-json\/wp\/v2\/media?parent=11051"}],"wp:term":[{"taxonomy":"product_brand","embeddable":true,"href":"https:\/\/cleh.cl\/en\/wp-json\/wp\/v2\/product_brand?post=11051"},{"taxonomy":"product_cat","embeddable":true,"href":"https:\/\/cleh.cl\/en\/wp-json\/wp\/v2\/product_cat?post=11051"},{"taxonomy":"product_tag","embeddable":true,"href":"https:\/\/cleh.cl\/en\/wp-json\/wp\/v2\/product_tag?post=11051"}],"curies":[{"name":"wp","href":"https:\/\/api.w.org\/{rel}","templated":true}]}}