{"id":11509,"date":"2024-01-19T11:55:16","date_gmt":"2024-01-19T11:55:16","guid":{"rendered":"https:\/\/cleh.cl\/?post_type=product&#038;p=11509"},"modified":"2025-11-19T19:26:19","modified_gmt":"2025-11-19T19:26:19","slug":"taladro-percutor-atornillador-gsb-16-re-professional","status":"publish","type":"product","link":"https:\/\/cleh.cl\/en\/product\/taladro-percutor-atornillador-gsb-16-re-professional\/","title":{"rendered":"TALADRO PERCUTOR ATORNILLADOR GSB 16 RE PROFESSIONAL"},"content":{"rendered":"<h1 style=\"text-align: center;\">TALADRO PERCUTOR ATORNILLADOR GSB 16 RE PROFESSIONAL<\/h1>\n<h3 class=\"product-detail-stage__headline\">Mayor rendimiento y eficacia<\/h3>\n<ul class=\"product-detail-stage__list a-list\">\n<li>Robusta carcasa de engranaje tubular y carcasa de motor en dise\u00f1o de abrazadera de fijaci\u00f3n para ambientes de trabajo dif\u00edciles<\/li>\n<li>Potente motor de 750\u00a0W que satisface las m\u00e1s variadas necesidades profesionales<\/li>\n<li>Dise\u00f1o ergon\u00f3mico compacto para un uso sin fatiga<\/li>\n<\/ul>","protected":false},"excerpt":{"rendered":"<h3 class=\"product-detail-stage__headline\">Mayor rendimiento y eficacia<\/h3>\n<ul class=\"product-detail-stage__list a-list\">\n<li>Robusta carcasa de engranaje tubular y carcasa de motor en dise\u00f1o de abrazadera de fijaci\u00f3n para ambientes de trabajo dif\u00edciles<\/li>\n<li>Potente motor de 750\u00a0W que satisface las m\u00e1s variadas necesidades profesionales<\/li>\n<li>Dise\u00f1o ergon\u00f3mico compacto para un uso sin fatiga<\/li>\n<\/ul>","protected":false},"featured_media":11510,"comment_status":"closed","ping_status":"closed","template":"","meta":{"om_disable_all_campaigns":false,"_monsterinsights_skip_tracking":false,"_monsterinsights_sitenote_active":false,"_monsterinsights_sitenote_note":"","_monsterinsights_sitenote_category":0},"product_brand":[],"product_cat":[35,134],"product_tag":[],"class_list":{"0":"post-11509","1":"product","2":"type-product","3":"status-publish","4":"has-post-thumbnail","6":"product_cat-herramientas","7":"product_cat-taladros","10":"instock","11":"shipping-taxable","12":"product-type-simple"},"aioseo_notices":[],"_links":{"self":[{"href":"https:\/\/cleh.cl\/en\/wp-json\/wp\/v2\/product\/11509","targetHints":{"allow":["GET"]}}],"collection":[{"href":"https:\/\/cleh.cl\/en\/wp-json\/wp\/v2\/product"}],"about":[{"href":"https:\/\/cleh.cl\/en\/wp-json\/wp\/v2\/types\/product"}],"replies":[{"embeddable":true,"href":"https:\/\/cleh.cl\/en\/wp-json\/wp\/v2\/comments?post=11509"}],"version-history":[{"count":1,"href":"https:\/\/cleh.cl\/en\/wp-json\/wp\/v2\/product\/11509\/revisions"}],"predecessor-version":[{"id":11511,"href":"https:\/\/cleh.cl\/en\/wp-json\/wp\/v2\/product\/11509\/revisions\/11511"}],"wp:featuredmedia":[{"embeddable":true,"href":"https:\/\/cleh.cl\/en\/wp-json\/wp\/v2\/media\/11510"}],"wp:attachment":[{"href":"https:\/\/cleh.cl\/en\/wp-json\/wp\/v2\/media?parent=11509"}],"wp:term":[{"taxonomy":"product_brand","embeddable":true,"href":"https:\/\/cleh.cl\/en\/wp-json\/wp\/v2\/product_brand?post=11509"},{"taxonomy":"product_cat","embeddable":true,"href":"https:\/\/cleh.cl\/en\/wp-json\/wp\/v2\/product_cat?post=11509"},{"taxonomy":"product_tag","embeddable":true,"href":"https:\/\/cleh.cl\/en\/wp-json\/wp\/v2\/product_tag?post=11509"}],"curies":[{"name":"wp","href":"https:\/\/api.w.org\/{rel}","templated":true}]}}