{"id":11516,"date":"2024-01-22T08:13:29","date_gmt":"2024-01-22T08:13:29","guid":{"rendered":"https:\/\/cleh.cl\/?post_type=product&#038;p=11516"},"modified":"2025-11-19T19:26:21","modified_gmt":"2025-11-19T19:26:21","slug":"llave-de-impacto-a-bateria-bosch-gdr-120-li-12v-sb","status":"publish","type":"product","link":"https:\/\/cleh.cl\/en\/product\/llave-de-impacto-a-bateria-bosch-gdr-120-li-12v-sb\/","title":{"rendered":"Llave de Impacto a Bater\u00eda Bosch GDR 120-LI, 12V SB"},"content":{"rendered":"<h1 style=\"text-align: center;\">Llave de Impacto a Bater\u00eda Bosch GDR 120-LI, 12V SB<\/h1>\n<h4>Bater\u00eda inteligente<\/h4>\n<p>Cuenta con bater\u00eda inteligente que no se sobrecalienta gracias a la tecnolog\u00eda ECP que protege electr\u00f3nicamente sus celdas.<\/p>\n<h4>Luz de led<\/h4>\n<p>Esta Llave de Impacto Inal\u00e1mbrica cuenta con luz LED, para que puedas trabajar en \u00e1reas poco iluminadas.<\/p>\n<h4>Compatibles con cargadores Bosch<\/h4>\n<p>La Llave de Impacto Inal\u00e1mbrica GDR 120-LI, es compatible con todas las bater\u00edas y cargadores de 12V Bosch.<\/p>","protected":false},"excerpt":{"rendered":"<p>La Llave de Impacto Inal\u00e1mbrica de \u00bc &#8221; Bosch GDR 120-LI, adem\u00e1s de ser liviana y compacta, cuenta con 2 velocidades y autonom\u00eda. Viene con luz LED para trabajar en \u00e1reas con poca iluminaci\u00f3n y es compatible con bater\u00edas y cargadores Bosch de 12V.<\/p>","protected":false},"featured_media":11517,"comment_status":"closed","ping_status":"closed","template":"","meta":{"om_disable_all_campaigns":false,"_monsterinsights_skip_tracking":false,"_monsterinsights_sitenote_active":false,"_monsterinsights_sitenote_note":"","_monsterinsights_sitenote_category":0},"product_brand":[],"product_cat":[35,134],"product_tag":[],"class_list":{"0":"post-11516","1":"product","2":"type-product","3":"status-publish","4":"has-post-thumbnail","6":"product_cat-herramientas","7":"product_cat-taladros","10":"instock","11":"shipping-taxable","12":"product-type-simple"},"aioseo_notices":[],"_links":{"self":[{"href":"https:\/\/cleh.cl\/en\/wp-json\/wp\/v2\/product\/11516","targetHints":{"allow":["GET"]}}],"collection":[{"href":"https:\/\/cleh.cl\/en\/wp-json\/wp\/v2\/product"}],"about":[{"href":"https:\/\/cleh.cl\/en\/wp-json\/wp\/v2\/types\/product"}],"replies":[{"embeddable":true,"href":"https:\/\/cleh.cl\/en\/wp-json\/wp\/v2\/comments?post=11516"}],"version-history":[{"count":1,"href":"https:\/\/cleh.cl\/en\/wp-json\/wp\/v2\/product\/11516\/revisions"}],"predecessor-version":[{"id":11518,"href":"https:\/\/cleh.cl\/en\/wp-json\/wp\/v2\/product\/11516\/revisions\/11518"}],"wp:featuredmedia":[{"embeddable":true,"href":"https:\/\/cleh.cl\/en\/wp-json\/wp\/v2\/media\/11517"}],"wp:attachment":[{"href":"https:\/\/cleh.cl\/en\/wp-json\/wp\/v2\/media?parent=11516"}],"wp:term":[{"taxonomy":"product_brand","embeddable":true,"href":"https:\/\/cleh.cl\/en\/wp-json\/wp\/v2\/product_brand?post=11516"},{"taxonomy":"product_cat","embeddable":true,"href":"https:\/\/cleh.cl\/en\/wp-json\/wp\/v2\/product_cat?post=11516"},{"taxonomy":"product_tag","embeddable":true,"href":"https:\/\/cleh.cl\/en\/wp-json\/wp\/v2\/product_tag?post=11516"}],"curies":[{"name":"wp","href":"https:\/\/api.w.org\/{rel}","templated":true}]}}