{"id":11687,"date":"2024-01-24T11:49:32","date_gmt":"2024-01-24T11:49:32","guid":{"rendered":"https:\/\/cleh.cl\/?post_type=product&#038;p=11687"},"modified":"2025-11-19T19:26:44","modified_gmt":"2025-11-19T19:26:44","slug":"juego-de-6-destornilladores-stanley","status":"publish","type":"product","link":"https:\/\/cleh.cl\/en\/product\/juego-de-6-destornilladores-stanley\/","title":{"rendered":"Juego de 6 Destornilladores STANLEY"},"content":{"rendered":"<h1 style=\"text-align: center;\">Juego de 6 Destornilladores STANLEY<\/h1>\n<p>Los destornilladores son fabricados para trabajos profesionales, su mango es fabricado de pol\u00edmero m\u00e1s goma termo-pl\u00e1stica, con dise\u00f1o octagonal que hace mas c\u00f3modo el trabajo y tambi\u00e9n es antideslizante. La barra es fabricada en acero cromo vanadio y con punta fosfatada antiresbalante y magn\u00e9tica.<\/p>","protected":false},"excerpt":{"rendered":"<ul class=\"feature-ul\">\n<li class=\"feature-list-li\">Barra en cromo-vanadio<\/li>\n<li class=\"feature-list-li\">Punta imantada, facilitando el encaje de la punta en el tornillo;<\/li>\n<li class=\"feature-list-li\">Punta endurecida para una vida \u00fatil m\u00e1s larga;<\/li>\n<\/ul>","protected":false},"featured_media":11688,"comment_status":"closed","ping_status":"closed","template":"","meta":{"om_disable_all_campaigns":false,"_monsterinsights_skip_tracking":false,"_monsterinsights_sitenote_active":false,"_monsterinsights_sitenote_note":"","_monsterinsights_sitenote_category":0},"product_brand":[],"product_cat":[67,35],"product_tag":[],"class_list":{"0":"post-11687","1":"product","2":"type-product","3":"status-publish","4":"has-post-thumbnail","6":"product_cat-destornilladores","7":"product_cat-herramientas","10":"instock","11":"shipping-taxable","12":"product-type-simple"},"aioseo_notices":[],"_links":{"self":[{"href":"https:\/\/cleh.cl\/en\/wp-json\/wp\/v2\/product\/11687","targetHints":{"allow":["GET"]}}],"collection":[{"href":"https:\/\/cleh.cl\/en\/wp-json\/wp\/v2\/product"}],"about":[{"href":"https:\/\/cleh.cl\/en\/wp-json\/wp\/v2\/types\/product"}],"replies":[{"embeddable":true,"href":"https:\/\/cleh.cl\/en\/wp-json\/wp\/v2\/comments?post=11687"}],"version-history":[{"count":1,"href":"https:\/\/cleh.cl\/en\/wp-json\/wp\/v2\/product\/11687\/revisions"}],"predecessor-version":[{"id":11689,"href":"https:\/\/cleh.cl\/en\/wp-json\/wp\/v2\/product\/11687\/revisions\/11689"}],"wp:featuredmedia":[{"embeddable":true,"href":"https:\/\/cleh.cl\/en\/wp-json\/wp\/v2\/media\/11688"}],"wp:attachment":[{"href":"https:\/\/cleh.cl\/en\/wp-json\/wp\/v2\/media?parent=11687"}],"wp:term":[{"taxonomy":"product_brand","embeddable":true,"href":"https:\/\/cleh.cl\/en\/wp-json\/wp\/v2\/product_brand?post=11687"},{"taxonomy":"product_cat","embeddable":true,"href":"https:\/\/cleh.cl\/en\/wp-json\/wp\/v2\/product_cat?post=11687"},{"taxonomy":"product_tag","embeddable":true,"href":"https:\/\/cleh.cl\/en\/wp-json\/wp\/v2\/product_tag?post=11687"}],"curies":[{"name":"wp","href":"https:\/\/api.w.org\/{rel}","templated":true}]}}