{"id":11693,"date":"2024-01-24T11:59:04","date_gmt":"2024-01-24T11:59:04","guid":{"rendered":"https:\/\/cleh.cl\/?post_type=product&#038;p=11693"},"modified":"2025-11-19T19:26:45","modified_gmt":"2025-11-19T19:26:45","slug":"destornillador-profesional-punta-ph0-102-mm-stanley","status":"publish","type":"product","link":"https:\/\/cleh.cl\/en\/product\/destornillador-profesional-punta-ph0-102-mm-stanley\/","title":{"rendered":"DESTORNILLADOR PROFESIONAL PUNTA PH0 102 MM STANLEY"},"content":{"rendered":"<h1 style=\"text-align: center;\">DESTORNILLADOR PROFESIONAL PUNTA PH0 102 MM STANLEY<\/h1>\n<p style=\"text-align: center;\">Destornillador Pro Punta Phillips\u00ae #2 Punta Phillips x 4&#8243; (102 mm). Los destornilladores PRO estan fabricados para resistir los trabajos mas pesados, tienen mangos de PVC y barras fabricadas de Cromo Vanadio imantada y con la punta anti-resbalante fosfatada que se acopla rapidamente a la cabeza del tornillo con el fin de dar el m\u00e1ximo torque posible. Indicaci\u00f3n del tama\u00f1o y punta en el mango. Mango Hexa-lobular (6 lados), con dos di\u00e1metros y cuello para mejorar el control en las aplicaciones de torque. Barras en acero Cromo Vanadio, tratadas t\u00e9rmicamente y cromadas. La barra posee dos aspas internamente en el mango reforzando la uni\u00f3n barra-mango al aplicar torquePunta anti-resbalante fosfatada y magn\u00e9tica para mejor agarre \/ acople.<\/p>","protected":false},"excerpt":{"rendered":"<p>Destornillador Pro Punta Phillips\u00ae #2 Punta Phillips x 4&#8243; (102 mm). Los destornilladores PRO estan fabricados para resistir los trabajos mas pesados, tienen mangos de PVC y barras fabricadas de Cromo Vanadio imantada y con la punta anti-resbalante fosfatada que se acopla rapidamente a la cabeza del tornillo con el fin de dar el m\u00e1ximo torque posible. Indicaci\u00f3n del tama\u00f1o y punta en el mango. Mango Hexa-lobular (6 lados), con dos di\u00e1metros y cuello para mejorar el control en las aplicaciones de torque. Barras en acero Cromo Vanadio, tratadas t\u00e9rmicamente y cromadas. La barra posee dos aspas internamente en el mango reforzando la uni\u00f3n barra-mango al aplicar torquePunta anti-resbalante fosfatada y magn\u00e9tica para mejor agarre \/ acople.<\/p>","protected":false},"featured_media":11694,"comment_status":"closed","ping_status":"closed","template":"","meta":{"om_disable_all_campaigns":false,"_monsterinsights_skip_tracking":false,"_monsterinsights_sitenote_active":false,"_monsterinsights_sitenote_note":"","_monsterinsights_sitenote_category":0},"product_brand":[],"product_cat":[67,35],"product_tag":[],"class_list":{"0":"post-11693","1":"product","2":"type-product","3":"status-publish","4":"has-post-thumbnail","6":"product_cat-destornilladores","7":"product_cat-herramientas","10":"instock","11":"shipping-taxable","12":"product-type-simple"},"aioseo_notices":[],"_links":{"self":[{"href":"https:\/\/cleh.cl\/en\/wp-json\/wp\/v2\/product\/11693","targetHints":{"allow":["GET"]}}],"collection":[{"href":"https:\/\/cleh.cl\/en\/wp-json\/wp\/v2\/product"}],"about":[{"href":"https:\/\/cleh.cl\/en\/wp-json\/wp\/v2\/types\/product"}],"replies":[{"embeddable":true,"href":"https:\/\/cleh.cl\/en\/wp-json\/wp\/v2\/comments?post=11693"}],"version-history":[{"count":1,"href":"https:\/\/cleh.cl\/en\/wp-json\/wp\/v2\/product\/11693\/revisions"}],"predecessor-version":[{"id":11695,"href":"https:\/\/cleh.cl\/en\/wp-json\/wp\/v2\/product\/11693\/revisions\/11695"}],"wp:featuredmedia":[{"embeddable":true,"href":"https:\/\/cleh.cl\/en\/wp-json\/wp\/v2\/media\/11694"}],"wp:attachment":[{"href":"https:\/\/cleh.cl\/en\/wp-json\/wp\/v2\/media?parent=11693"}],"wp:term":[{"taxonomy":"product_brand","embeddable":true,"href":"https:\/\/cleh.cl\/en\/wp-json\/wp\/v2\/product_brand?post=11693"},{"taxonomy":"product_cat","embeddable":true,"href":"https:\/\/cleh.cl\/en\/wp-json\/wp\/v2\/product_cat?post=11693"},{"taxonomy":"product_tag","embeddable":true,"href":"https:\/\/cleh.cl\/en\/wp-json\/wp\/v2\/product_tag?post=11693"}],"curies":[{"name":"wp","href":"https:\/\/api.w.org\/{rel}","templated":true}]}}