{"id":11702,"date":"2024-01-24T13:01:35","date_gmt":"2024-01-24T13:01:35","guid":{"rendered":"https:\/\/cleh.cl\/?post_type=product&#038;p=11702"},"modified":"2025-11-19T19:26:47","modified_gmt":"2025-11-19T19:26:47","slug":"retenedor-ergonic-421rp-20-unidades","status":"publish","type":"product","link":"https:\/\/cleh.cl\/en\/product\/retenedor-ergonic-421rp-20-unidades\/","title":{"rendered":"Retenedor Ergonic 421RP 20 Unidades"},"content":{"rendered":"<h1 style=\"text-align: center;\">Retenedor Ergonic 421RP 20 Unidades<\/h1>\n<p style=\"text-align: center;\">El retenedor Ergonic 421RP es un accesorio dise\u00f1ado espec\u00edficamente para los filtros de la serie 500 de Ergonic. Su funci\u00f3n principal es asegurar y mantener en su lugar los filtros en los respiradores o equipos de protecci\u00f3n que utilizan este tipo de filtros.\u00a0El retenedor 421RP se utiliza como una pieza de conexi\u00f3n entre el filtro y el respirador, garantizando un ajuste seguro y adecuado. Al utilizar este retenedor, se evita que el filtro se desplace o se suelte durante el uso, lo que podr\u00eda comprometer la eficacia de la protecci\u00f3n respiratoria.\u00a0Es importante destacar que el retenedor 421RP es compatible \u00fanicamente con los filtros de la serie 500 de Ergonic. Se recomienda seguir las instrucciones del fabricante en cuanto a la instalaci\u00f3n y uso correcto del retenedor y los filtros correspondientes.<\/p>","protected":false},"excerpt":{"rendered":"<p>El retenedor Ergonic 421RP es un accesorio dise\u00f1ado espec\u00edficamente para los filtros de la serie 500 de Ergonic. Su funci\u00f3n principal es asegurar y mantener en su lugar los filtros en los respiradores o equipos de protecci\u00f3n que utilizan este tipo de filtros.\u00a0El retenedor 421RP se utiliza como una pieza de conexi\u00f3n entre el filtro y el respirador, garantizando un ajuste seguro y adecuado. Al utilizar este retenedor, se evita que el filtro se desplace o se suelte durante el uso, lo que podr\u00eda comprometer la eficacia de la protecci\u00f3n respiratoria.\u00a0Es importante destacar que el retenedor 421RP es compatible \u00fanicamente con los filtros de la serie 500 de Ergonic. Se recomienda seguir las instrucciones del fabricante en cuanto a la instalaci\u00f3n y uso correcto del retenedor y los filtros correspondientes.<\/p>","protected":false},"featured_media":11703,"comment_status":"closed","ping_status":"closed","template":"","meta":{"om_disable_all_campaigns":false,"_monsterinsights_skip_tracking":false,"_monsterinsights_sitenote_active":false,"_monsterinsights_sitenote_note":"","_monsterinsights_sitenote_category":0},"product_brand":[],"product_cat":[42,86],"product_tag":[],"class_list":{"0":"post-11702","1":"product","2":"type-product","3":"status-publish","4":"has-post-thumbnail","6":"product_cat-epp","7":"product_cat-respirador","10":"instock","11":"shipping-taxable","12":"product-type-simple"},"aioseo_notices":[],"_links":{"self":[{"href":"https:\/\/cleh.cl\/en\/wp-json\/wp\/v2\/product\/11702","targetHints":{"allow":["GET"]}}],"collection":[{"href":"https:\/\/cleh.cl\/en\/wp-json\/wp\/v2\/product"}],"about":[{"href":"https:\/\/cleh.cl\/en\/wp-json\/wp\/v2\/types\/product"}],"replies":[{"embeddable":true,"href":"https:\/\/cleh.cl\/en\/wp-json\/wp\/v2\/comments?post=11702"}],"version-history":[{"count":1,"href":"https:\/\/cleh.cl\/en\/wp-json\/wp\/v2\/product\/11702\/revisions"}],"predecessor-version":[{"id":11704,"href":"https:\/\/cleh.cl\/en\/wp-json\/wp\/v2\/product\/11702\/revisions\/11704"}],"wp:featuredmedia":[{"embeddable":true,"href":"https:\/\/cleh.cl\/en\/wp-json\/wp\/v2\/media\/11703"}],"wp:attachment":[{"href":"https:\/\/cleh.cl\/en\/wp-json\/wp\/v2\/media?parent=11702"}],"wp:term":[{"taxonomy":"product_brand","embeddable":true,"href":"https:\/\/cleh.cl\/en\/wp-json\/wp\/v2\/product_brand?post=11702"},{"taxonomy":"product_cat","embeddable":true,"href":"https:\/\/cleh.cl\/en\/wp-json\/wp\/v2\/product_cat?post=11702"},{"taxonomy":"product_tag","embeddable":true,"href":"https:\/\/cleh.cl\/en\/wp-json\/wp\/v2\/product_tag?post=11702"}],"curies":[{"name":"wp","href":"https:\/\/api.w.org\/{rel}","templated":true}]}}