{"id":11705,"date":"2024-01-24T13:04:43","date_gmt":"2024-01-24T13:04:43","guid":{"rendered":"https:\/\/cleh.cl\/?post_type=product&#038;p=11705"},"modified":"2025-11-19T19:26:47","modified_gmt":"2025-11-19T19:26:47","slug":"filtro-ergonic-f500m-abek1-multigas-particulas-u","status":"publish","type":"product","link":"https:\/\/cleh.cl\/en\/product\/filtro-ergonic-f500m-abek1-multigas-particulas-u\/","title":{"rendered":"Filtro Ergonic F500M ABEK1 Multig\u00e1s Part\u00edculas &#8211; U"},"content":{"rendered":"<h1 style=\"text-align: center;\">Filtro Ergonic F500M ABEK1 Multig\u00e1s Part\u00edculas &#8211; U<\/h1>\n<table class=\"group Caracteristicas\" cellspacing=\"0\">\n<tbody>\n<tr class=\"even\">\n<td class=\"value-field Especificaciones\">\n<p style=\"text-align: center;\">El filtro Ergonic F500M ABEK1 es un filtro multigas dise\u00f1ado para proporcionar protecci\u00f3n contra una variedad de gases y vapores. Este filtro protege al usuario de vapores org\u00e1nicos (VO), dicloro (Cl2), \u00e1cido sulf\u00farico (H2S), cianuro de hidr\u00f3geno (HCN), di\u00f3xido de azufre (SO2), GA y amon\u00edaco (NH3).\u00a0El filtro Ergonic F500M ABEK1 es compatible con los respiradores Ergonic de medio rostro 100 y 200S, as\u00ed como con el respirador de rostro completo 1000S. Esto significa que se puede utilizar en combinaci\u00f3n con estos respiradores para brindar una protecci\u00f3n integral contra gases y vapores espec\u00edficos.\u00a0Es importante seguir las instrucciones del fabricante en cuanto al uso, reemplazo y almacenamiento de los filtros para garantizar su efectividad y protecci\u00f3n adecuada. Tambi\u00e9n es esencial evaluar los riesgos espec\u00edficos del entorno de trabajo y asegurarse de que el filtro seleccionado sea apropiado para las sustancias presentes.\u00a0Recuerda que los filtros tienen una vida \u00fatil limitada y deben reemplazarse de acuerdo con las recomendaciones del fabricante o cuando se detecte una disminuci\u00f3n en la capacidad de filtraci\u00f3n.<\/p>\n<\/td>\n<\/tr>\n<\/tbody>\n<\/table>","protected":false},"excerpt":{"rendered":"<table class=\"group Caracteristicas\" cellspacing=\"0\">\n<tbody>\n<tr class=\"even\">\n<td class=\"value-field Especificaciones\">El filtro Ergonic F500M ABEK1 es un filtro multigas dise\u00f1ado para proporcionar protecci\u00f3n contra una variedad de gases y vapores. Este filtro protege al usuario de vapores org\u00e1nicos (VO), dicloro (Cl2), \u00e1cido sulf\u00farico (H2S), cianuro de hidr\u00f3geno (HCN), di\u00f3xido de azufre (SO2), GA y amon\u00edaco (NH3).\u00a0El filtro Ergonic F500M ABEK1 es compatible con los respiradores Ergonic de medio rostro 100 y 200S, as\u00ed como con el respirador de rostro completo 1000S. Esto significa que se puede utilizar en combinaci\u00f3n con estos respiradores para brindar una protecci\u00f3n integral contra gases y vapores espec\u00edficos.\u00a0Es importante seguir las instrucciones del fabricante en cuanto al uso, reemplazo y almacenamiento de los filtros para garantizar su efectividad y protecci\u00f3n adecuada. Tambi\u00e9n es esencial evaluar los riesgos espec\u00edficos del entorno de trabajo y asegurarse de que el filtro seleccionado sea apropiado para las sustancias presentes.\u00a0Recuerda que los filtros tienen una vida \u00fatil limitada y deben reemplazarse de acuerdo con las recomendaciones del fabricante o cuando se detecte una disminuci\u00f3n en la capacidad de filtraci\u00f3n.<\/td>\n<\/tr>\n<\/tbody>\n<\/table>","protected":false},"featured_media":11706,"comment_status":"closed","ping_status":"closed","template":"","meta":{"om_disable_all_campaigns":false,"_monsterinsights_skip_tracking":false,"_monsterinsights_sitenote_active":false,"_monsterinsights_sitenote_note":"","_monsterinsights_sitenote_category":0},"product_brand":[],"product_cat":[42,86],"product_tag":[],"class_list":{"0":"post-11705","1":"product","2":"type-product","3":"status-publish","4":"has-post-thumbnail","6":"product_cat-epp","7":"product_cat-respirador","10":"instock","11":"shipping-taxable","12":"product-type-simple"},"aioseo_notices":[],"_links":{"self":[{"href":"https:\/\/cleh.cl\/en\/wp-json\/wp\/v2\/product\/11705","targetHints":{"allow":["GET"]}}],"collection":[{"href":"https:\/\/cleh.cl\/en\/wp-json\/wp\/v2\/product"}],"about":[{"href":"https:\/\/cleh.cl\/en\/wp-json\/wp\/v2\/types\/product"}],"replies":[{"embeddable":true,"href":"https:\/\/cleh.cl\/en\/wp-json\/wp\/v2\/comments?post=11705"}],"version-history":[{"count":1,"href":"https:\/\/cleh.cl\/en\/wp-json\/wp\/v2\/product\/11705\/revisions"}],"predecessor-version":[{"id":11707,"href":"https:\/\/cleh.cl\/en\/wp-json\/wp\/v2\/product\/11705\/revisions\/11707"}],"wp:featuredmedia":[{"embeddable":true,"href":"https:\/\/cleh.cl\/en\/wp-json\/wp\/v2\/media\/11706"}],"wp:attachment":[{"href":"https:\/\/cleh.cl\/en\/wp-json\/wp\/v2\/media?parent=11705"}],"wp:term":[{"taxonomy":"product_brand","embeddable":true,"href":"https:\/\/cleh.cl\/en\/wp-json\/wp\/v2\/product_brand?post=11705"},{"taxonomy":"product_cat","embeddable":true,"href":"https:\/\/cleh.cl\/en\/wp-json\/wp\/v2\/product_cat?post=11705"},{"taxonomy":"product_tag","embeddable":true,"href":"https:\/\/cleh.cl\/en\/wp-json\/wp\/v2\/product_tag?post=11705"}],"curies":[{"name":"wp","href":"https:\/\/api.w.org\/{rel}","templated":true}]}}