{"id":11761,"date":"2024-01-26T09:34:23","date_gmt":"2024-01-26T09:34:23","guid":{"rendered":"https:\/\/cleh.cl\/?post_type=product&#038;p=11761"},"modified":"2025-11-19T19:26:48","modified_gmt":"2025-11-19T19:26:48","slug":"cinta-aislante-de-color-azul-electrica-de-vinilo-scotch-35","status":"publish","type":"product","link":"https:\/\/cleh.cl\/en\/product\/cinta-aislante-de-color-azul-electrica-de-vinilo-scotch-35\/","title":{"rendered":"Cinta Aislante de color Azul el\u00e9ctrica de vinilo Scotch 35"},"content":{"rendered":"<h1 style=\"text-align: center;\">Cinta Aislante de color Azul el\u00e9ctrica de vinilo Scotch 35<\/h1>\n<p style=\"text-align: center;\">Dise\u00f1ado para su uso en la identificaci\u00f3n de paso, codificaci\u00f3n de color de conductores de motor y sistemas de tuber\u00edas, y para marcar \u00e1reas de seguridad. Tiene excelentes propiedades aislantes el\u00e9ctricas, se envuelve suavemente, se ajusta bien y se mantiene en una amplia gama de temperaturas. Soporte de cloruro de polivinilo (PVC). Adhesivo a base de goma sensible a la presi\u00f3n.<\/p>","protected":false},"excerpt":{"rendered":"<p>Dise\u00f1ado para su uso en la identificaci\u00f3n de paso, codificaci\u00f3n de color de conductores de motor y sistemas de tuber\u00edas, y para marcar \u00e1reas de seguridad. Tiene excelentes propiedades aislantes el\u00e9ctricas, se envuelve suavemente, se ajusta bien y se mantiene en una amplia gama de temperaturas. Soporte de cloruro de polivinilo (PVC). Adhesivo a base de goma sensible a la presi\u00f3n.<\/p>","protected":false},"featured_media":11762,"comment_status":"closed","ping_status":"closed","template":"","meta":{"om_disable_all_campaigns":false,"_monsterinsights_skip_tracking":false,"_monsterinsights_sitenote_active":false,"_monsterinsights_sitenote_note":"","_monsterinsights_sitenote_category":0},"product_brand":[],"product_cat":[150,35],"product_tag":[],"class_list":{"0":"post-11761","1":"product","2":"type-product","3":"status-publish","4":"has-post-thumbnail","6":"product_cat-cinta-aislante","7":"product_cat-herramientas","10":"instock","11":"shipping-taxable","12":"product-type-simple"},"aioseo_notices":[],"_links":{"self":[{"href":"https:\/\/cleh.cl\/en\/wp-json\/wp\/v2\/product\/11761","targetHints":{"allow":["GET"]}}],"collection":[{"href":"https:\/\/cleh.cl\/en\/wp-json\/wp\/v2\/product"}],"about":[{"href":"https:\/\/cleh.cl\/en\/wp-json\/wp\/v2\/types\/product"}],"replies":[{"embeddable":true,"href":"https:\/\/cleh.cl\/en\/wp-json\/wp\/v2\/comments?post=11761"}],"version-history":[{"count":1,"href":"https:\/\/cleh.cl\/en\/wp-json\/wp\/v2\/product\/11761\/revisions"}],"predecessor-version":[{"id":11763,"href":"https:\/\/cleh.cl\/en\/wp-json\/wp\/v2\/product\/11761\/revisions\/11763"}],"wp:featuredmedia":[{"embeddable":true,"href":"https:\/\/cleh.cl\/en\/wp-json\/wp\/v2\/media\/11762"}],"wp:attachment":[{"href":"https:\/\/cleh.cl\/en\/wp-json\/wp\/v2\/media?parent=11761"}],"wp:term":[{"taxonomy":"product_brand","embeddable":true,"href":"https:\/\/cleh.cl\/en\/wp-json\/wp\/v2\/product_brand?post=11761"},{"taxonomy":"product_cat","embeddable":true,"href":"https:\/\/cleh.cl\/en\/wp-json\/wp\/v2\/product_cat?post=11761"},{"taxonomy":"product_tag","embeddable":true,"href":"https:\/\/cleh.cl\/en\/wp-json\/wp\/v2\/product_tag?post=11761"}],"curies":[{"name":"wp","href":"https:\/\/api.w.org\/{rel}","templated":true}]}}