{"id":11791,"date":"2024-01-26T11:09:09","date_gmt":"2024-01-26T11:09:09","guid":{"rendered":"https:\/\/cleh.cl\/?post_type=product&#038;p=11791"},"modified":"2025-11-19T19:26:53","modified_gmt":"2025-11-19T19:26:53","slug":"cinta-aisladora-scotch-35-roja","status":"publish","type":"product","link":"https:\/\/cleh.cl\/en\/product\/cinta-aisladora-scotch-35-roja\/","title":{"rendered":"CINTA AISLADORA SCOTCH 35 ROJA"},"content":{"rendered":"<h1 style=\"text-align: center;\">CINTA AISLADORA SCOTCH 35 ROJA<\/h1>\n<p style=\"text-align: center;\">Cinta de calidad Premium, de uso profesional para aislaci\u00f3n primaria en uniones de baja tensi\u00f3n (hasta 600V) o recubrimiento de chaqueta en uniones de baja y media tensi\u00f3n. Sugerida para el uso a la intemperie y tipo de aplicaciones de alta exigencia en su categor\u00eda.<\/p>","protected":false},"excerpt":{"rendered":"<p>Cinta de calidad Premium, de uso profesional para aislaci\u00f3n primaria en uniones de baja tensi\u00f3n (hasta 600V) o recubrimiento de chaqueta en uniones de baja y media tensi\u00f3n. Sugerida para el uso a la intemperie y tipo de aplicaciones de alta exigencia en su categor\u00eda.<\/p>","protected":false},"featured_media":11792,"comment_status":"closed","ping_status":"closed","template":"","meta":{"om_disable_all_campaigns":false,"_monsterinsights_skip_tracking":false,"_monsterinsights_sitenote_active":false,"_monsterinsights_sitenote_note":"","_monsterinsights_sitenote_category":0},"product_brand":[],"product_cat":[150,35],"product_tag":[],"class_list":{"0":"post-11791","1":"product","2":"type-product","3":"status-publish","4":"has-post-thumbnail","6":"product_cat-cinta-aislante","7":"product_cat-herramientas","10":"instock","11":"shipping-taxable","12":"product-type-simple"},"aioseo_notices":[],"_links":{"self":[{"href":"https:\/\/cleh.cl\/en\/wp-json\/wp\/v2\/product\/11791","targetHints":{"allow":["GET"]}}],"collection":[{"href":"https:\/\/cleh.cl\/en\/wp-json\/wp\/v2\/product"}],"about":[{"href":"https:\/\/cleh.cl\/en\/wp-json\/wp\/v2\/types\/product"}],"replies":[{"embeddable":true,"href":"https:\/\/cleh.cl\/en\/wp-json\/wp\/v2\/comments?post=11791"}],"version-history":[{"count":1,"href":"https:\/\/cleh.cl\/en\/wp-json\/wp\/v2\/product\/11791\/revisions"}],"predecessor-version":[{"id":11793,"href":"https:\/\/cleh.cl\/en\/wp-json\/wp\/v2\/product\/11791\/revisions\/11793"}],"wp:featuredmedia":[{"embeddable":true,"href":"https:\/\/cleh.cl\/en\/wp-json\/wp\/v2\/media\/11792"}],"wp:attachment":[{"href":"https:\/\/cleh.cl\/en\/wp-json\/wp\/v2\/media?parent=11791"}],"wp:term":[{"taxonomy":"product_brand","embeddable":true,"href":"https:\/\/cleh.cl\/en\/wp-json\/wp\/v2\/product_brand?post=11791"},{"taxonomy":"product_cat","embeddable":true,"href":"https:\/\/cleh.cl\/en\/wp-json\/wp\/v2\/product_cat?post=11791"},{"taxonomy":"product_tag","embeddable":true,"href":"https:\/\/cleh.cl\/en\/wp-json\/wp\/v2\/product_tag?post=11791"}],"curies":[{"name":"wp","href":"https:\/\/api.w.org\/{rel}","templated":true}]}}