{"id":11962,"date":"2024-04-29T15:53:02","date_gmt":"2024-04-29T15:53:02","guid":{"rendered":"https:\/\/cleh.cl\/?post_type=product&#038;p=11962"},"modified":"2025-11-19T19:27:09","modified_gmt":"2025-11-19T19:27:09","slug":"preformado-suspension-o-paso-rojo-10mm-x-450mm","status":"publish","type":"product","link":"https:\/\/cleh.cl\/en\/product\/preformado-suspension-o-paso-rojo-10mm-x-450mm\/","title":{"rendered":"PREFORMADO SUSPENSION O PASO ROJO 10MM X 450MM"},"content":{"rendered":"<div class=\"gmail_default\">PREFORMADO SUSPENSION O PASO ROJO 10MM X 450MM<\/div>\n<div class=\"gmail_default\"><\/div>\n<p>La preformada de paso\/suspension se utiliza para fijar el cable ADSS a la cruceta o soporte de la instalaci\u00f3n, dej\u00e1ndolo suspendido sin da\u00f1ar ni fatigar el cable. Dise\u00f1ado para instalaciones a\u00e9reas urbanas con distancias cortas de vanos hasta 70 metros.<\/p>\n<ul>\n<li>R\u00e1pida Aplicaci\u00f3n.<\/li>\n<li>Instalaci\u00f3n Manual (No requiere herramientas).<\/li>\n<li>Costo monetario menor a la soluci\u00f3n tradicional (Brida).<\/li>\n<li>No comprime ni da\u00f1a el cable.<\/li>\n<li>Esfuerzo de suspensi\u00f3n distribuido.<\/li>\n<li>Libre de mantenimiento.<\/li>\n<\/ul>\n<p>&nbsp;<\/p>","protected":false},"excerpt":{"rendered":"<p>PREFORMADO SUSPENSION O PASO ROJO 10MM X 450MM La preformada de paso\/suspension se utiliza para fijar el cable ADSS a la cruceta o soporte de la instalaci\u00f3n, dej\u00e1ndolo suspendido sin da\u00f1ar ni fatigar el cable. Dise\u00f1ado para instalaciones a\u00e9reas urbanas con distancias cortas de vanos hasta 70 metros. R\u00e1pida Aplicaci\u00f3n. Instalaci\u00f3n Manual (No requiere herramientas). &hellip; <a href=\"https:\/\/cleh.cl\/en\/product\/preformado-suspension-o-paso-rojo-10mm-x-450mm\/\" class=\"more-link\">Continue reading <span class=\"screen-reader-text\">PREFORMADO SUSPENSION O PASO ROJO 10MM X 450MM<\/span><\/a><\/p>","protected":false},"featured_media":11963,"comment_status":"closed","ping_status":"closed","template":"","meta":{"om_disable_all_campaigns":false,"_monsterinsights_skip_tracking":false,"_monsterinsights_sitenote_active":false,"_monsterinsights_sitenote_note":"","_monsterinsights_sitenote_category":0},"product_brand":[],"product_cat":[26,44],"product_tag":[],"class_list":{"0":"post-11962","1":"product","2":"type-product","3":"status-publish","4":"has-post-thumbnail","6":"product_cat-ferreteria","7":"product_cat-preformadas","10":"instock","11":"shipping-taxable","12":"product-type-simple"},"aioseo_notices":[],"_links":{"self":[{"href":"https:\/\/cleh.cl\/en\/wp-json\/wp\/v2\/product\/11962","targetHints":{"allow":["GET"]}}],"collection":[{"href":"https:\/\/cleh.cl\/en\/wp-json\/wp\/v2\/product"}],"about":[{"href":"https:\/\/cleh.cl\/en\/wp-json\/wp\/v2\/types\/product"}],"replies":[{"embeddable":true,"href":"https:\/\/cleh.cl\/en\/wp-json\/wp\/v2\/comments?post=11962"}],"version-history":[{"count":1,"href":"https:\/\/cleh.cl\/en\/wp-json\/wp\/v2\/product\/11962\/revisions"}],"predecessor-version":[{"id":11964,"href":"https:\/\/cleh.cl\/en\/wp-json\/wp\/v2\/product\/11962\/revisions\/11964"}],"wp:featuredmedia":[{"embeddable":true,"href":"https:\/\/cleh.cl\/en\/wp-json\/wp\/v2\/media\/11963"}],"wp:attachment":[{"href":"https:\/\/cleh.cl\/en\/wp-json\/wp\/v2\/media?parent=11962"}],"wp:term":[{"taxonomy":"product_brand","embeddable":true,"href":"https:\/\/cleh.cl\/en\/wp-json\/wp\/v2\/product_brand?post=11962"},{"taxonomy":"product_cat","embeddable":true,"href":"https:\/\/cleh.cl\/en\/wp-json\/wp\/v2\/product_cat?post=11962"},{"taxonomy":"product_tag","embeddable":true,"href":"https:\/\/cleh.cl\/en\/wp-json\/wp\/v2\/product_tag?post=11962"}],"curies":[{"name":"wp","href":"https:\/\/api.w.org\/{rel}","templated":true}]}}