{"id":14071,"date":"2025-03-10T08:42:31","date_gmt":"2025-03-10T08:42:31","guid":{"rendered":"https:\/\/cleh.cl\/?post_type=product&#038;p=14071"},"modified":"2025-11-19T19:27:19","modified_gmt":"2025-11-19T19:27:19","slug":"organizador-cables-horizontal-1u","status":"publish","type":"product","link":"https:\/\/cleh.cl\/en\/product\/organizador-cables-horizontal-1u\/","title":{"rendered":"ORGANIZADOR CABLES HORIZONTAL 1U"},"content":{"rendered":"<h2 style=\"text-align: center;\">ORGANIZADOR CABLES HORIZONTAL 1U<\/h2>\n<p>&nbsp;<\/p>\n<ul class=\"a-unordered-list a-vertical a-spacing-mini\">\n<li class=\"a-spacing-mini\"><span class=\"a-list-item\">Dise\u00f1o de ahorro de espacio en 1U: los paneles de rack con anilla en D de gesti\u00f3n de cables te ayudan a ordenar y organizar tus cables para reducir el desorden y la tensi\u00f3n en los cables. A pesar del perfil bajo del panel, todav\u00eda proporciona mucha gesti\u00f3n de cables.<\/span><\/li>\n<li class=\"a-spacing-mini\"><span class=\"a-list-item\">5 anillos de metal duraderos: el dise\u00f1o de cinco anillos reduce la tensi\u00f3n del cable para conexiones m\u00e1s confiables. Los anillos de metal duraderos son fuertes y confiables.<\/span><\/li>\n<li class=\"a-spacing-mini\"><span class=\"a-list-item\">Materiales de alta calidad: la construcci\u00f3n de acero laminado en fr\u00edo negro garantiza la longevidad en aplicaciones de rack. Panel s\u00f3lido con lados plegados que mejora el flujo de aire pasivo y evita la recirculaci\u00f3n<\/span><\/li>\n<li class=\"a-spacing-mini\"><span class=\"a-list-item\">F\u00e1cil de instalar: la instalaci\u00f3n y el desmontaje son muy convenientes, y la cantidad y la ubicaci\u00f3n se pueden ajustar arbitrariamente. Los cables se enganchan f\u00e1cilmente en los anillos.<\/span><\/li>\n<li class=\"a-spacing-mini\"><span class=\"a-list-item\">El paquete incluye: 1 panel de gesti\u00f3n de cables de montaje en rack 1U horizontal de 19 pulgadas con 5 anillos en D de 3 pulgadas de profundidad<\/span><\/li>\n<li class=\"a-spacing-mini\"><span class=\"a-list-item\">Ideal para racks y gabinetes de servidores, armarios de cableado estructurado y cableado de distribuci\u00f3n de red para mantener los cables limpios y ordenados<\/span><\/li>\n<\/ul>","protected":false},"excerpt":{"rendered":"<p>ORGANIZADOR CABLES HORIZONTAL 1U &nbsp; Dise\u00f1o de ahorro de espacio en 1U: los paneles de rack con anilla en D de gesti\u00f3n de cables te ayudan a ordenar y organizar tus cables para reducir el desorden y la tensi\u00f3n en los cables. A pesar del perfil bajo del panel, todav\u00eda proporciona mucha gesti\u00f3n de cables. &hellip; <a href=\"https:\/\/cleh.cl\/en\/product\/organizador-cables-horizontal-1u\/\" class=\"more-link\">Continue reading <span class=\"screen-reader-text\">ORGANIZADOR CABLES HORIZONTAL 1U<\/span><\/a><\/p>","protected":false},"featured_media":14072,"comment_status":"open","ping_status":"closed","template":"","meta":{"om_disable_all_campaigns":false,"_monsterinsights_skip_tracking":false,"_monsterinsights_sitenote_active":false,"_monsterinsights_sitenote_note":"","_monsterinsights_sitenote_category":0},"product_brand":[],"product_cat":[82,83,81],"product_tag":[],"class_list":{"0":"post-14071","1":"product","2":"type-product","3":"status-publish","4":"has-post-thumbnail","6":"product_cat-bastidor","7":"product_cat-gabinete-mural","8":"product_cat-rack","11":"instock","12":"shipping-taxable","13":"product-type-simple"},"aioseo_notices":[],"_links":{"self":[{"href":"https:\/\/cleh.cl\/en\/wp-json\/wp\/v2\/product\/14071","targetHints":{"allow":["GET"]}}],"collection":[{"href":"https:\/\/cleh.cl\/en\/wp-json\/wp\/v2\/product"}],"about":[{"href":"https:\/\/cleh.cl\/en\/wp-json\/wp\/v2\/types\/product"}],"replies":[{"embeddable":true,"href":"https:\/\/cleh.cl\/en\/wp-json\/wp\/v2\/comments?post=14071"}],"version-history":[{"count":1,"href":"https:\/\/cleh.cl\/en\/wp-json\/wp\/v2\/product\/14071\/revisions"}],"predecessor-version":[{"id":14073,"href":"https:\/\/cleh.cl\/en\/wp-json\/wp\/v2\/product\/14071\/revisions\/14073"}],"wp:featuredmedia":[{"embeddable":true,"href":"https:\/\/cleh.cl\/en\/wp-json\/wp\/v2\/media\/14072"}],"wp:attachment":[{"href":"https:\/\/cleh.cl\/en\/wp-json\/wp\/v2\/media?parent=14071"}],"wp:term":[{"taxonomy":"product_brand","embeddable":true,"href":"https:\/\/cleh.cl\/en\/wp-json\/wp\/v2\/product_brand?post=14071"},{"taxonomy":"product_cat","embeddable":true,"href":"https:\/\/cleh.cl\/en\/wp-json\/wp\/v2\/product_cat?post=14071"},{"taxonomy":"product_tag","embeddable":true,"href":"https:\/\/cleh.cl\/en\/wp-json\/wp\/v2\/product_tag?post=14071"}],"curies":[{"name":"wp","href":"https:\/\/api.w.org\/{rel}","templated":true}]}}