{"id":14097,"date":"2025-03-10T10:44:53","date_gmt":"2025-03-10T10:44:53","guid":{"rendered":"https:\/\/cleh.cl\/?post_type=product&#038;p=14097"},"modified":"2025-11-19T19:27:20","modified_gmt":"2025-11-19T19:27:20","slug":"power-meter-y9","status":"publish","type":"product","link":"https:\/\/cleh.cl\/en\/product\/power-meter-y9\/","title":{"rendered":"POWER METER Y9"},"content":{"rendered":"<h2 style=\"text-align: center;\">POWER METER Y9<\/h2>\n<p>Power Meter 5 en 1, pantalla a color , muestra temperatura ambiente por pantalla , con coplas SC , FC y mas..<\/p>\n<pre id=\"tw-target-text\" class=\"tw-data-text tw-text-large tw-ta\" dir=\"ltr\" data-placeholder=\"Traducci\u00f3n\" data-ved=\"2ahUKEwiyy7zg3v-LAxXPq5UCHd6NCRIQ3ewLegQICxAV\" aria-label=\"Texto traducido: Multifuci\u00f3n-Medidor de potencia \u00f3ptica (OPM)-Buscador de errores visuales (VFL)-Prueba de secuencia de cables RJ45 -Temperatura-luz LEDCaracter\u00edsticas-Todas las funciones en un solo dispositivo-Soporte de 9 longitudes de onda-Pantalla colorida, claramente afuera.-Port\u00e1til para f\u00e1cil transporte-Prueba de frecuencia de soporte-Los usuarios pueden calibrar OPM-Detector de calidad de altura-Memoria de longitud de onda-Apagado autom\u00e1tico-Temperatura\"><span class=\"Y2IQFc\" lang=\"es\">Multifuci\u00f3n\r\n\r\n-Medidor de potencia \u00f3ptica (OPM)\r\n-Buscador de errores visuales (VFL)\r\n-Prueba de secuencia de cables RJ45 \r\n-Temperatura\r\n-luz LED\r\n-Rango de medicion:<strong> -70 ~ + 10dBm\r\n<\/strong>-Longitud de onda: <strong>800 ~ 1700nm<\/strong>\r\n\r\nCaracter\u00edsticas\r\n\r\n-Todas las funciones en un solo dispositivo\r\n-Soporte de 9 longitudes de onda\r\n-Pantalla colorida, claramente afuera.\r\n-Port\u00e1til para f\u00e1cil transporte\r\n-Prueba de frecuencia de soporte\r\n-Los usuarios pueden calibrar OPM\r\n-Detector de calidad de altura\r\n-Memoria de longitud de onda\r\n-Apagado autom\u00e1tico\r\n-Temperatura<\/span><\/pre>","protected":false},"excerpt":{"rendered":"<p><span class=\"Y2IQFc\" lang=\"es\">Multifuci\u00f3n -Medidor de potencia \u00f3ptica (OPM) -Buscador de errores visuales (VFL) -Prueba de secuencia de cables RJ45 -Temperatura -luz LED<br \/>\n-Rango de medicion:<strong> -70 ~ + 10dBm<br \/>\n<\/strong>-Longitud de onda: <strong>800 ~ 1700nm<\/strong><\/span><\/p>","protected":false},"featured_media":14098,"comment_status":"open","ping_status":"closed","template":"","meta":{"om_disable_all_campaigns":false,"_monsterinsights_skip_tracking":false,"_monsterinsights_sitenote_active":false,"_monsterinsights_sitenote_note":"","_monsterinsights_sitenote_category":0},"product_brand":[],"product_cat":[19,33],"product_tag":[],"class_list":{"0":"post-14097","1":"product","2":"type-product","3":"status-publish","4":"has-post-thumbnail","6":"product_cat-fibra-optica","7":"product_cat-medicion","10":"instock","11":"shipping-taxable","12":"product-type-simple"},"aioseo_notices":[],"_links":{"self":[{"href":"https:\/\/cleh.cl\/en\/wp-json\/wp\/v2\/product\/14097","targetHints":{"allow":["GET"]}}],"collection":[{"href":"https:\/\/cleh.cl\/en\/wp-json\/wp\/v2\/product"}],"about":[{"href":"https:\/\/cleh.cl\/en\/wp-json\/wp\/v2\/types\/product"}],"replies":[{"embeddable":true,"href":"https:\/\/cleh.cl\/en\/wp-json\/wp\/v2\/comments?post=14097"}],"version-history":[{"count":1,"href":"https:\/\/cleh.cl\/en\/wp-json\/wp\/v2\/product\/14097\/revisions"}],"predecessor-version":[{"id":14099,"href":"https:\/\/cleh.cl\/en\/wp-json\/wp\/v2\/product\/14097\/revisions\/14099"}],"wp:featuredmedia":[{"embeddable":true,"href":"https:\/\/cleh.cl\/en\/wp-json\/wp\/v2\/media\/14098"}],"wp:attachment":[{"href":"https:\/\/cleh.cl\/en\/wp-json\/wp\/v2\/media?parent=14097"}],"wp:term":[{"taxonomy":"product_brand","embeddable":true,"href":"https:\/\/cleh.cl\/en\/wp-json\/wp\/v2\/product_brand?post=14097"},{"taxonomy":"product_cat","embeddable":true,"href":"https:\/\/cleh.cl\/en\/wp-json\/wp\/v2\/product_cat?post=14097"},{"taxonomy":"product_tag","embeddable":true,"href":"https:\/\/cleh.cl\/en\/wp-json\/wp\/v2\/product_tag?post=14097"}],"curies":[{"name":"wp","href":"https:\/\/api.w.org\/{rel}","templated":true}]}}