{"id":14348,"date":"2025-04-08T16:01:33","date_gmt":"2025-04-08T16:01:33","guid":{"rendered":"https:\/\/cleh.cl\/?post_type=product&#038;p=14348"},"modified":"2025-11-19T19:27:22","modified_gmt":"2025-11-19T19:27:22","slug":"cortadora-de-fibra-optica-de-alta-precision-dy-6c","status":"publish","type":"product","link":"https:\/\/cleh.cl\/en\/product\/cortadora-de-fibra-optica-de-alta-precision-dy-6c\/","title":{"rendered":"Cortadora De Fibra \u00d3ptica De Alta Precisi\u00f3n Dy-6c"},"content":{"rendered":"<h1 class=\"ui-pdp-title\" style=\"text-align: center;\">Cortadora De Fibra \u00d3ptica De Alta Precisi\u00f3n Dy-6c<\/h1>\n<p>La cortadora de fibra optica de alta precision\u00a0 DY-6C es un instrumento para corte de fibras de alta precisi\u00f3n.\u00a0 Es un cortador de fibra \u00f3ptica multiuso, el producto utiliza 16 puntos de corte y tiene una vida \u00fatil m\u00e1s larga. La cuchilla de alta precisi\u00f3n DY-6C se instala con un soporte 3 en 1 que se aplica a cables de fibra de 250 \u03bcm y cables de fibra de 900 \u03bcm, cables planos y cable puente de fibra. Con la funci\u00f3n de deslizamiento autom\u00e1tico de la cuchilla hacia atr\u00e1s, solo necesita colocar la cubierta hacia atr\u00e1s y empujar la fibra para completar todo el trabajo de corte.<\/p>\n<p>\u2022 Proporciona aproximadamente 36,000 cortes<br \/>\n\u2022 Cuerpo compacto y peso ligero.<br \/>\n\u2022 Cuchilla de alta precisi\u00f3n<br \/>\n\u2022 250um recubierto o 900um Buffer de fibra<br \/>\n\u2022 Hoja de 12 posiciones rotativa y replicable<br \/>\n\u2022 Di\u00e1metro de la fibra 125um<br \/>\n\u2022 Di\u00e1metro de revestimiento 250um ~ 900um<br \/>\n\u2022 \u00c1ngulo de corte t\u00edpico 0.5 grados<br \/>\n\u2022 Longitud de corte 9 \u2013 16 mm (fibra \u00fanica \u2013 revestimiento de 0,25 mm)<br \/>\n\u2022 10 \u2013 16 mm (fibra \u00fanica \u2013 revestimiento de 0,9 mm)<br \/>\n\u2022 Tiempo de vida de la cuchilla 36,000 escisiones (3,000 por posici\u00f3n de la cuchilla)<br \/>\n\u2022 Dimensiones: 63 x 65 x 63 mm<br \/>\n\u2022 Peso 475g<\/p>\n<p>&nbsp;<\/p>\n<p>&nbsp;<\/p>","protected":false},"excerpt":{"rendered":"<p>\u2022 Proporciona aproximadamente 36,000 cortes<br \/>\n\u2022 Cuerpo compacto y peso ligero.<br \/>\n\u2022 Cuchilla de alta precisi\u00f3n<br \/>\n\u2022 250um recubierto o 900um Buffer de fibra<br \/>\n\u2022 Hoja de 12 posiciones rotativa y replicable<br \/>\n\u2022 Di\u00e1metro de la fibra 125um<br \/>\n\u2022 Di\u00e1metro de revestimiento 250um ~ 900um<br \/>\n\u2022 \u00c1ngulo de corte t\u00edpico 0.5 grados<br \/>\n\u2022 Longitud de corte 9 \u2013 16 mm (fibra \u00fanica \u2013 revestimiento de 0,25 mm)<br \/>\n\u2022 10 \u2013 16 mm (fibra \u00fanica \u2013 revestimiento de 0,9 mm)<br \/>\n\u2022 Tiempo de vida de la cuchilla 36,000 escisiones (3,000 por posici\u00f3n de la cuchilla)<br \/>\n\u2022 Dimensiones: 63 x 65 x 63 mm<br \/>\n\u2022 Peso 475g<\/p>","protected":false},"featured_media":14349,"comment_status":"open","ping_status":"closed","template":"","meta":{"om_disable_all_campaigns":false,"_monsterinsights_skip_tracking":false,"_monsterinsights_sitenote_active":false,"_monsterinsights_sitenote_note":"","_monsterinsights_sitenote_category":0},"product_brand":[],"product_cat":[19],"product_tag":[],"class_list":{"0":"post-14348","1":"product","2":"type-product","3":"status-publish","4":"has-post-thumbnail","6":"product_cat-fibra-optica","9":"instock","10":"shipping-taxable","11":"product-type-simple"},"aioseo_notices":[],"_links":{"self":[{"href":"https:\/\/cleh.cl\/en\/wp-json\/wp\/v2\/product\/14348","targetHints":{"allow":["GET"]}}],"collection":[{"href":"https:\/\/cleh.cl\/en\/wp-json\/wp\/v2\/product"}],"about":[{"href":"https:\/\/cleh.cl\/en\/wp-json\/wp\/v2\/types\/product"}],"replies":[{"embeddable":true,"href":"https:\/\/cleh.cl\/en\/wp-json\/wp\/v2\/comments?post=14348"}],"version-history":[{"count":1,"href":"https:\/\/cleh.cl\/en\/wp-json\/wp\/v2\/product\/14348\/revisions"}],"predecessor-version":[{"id":14350,"href":"https:\/\/cleh.cl\/en\/wp-json\/wp\/v2\/product\/14348\/revisions\/14350"}],"wp:featuredmedia":[{"embeddable":true,"href":"https:\/\/cleh.cl\/en\/wp-json\/wp\/v2\/media\/14349"}],"wp:attachment":[{"href":"https:\/\/cleh.cl\/en\/wp-json\/wp\/v2\/media?parent=14348"}],"wp:term":[{"taxonomy":"product_brand","embeddable":true,"href":"https:\/\/cleh.cl\/en\/wp-json\/wp\/v2\/product_brand?post=14348"},{"taxonomy":"product_cat","embeddable":true,"href":"https:\/\/cleh.cl\/en\/wp-json\/wp\/v2\/product_cat?post=14348"},{"taxonomy":"product_tag","embeddable":true,"href":"https:\/\/cleh.cl\/en\/wp-json\/wp\/v2\/product_tag?post=14348"}],"curies":[{"name":"wp","href":"https:\/\/api.w.org\/{rel}","templated":true}]}}