{"id":14366,"date":"2025-04-14T15:28:46","date_gmt":"2025-04-14T15:28:46","guid":{"rendered":"https:\/\/cleh.cl\/?post_type=product&#038;p=14366"},"modified":"2025-11-19T19:27:22","modified_gmt":"2025-11-19T19:27:22","slug":"laucha-trenzada-acero-verde-30mts","status":"publish","type":"product","link":"https:\/\/cleh.cl\/en\/product\/laucha-trenzada-acero-verde-30mts\/","title":{"rendered":"LAUCHA TRENZADA ACERO VERDE 30MTS"},"content":{"rendered":"<h2 style=\"text-align: center;\">LAUCHA TRENZADA ACERO VERDE\u00a0 30MTS<\/h2>\n<p>&nbsp;<\/p>\n<pre id=\"tw-target-text\" class=\"tw-data-text tw-text-large tw-ta\" dir=\"ltr\" data-placeholder=\"Traducci\u00f3n\" data-ved=\"2ahUKEwjF4_ifw8aCAxWglJUCHQN7ChkQ3ewLegQICBAQ\"><span class=\"Y2IQFc\" lang=\"es\">Laucha trenzada Fuerte resistencia, un buen enhebrador de cables para hacer el cableado m\u00e1s r\u00e1pido, mejor y m\u00e1s efectivo.\r\nDespu\u00e9s del tratamiento de construccion, tiene alta dureza, buena estabilidad y resistencia .\r\nBobinado integral de alambre de pl\u00e1stico y acero de tres hilos.\r\ncoeficiente de tracci\u00f3n dentro de 500 kg.\r\n\r\nEspecificaciones:\r\nMaterial: pl\u00e1stico + acero\r\nEspecificaci\u00f3n: 30 m\/98,4 pies, \r\nColor: Verde\r\n\r\nEl paquete incluye:\r\n1 enhebrador de alambre.\r\n<\/span><\/pre>","protected":false},"excerpt":{"rendered":"<p>LAUCHA TRENZADA ACERO VERDE\u00a0 30MTS &nbsp; Laucha trenzada Fuerte resistencia, un buen enhebrador de cables para hacer el cableado m\u00e1s r\u00e1pido, mejor y m\u00e1s efectivo. Despu\u00e9s del tratamiento de construccion, tiene alta dureza, buena estabilidad y resistencia . Bobinado integral de alambre de pl\u00e1stico y acero de tres hilos. coeficiente de tracci\u00f3n dentro de 500 &hellip; <a href=\"https:\/\/cleh.cl\/en\/product\/laucha-trenzada-acero-verde-30mts\/\" class=\"more-link\">Continue reading <span class=\"screen-reader-text\">LAUCHA TRENZADA ACERO VERDE 30MTS<\/span><\/a><\/p>","protected":false},"featured_media":14367,"comment_status":"closed","ping_status":"closed","template":"","meta":{"om_disable_all_campaigns":false,"_monsterinsights_skip_tracking":false,"_monsterinsights_sitenote_active":false,"_monsterinsights_sitenote_note":"","_monsterinsights_sitenote_category":0},"product_brand":[],"product_cat":[35,61],"product_tag":[],"class_list":{"0":"post-14366","1":"product","2":"type-product","3":"status-publish","4":"has-post-thumbnail","6":"product_cat-herramientas","7":"product_cat-lauchas-pasa-cables","10":"instock","11":"shipping-taxable","12":"product-type-simple"},"aioseo_notices":[],"_links":{"self":[{"href":"https:\/\/cleh.cl\/en\/wp-json\/wp\/v2\/product\/14366","targetHints":{"allow":["GET"]}}],"collection":[{"href":"https:\/\/cleh.cl\/en\/wp-json\/wp\/v2\/product"}],"about":[{"href":"https:\/\/cleh.cl\/en\/wp-json\/wp\/v2\/types\/product"}],"replies":[{"embeddable":true,"href":"https:\/\/cleh.cl\/en\/wp-json\/wp\/v2\/comments?post=14366"}],"version-history":[{"count":1,"href":"https:\/\/cleh.cl\/en\/wp-json\/wp\/v2\/product\/14366\/revisions"}],"predecessor-version":[{"id":14368,"href":"https:\/\/cleh.cl\/en\/wp-json\/wp\/v2\/product\/14366\/revisions\/14368"}],"wp:featuredmedia":[{"embeddable":true,"href":"https:\/\/cleh.cl\/en\/wp-json\/wp\/v2\/media\/14367"}],"wp:attachment":[{"href":"https:\/\/cleh.cl\/en\/wp-json\/wp\/v2\/media?parent=14366"}],"wp:term":[{"taxonomy":"product_brand","embeddable":true,"href":"https:\/\/cleh.cl\/en\/wp-json\/wp\/v2\/product_brand?post=14366"},{"taxonomy":"product_cat","embeddable":true,"href":"https:\/\/cleh.cl\/en\/wp-json\/wp\/v2\/product_cat?post=14366"},{"taxonomy":"product_tag","embeddable":true,"href":"https:\/\/cleh.cl\/en\/wp-json\/wp\/v2\/product_tag?post=14366"}],"curies":[{"name":"wp","href":"https:\/\/api.w.org\/{rel}","templated":true}]}}