{"id":14817,"date":"2025-08-05T12:42:54","date_gmt":"2025-08-05T12:42:54","guid":{"rendered":"https:\/\/cleh.cl\/?post_type=product&#038;p=14817"},"modified":"2025-11-19T19:27:28","modified_gmt":"2025-11-19T19:27:28","slug":"mini-linterna-12v-5-led-imantada","status":"publish","type":"product","link":"https:\/\/cleh.cl\/en\/product\/mini-linterna-12v-5-led-imantada\/","title":{"rendered":"MINI LINTERNA 12V 5 LED IMANTADA"},"content":{"rendered":"<p>&nbsp;<\/p>\n<h2 style=\"text-align: center;\">MINI LINTERNA 12V 5 LED IMANTADA<\/h2>\n<p>&nbsp;<\/p>\n<p>Linterna de emergencia para auto con 5 led de alta potencia. Base magn\u00e9tica para colocar en varias partes del auto como el cofre, fascias, etc. Luz ajustable a diferentes \u00e1ngulos. Ideal para cualquier falla de autom\u00f3vil o para trabajos donde se requiere luZ<\/p>","protected":false},"excerpt":{"rendered":"<p>&nbsp; MINI LINTERNA 12V 5 LED IMANTADA &nbsp; Linterna de emergencia para auto con 5 led de alta potencia. Base magn\u00e9tica para colocar en varias partes del auto como el cofre, fascias, etc. Luz ajustable a diferentes \u00e1ngulos. Ideal para cualquier falla de autom\u00f3vil o para trabajos donde se requiere luZ<\/p>","protected":false},"featured_media":14818,"comment_status":"open","ping_status":"closed","template":"","meta":{"om_disable_all_campaigns":false,"_monsterinsights_skip_tracking":false,"_monsterinsights_sitenote_active":false,"_monsterinsights_sitenote_note":"","_monsterinsights_sitenote_category":0},"product_brand":[],"product_cat":[35],"product_tag":[],"class_list":{"0":"post-14817","1":"product","2":"type-product","3":"status-publish","4":"has-post-thumbnail","6":"product_cat-herramientas","9":"instock","10":"shipping-taxable","11":"product-type-simple"},"aioseo_notices":[],"_links":{"self":[{"href":"https:\/\/cleh.cl\/en\/wp-json\/wp\/v2\/product\/14817","targetHints":{"allow":["GET"]}}],"collection":[{"href":"https:\/\/cleh.cl\/en\/wp-json\/wp\/v2\/product"}],"about":[{"href":"https:\/\/cleh.cl\/en\/wp-json\/wp\/v2\/types\/product"}],"replies":[{"embeddable":true,"href":"https:\/\/cleh.cl\/en\/wp-json\/wp\/v2\/comments?post=14817"}],"version-history":[{"count":1,"href":"https:\/\/cleh.cl\/en\/wp-json\/wp\/v2\/product\/14817\/revisions"}],"predecessor-version":[{"id":14819,"href":"https:\/\/cleh.cl\/en\/wp-json\/wp\/v2\/product\/14817\/revisions\/14819"}],"wp:featuredmedia":[{"embeddable":true,"href":"https:\/\/cleh.cl\/en\/wp-json\/wp\/v2\/media\/14818"}],"wp:attachment":[{"href":"https:\/\/cleh.cl\/en\/wp-json\/wp\/v2\/media?parent=14817"}],"wp:term":[{"taxonomy":"product_brand","embeddable":true,"href":"https:\/\/cleh.cl\/en\/wp-json\/wp\/v2\/product_brand?post=14817"},{"taxonomy":"product_cat","embeddable":true,"href":"https:\/\/cleh.cl\/en\/wp-json\/wp\/v2\/product_cat?post=14817"},{"taxonomy":"product_tag","embeddable":true,"href":"https:\/\/cleh.cl\/en\/wp-json\/wp\/v2\/product_tag?post=14817"}],"curies":[{"name":"wp","href":"https:\/\/api.w.org\/{rel}","templated":true}]}}