{"id":14873,"date":"2025-08-28T15:20:15","date_gmt":"2025-08-28T15:20:15","guid":{"rendered":"https:\/\/cleh.cl\/?post_type=product&#038;p=14873"},"modified":"2025-11-19T19:27:28","modified_gmt":"2025-11-19T19:27:28","slug":"botin-de-seguridad-panama-jack-506-bdktc","status":"publish","type":"product","link":"https:\/\/cleh.cl\/en\/product\/botin-de-seguridad-panama-jack-506-bdktc\/","title":{"rendered":"Botin de Seguridad Panama Jack 506 BDKTC"},"content":{"rendered":"<p>&nbsp;<\/p>\n<p>&nbsp;<\/p>\n<h2 style=\"text-align: center;\">Bot\u00edn de Seguridad Panama Jack 506 BDKTC<\/h2>\n<p>El botin de seguridad de hombre resistente al agua de Panama Jack 506, te brinda la m\u00e1xima protecci\u00f3n al momento de realizar las tareas m\u00e1s exigentes y riesgosas, hecho de cuero, con taco plano de 5 cm, una altura de ca\u00f1a de 13 cm y un forro compuesto de cuero, es resistente a impactos, desgarre y cuenta con planta que a\u00edsla la electricidad.<\/p>\n<p>Caracter\u00edsticas<\/p>\n<ul>\n<li>Resistente al agua<\/li>\n<li>Puntera Composite de alta resistencia seg\u00fan norma NCh 772\/2<\/li>\n<li>Planta resistente a hidrocarburos y aislante el\u00e9ctrico<\/li>\n<li>100% Cuero<\/li>\n<li>Anticlavos Kevlar<\/li>\n<\/ul>","protected":false},"excerpt":{"rendered":"<p>&nbsp; &nbsp; Bot\u00edn de Seguridad Panama Jack 506 BDKTC El botin de seguridad de hombre resistente al agua de Panama Jack 506, te brinda la m\u00e1xima protecci\u00f3n al momento de realizar las tareas m\u00e1s exigentes y riesgosas, hecho de cuero, con taco plano de 5 cm, una altura de ca\u00f1a de 13 cm y un &hellip; <a href=\"https:\/\/cleh.cl\/en\/product\/botin-de-seguridad-panama-jack-506-bdktc\/\" class=\"more-link\">Continue reading <span class=\"screen-reader-text\">Botin de Seguridad Panama Jack 506 BDKTC<\/span><\/a><\/p>","protected":false},"featured_media":14874,"comment_status":"open","ping_status":"closed","template":"","meta":{"om_disable_all_campaigns":false,"_monsterinsights_skip_tracking":false,"_monsterinsights_sitenote_active":false,"_monsterinsights_sitenote_note":"","_monsterinsights_sitenote_category":0},"product_brand":[],"product_cat":[42,88],"product_tag":[89],"class_list":{"0":"post-14873","1":"product","2":"type-product","3":"status-publish","4":"has-post-thumbnail","6":"product_cat-epp","7":"product_cat-zapatos-seguridad","8":"product_tag-calzado-seguridad","11":"instock","12":"shipping-taxable","13":"product-type-simple"},"aioseo_notices":[],"_links":{"self":[{"href":"https:\/\/cleh.cl\/en\/wp-json\/wp\/v2\/product\/14873","targetHints":{"allow":["GET"]}}],"collection":[{"href":"https:\/\/cleh.cl\/en\/wp-json\/wp\/v2\/product"}],"about":[{"href":"https:\/\/cleh.cl\/en\/wp-json\/wp\/v2\/types\/product"}],"replies":[{"embeddable":true,"href":"https:\/\/cleh.cl\/en\/wp-json\/wp\/v2\/comments?post=14873"}],"version-history":[{"count":1,"href":"https:\/\/cleh.cl\/en\/wp-json\/wp\/v2\/product\/14873\/revisions"}],"predecessor-version":[{"id":14875,"href":"https:\/\/cleh.cl\/en\/wp-json\/wp\/v2\/product\/14873\/revisions\/14875"}],"wp:featuredmedia":[{"embeddable":true,"href":"https:\/\/cleh.cl\/en\/wp-json\/wp\/v2\/media\/14874"}],"wp:attachment":[{"href":"https:\/\/cleh.cl\/en\/wp-json\/wp\/v2\/media?parent=14873"}],"wp:term":[{"taxonomy":"product_brand","embeddable":true,"href":"https:\/\/cleh.cl\/en\/wp-json\/wp\/v2\/product_brand?post=14873"},{"taxonomy":"product_cat","embeddable":true,"href":"https:\/\/cleh.cl\/en\/wp-json\/wp\/v2\/product_cat?post=14873"},{"taxonomy":"product_tag","embeddable":true,"href":"https:\/\/cleh.cl\/en\/wp-json\/wp\/v2\/product_tag?post=14873"}],"curies":[{"name":"wp","href":"https:\/\/api.w.org\/{rel}","templated":true}]}}