{"id":14879,"date":"2025-08-28T15:27:33","date_gmt":"2025-08-28T15:27:33","guid":{"rendered":"https:\/\/cleh.cl\/?post_type=product&#038;p=14879"},"modified":"2025-11-19T19:27:29","modified_gmt":"2025-11-19T19:27:29","slug":"botin-de-seguridad-panama-jack-pj509bdktc","status":"publish","type":"product","link":"https:\/\/cleh.cl\/en\/product\/botin-de-seguridad-panama-jack-pj509bdktc\/","title":{"rendered":"Botin de seguridad Panama Jack PJ509BDKTC"},"content":{"rendered":"<h1 class=\"product-title product_title entry-title\" style=\"text-align: center;\">Bot\u00edn de seguridad Panama Jack PJ509BDKTC<\/h1>\n<p>&nbsp;<\/p>\n<p>Nuestros Botines Panama Jack PJ509BDKTC te brindar\u00e1n la m\u00e1xima comodidad, estilo y seguridad. El forro de napa gamuzado de cuero beige, la suela de caucho\/EVA y la plantilla antiperforante textil de Kevlar hacen que estos botines sean ideales para profesionales trabajadores en industrias como la agricultura, la construcci\u00f3n, la miner\u00eda y la silvicultura. El aislamiento Thinsulate de 200 gr y la puntera compuesta proporcionan la m\u00e1xima protecci\u00f3n t\u00e9rmica y resistencia a los hidrocarburos. \u00a1Equipa tus pies con lo mejor!<\/p>","protected":false},"excerpt":{"rendered":"<p>Bot\u00edn de seguridad Panama Jack PJ509BDKTC &nbsp; Nuestros Botines Panama Jack PJ509BDKTC te brindar\u00e1n la m\u00e1xima comodidad, estilo y seguridad. El forro de napa gamuzado de cuero beige, la suela de caucho\/EVA y la plantilla antiperforante textil de Kevlar hacen que estos botines sean ideales para profesionales trabajadores en industrias como la agricultura, la construcci\u00f3n, &hellip; <a href=\"https:\/\/cleh.cl\/en\/product\/botin-de-seguridad-panama-jack-pj509bdktc\/\" class=\"more-link\">Continue reading <span class=\"screen-reader-text\">Botin de seguridad Panama Jack PJ509BDKTC<\/span><\/a><\/p>","protected":false},"featured_media":14880,"comment_status":"open","ping_status":"closed","template":"","meta":{"om_disable_all_campaigns":false,"_monsterinsights_skip_tracking":false,"_monsterinsights_sitenote_active":false,"_monsterinsights_sitenote_note":"","_monsterinsights_sitenote_category":0},"product_brand":[],"product_cat":[42,88],"product_tag":[89],"class_list":{"0":"post-14879","1":"product","2":"type-product","3":"status-publish","4":"has-post-thumbnail","6":"product_cat-epp","7":"product_cat-zapatos-seguridad","8":"product_tag-calzado-seguridad","11":"instock","12":"shipping-taxable","13":"product-type-simple"},"aioseo_notices":[],"_links":{"self":[{"href":"https:\/\/cleh.cl\/en\/wp-json\/wp\/v2\/product\/14879","targetHints":{"allow":["GET"]}}],"collection":[{"href":"https:\/\/cleh.cl\/en\/wp-json\/wp\/v2\/product"}],"about":[{"href":"https:\/\/cleh.cl\/en\/wp-json\/wp\/v2\/types\/product"}],"replies":[{"embeddable":true,"href":"https:\/\/cleh.cl\/en\/wp-json\/wp\/v2\/comments?post=14879"}],"version-history":[{"count":1,"href":"https:\/\/cleh.cl\/en\/wp-json\/wp\/v2\/product\/14879\/revisions"}],"predecessor-version":[{"id":14881,"href":"https:\/\/cleh.cl\/en\/wp-json\/wp\/v2\/product\/14879\/revisions\/14881"}],"wp:featuredmedia":[{"embeddable":true,"href":"https:\/\/cleh.cl\/en\/wp-json\/wp\/v2\/media\/14880"}],"wp:attachment":[{"href":"https:\/\/cleh.cl\/en\/wp-json\/wp\/v2\/media?parent=14879"}],"wp:term":[{"taxonomy":"product_brand","embeddable":true,"href":"https:\/\/cleh.cl\/en\/wp-json\/wp\/v2\/product_brand?post=14879"},{"taxonomy":"product_cat","embeddable":true,"href":"https:\/\/cleh.cl\/en\/wp-json\/wp\/v2\/product_cat?post=14879"},{"taxonomy":"product_tag","embeddable":true,"href":"https:\/\/cleh.cl\/en\/wp-json\/wp\/v2\/product_tag?post=14879"}],"curies":[{"name":"wp","href":"https:\/\/api.w.org\/{rel}","templated":true}]}}