{"id":14882,"date":"2025-08-28T15:34:11","date_gmt":"2025-08-28T15:34:11","guid":{"rendered":"https:\/\/cleh.cl\/?post_type=product&#038;p=14882"},"modified":"2025-11-19T19:27:30","modified_gmt":"2025-11-19T19:27:30","slug":"botin-panama-jack-pj514adkcw-2","status":"publish","type":"product","link":"https:\/\/cleh.cl\/en\/product\/botin-panama-jack-pj514adkcw-2\/","title":{"rendered":"Botin Panama Jack PJ514ADKCW"},"content":{"rendered":"<h2 style=\"text-align: center;\">Bot\u00edn Panama Jack PJ514ADKCW<\/h2>\n<p>&nbsp;<\/p>\n<p>&nbsp;<\/p>\n<p>construcci\u00f3n: Cementado<\/p>\n<p>Aparado: Cuero nobuck azul<\/p>\n<p>Forro: Membrana Waterproof, acolchado de alto confort y membrana thinsulate 200gr.<\/p>\n<p>Suplente: Tela Waterproof y Napa Acolchada<\/p>\n<p>Planta: Caucho Acrilo Nitrilo\/Eva aislante el\u00e9ctrico, resistente a hidrocarburos y con &#8220;Anti-Torsion System&#8221;<\/p>\n<p>Puntera: Composite<\/p>\n<p>Contrafuerte: Termopl\u00e1stico Cementado<\/p>\n<p>Plantilla interior: Anat\u00f3mica intercambiable de alto confort poliuretano conformada en tela y con shock-absorber<\/p>\n<p>Plantilla de armado: Plantilla de kevlar (poliamida sintetizada) de alta resistencia a la penetracion, certificado segun NCh 1797.<\/p>\n<p>Ganchos: Pol\u00edmero de alta resistencia<\/p>\n<p>Cordones: Poliamida bicolor con reflectantes<\/p>\n<p>Numeraci\u00f3n disponible: 38 al 48<\/p>\n<p>Certificaci\u00f3n: CESMEC<\/p>\n<p>Color: Azul<\/p>","protected":false},"excerpt":{"rendered":"<p>Bot\u00edn Panama Jack PJ514ADKCW &nbsp; &nbsp; construcci\u00f3n: Cementado Aparado: Cuero nobuck azul Forro: Membrana Waterproof, acolchado de alto confort y membrana thinsulate 200gr. Suplente: Tela Waterproof y Napa Acolchada Planta: Caucho Acrilo Nitrilo\/Eva aislante el\u00e9ctrico, resistente a hidrocarburos y con &#8220;Anti-Torsion System&#8221; Puntera: Composite Contrafuerte: Termopl\u00e1stico Cementado Plantilla interior: Anat\u00f3mica intercambiable de alto confort poliuretano &hellip; <a href=\"https:\/\/cleh.cl\/en\/product\/botin-panama-jack-pj514adkcw-2\/\" class=\"more-link\">Continue reading <span class=\"screen-reader-text\">Botin Panama Jack PJ514ADKCW<\/span><\/a><\/p>","protected":false},"featured_media":14883,"comment_status":"open","ping_status":"closed","template":"","meta":{"om_disable_all_campaigns":false,"_monsterinsights_skip_tracking":false,"_monsterinsights_sitenote_active":false,"_monsterinsights_sitenote_note":"","_monsterinsights_sitenote_category":0},"product_brand":[],"product_cat":[42,88],"product_tag":[89],"class_list":{"0":"post-14882","1":"product","2":"type-product","3":"status-publish","4":"has-post-thumbnail","6":"product_cat-epp","7":"product_cat-zapatos-seguridad","8":"product_tag-calzado-seguridad","11":"instock","12":"shipping-taxable","13":"product-type-simple"},"aioseo_notices":[],"_links":{"self":[{"href":"https:\/\/cleh.cl\/en\/wp-json\/wp\/v2\/product\/14882","targetHints":{"allow":["GET"]}}],"collection":[{"href":"https:\/\/cleh.cl\/en\/wp-json\/wp\/v2\/product"}],"about":[{"href":"https:\/\/cleh.cl\/en\/wp-json\/wp\/v2\/types\/product"}],"replies":[{"embeddable":true,"href":"https:\/\/cleh.cl\/en\/wp-json\/wp\/v2\/comments?post=14882"}],"version-history":[{"count":1,"href":"https:\/\/cleh.cl\/en\/wp-json\/wp\/v2\/product\/14882\/revisions"}],"predecessor-version":[{"id":14884,"href":"https:\/\/cleh.cl\/en\/wp-json\/wp\/v2\/product\/14882\/revisions\/14884"}],"wp:featuredmedia":[{"embeddable":true,"href":"https:\/\/cleh.cl\/en\/wp-json\/wp\/v2\/media\/14883"}],"wp:attachment":[{"href":"https:\/\/cleh.cl\/en\/wp-json\/wp\/v2\/media?parent=14882"}],"wp:term":[{"taxonomy":"product_brand","embeddable":true,"href":"https:\/\/cleh.cl\/en\/wp-json\/wp\/v2\/product_brand?post=14882"},{"taxonomy":"product_cat","embeddable":true,"href":"https:\/\/cleh.cl\/en\/wp-json\/wp\/v2\/product_cat?post=14882"},{"taxonomy":"product_tag","embeddable":true,"href":"https:\/\/cleh.cl\/en\/wp-json\/wp\/v2\/product_tag?post=14882"}],"curies":[{"name":"wp","href":"https:\/\/api.w.org\/{rel}","templated":true}]}}